{"id":1226,"date":"2020-07-19T06:43:45","date_gmt":"2020-07-19T03:43:45","guid":{"rendered":"https:\/\/healing.codes\/blog\/"},"modified":"2025-06-03T16:49:53","modified_gmt":"2025-06-03T13:49:53","slug":"blog","status":"publish","type":"page","link":"https:\/\/healing.codes\/tr\/blog\/","title":{"rendered":"Blog"},"content":{"rendered":"\t\t<div data-elementor-type=\"wp-page\" data-elementor-id=\"1226\" class=\"elementor elementor-1226 elementor-264\" data-elementor-post-type=\"page\">\n\t\t\t\t\t\t<section class=\"elementor-section elementor-top-section elementor-element elementor-element-d4ebef4 elementor-section-height-min-height elementor-section-boxed elementor-section-height-default elementor-section-items-middle\" data-id=\"d4ebef4\" data-element_type=\"section\" data-settings=\"{&quot;background_background&quot;:&quot;classic&quot;}\">\n\t\t\t\t\t\t<div class=\"elementor-container elementor-column-gap-default\">\n\t\t\t\t\t<div class=\"elementor-column elementor-col-100 elementor-top-column elementor-element elementor-element-ca94e63\" data-id=\"ca94e63\" data-element_type=\"column\">\n\t\t\t<div class=\"elementor-widget-wrap elementor-element-populated\">\n\t\t\t\t\t\t<div class=\"elementor-element elementor-element-93d7391 elementor-widget elementor-widget-heading\" data-id=\"93d7391\" data-element_type=\"widget\" data-widget_type=\"heading.default\">\n\t\t\t\t<div class=\"elementor-widget-container\">\n\t\t\t<h1 class=\"elementor-heading-title elementor-size-default\">Ar\u0131nma Blogu<\/h1>\t\t<\/div>\n\t\t\t\t<\/div>\n\t\t\t\t<div class=\"elementor-element elementor-element-c4d9293 elementor-widget elementor-widget-heading\" data-id=\"c4d9293\" data-element_type=\"widget\" data-widget_type=\"heading.default\">\n\t\t\t\t<div class=\"elementor-widget-container\">\n\t\t\t<h2 class=\"elementor-heading-title elementor-size-default\">Ar\u0131nma, Enerji, Do\u011fa, Wellness ve Hayat hakk\u0131ndaki d\u00fc\u015f\u00fcncelerim <\/h2>\t\t<\/div>\n\t\t\t\t<\/div>\n\t\t\t\t\t<\/div>\n\t\t<\/div>\n\t\t\t\t\t<\/div>\n\t\t<\/section>\n\t\t\t\t<section class=\"elementor-section elementor-top-section elementor-element elementor-element-05e49e8 elementor-section-boxed elementor-section-height-default elementor-section-height-default\" data-id=\"05e49e8\" data-element_type=\"section\">\n\t\t\t\t\t\t<div class=\"elementor-container elementor-column-gap-default\">\n\t\t\t\t\t<div class=\"elementor-column elementor-col-100 elementor-top-column elementor-element elementor-element-2305890\" data-id=\"2305890\" data-element_type=\"column\">\n\t\t\t<div class=\"elementor-widget-wrap elementor-element-populated\">\n\t\t\t\t\t\t<div class=\"elementor-element elementor-element-3ee0a23 elementor-widget-divider--view-line elementor-widget elementor-widget-divider\" data-id=\"3ee0a23\" data-element_type=\"widget\" data-widget_type=\"divider.default\">\n\t\t\t\t<div class=\"elementor-widget-container\">\n\t\t\t\t\t<div class=\"elementor-divider\">\n\t\t\t<span class=\"elementor-divider-separator\">\n\t\t\t\t\t\t<\/span>\n\t\t<\/div>\n\t\t\t\t<\/div>\n\t\t\t\t<\/div>\n\t\t\t\t<section class=\"elementor-section elementor-inner-section elementor-element elementor-element-9b183f0 elementor-section-content-middle elementor-section-boxed elementor-section-height-default elementor-section-height-default\" data-id=\"9b183f0\" data-element_type=\"section\">\n\t\t\t\t\t\t<div class=\"elementor-container elementor-column-gap-default\">\n\t\t\t\t\t<div class=\"elementor-column elementor-col-33 elementor-inner-column elementor-element elementor-element-48d50dd\" data-id=\"48d50dd\" data-element_type=\"column\">\n\t\t\t<div class=\"elementor-widget-wrap elementor-element-populated\">\n\t\t\t\t\t\t<div class=\"elementor-element elementor-element-80c56aa elementor-widget elementor-widget-image\" data-id=\"80c56aa\" data-element_type=\"widget\" data-widget_type=\"image.default\">\n\t\t\t\t<div class=\"elementor-widget-container\">\n\t\t\t\t\t\t\t\t\t\t\t\t\t<img fetchpriority=\"high\" decoding=\"async\" width=\"300\" height=\"300\" src=\"https:\/\/healing.codes\/wp-content\/uploads\/2020\/07\/Rounded-Basak-Pirtini.jpg\" class=\"attachment-large size-large wp-image-1228\" alt=\"\" srcset=\"https:\/\/healing.codes\/wp-content\/uploads\/2020\/07\/Rounded-Basak-Pirtini.jpg 300w, https:\/\/healing.codes\/wp-content\/uploads\/2020\/07\/Rounded-Basak-Pirtini-150x150.jpg 150w, https:\/\/healing.codes\/wp-content\/uploads\/2020\/07\/Rounded-Basak-Pirtini-100x100.jpg 100w\" sizes=\"(max-width: 300px) 100vw, 300px\" \/>\t\t\t\t\t\t\t\t\t\t\t\t\t<\/div>\n\t\t\t\t<\/div>\n\t\t\t\t\t<\/div>\n\t\t<\/div>\n\t\t\t\t<div class=\"elementor-column elementor-col-66 elementor-inner-column elementor-element elementor-element-9b3b48a\" data-id=\"9b3b48a\" data-element_type=\"column\">\n\t\t\t<div class=\"elementor-widget-wrap elementor-element-populated\">\n\t\t\t\t\t\t<div class=\"elementor-element elementor-element-752f8ad elementor-widget elementor-widget-heading\" data-id=\"752f8ad\" data-element_type=\"widget\" data-widget_type=\"heading.default\">\n\t\t\t\t<div class=\"elementor-widget-container\">\n\t\t\t<h2 class=\"elementor-heading-title elementor-size-default\">Ba\u015fak Pirtini Hakk\u0131nda<\/h2>\t\t<\/div>\n\t\t\t\t<\/div>\n\t\t\t\t<div class=\"elementor-element elementor-element-122571f elementor-widget elementor-widget-text-editor\" data-id=\"122571f\" data-element_type=\"widget\" data-widget_type=\"text-editor.default\">\n\t\t\t\t<div class=\"elementor-widget-container\">\n\t\t\t\t\t\t\t<p><span style=\"font-weight: 400;\">Bo\u011fazi\u00e7i \u00dcniversitesi\u2019nde Kimya e\u011fitimi alan Ba\u015fak Pirtini, 20 y\u0131ldan fazlad\u0131r enerjik ar\u0131nma teknikleri ile ilgilenmektedir. Modern \u015fehirde ekolojik, kimyasals\u0131z, ila\u00e7s\u0131z ya\u015fam konular\u0131nda anneleri bilin\u00e7lendirmek i\u00e7in \u00abDo\u011fal Annelik Yolunda\u00bb kitab\u0131n\u0131 yazm\u0131\u015ft\u0131r. Power Codes seanslar\u0131 ile insanlar\u0131n, hayvanlar\u0131n, do\u011fan\u0131n ve d\u00fcnyan\u0131n \u015fifalanmas\u0131 i\u00e7in \u00e7al\u0131\u015fmaktad\u0131r. \u0130nsanlar\u0131n tam potansiyellerini ya\u015fayabilmeleri i\u00e7in inan\u0131lmaz h\u0131zl\u0131 temizlik sa\u011flayan Power Codes Tekni\u011fini d\u00fcnyaya yaymak i\u00e7in bir s\u00fcredir \u00e7al\u0131\u015fmaktad\u0131r. <\/span><\/p>\n\t\t\t\t\t\t<\/div>\n\t\t\t\t<\/div>\n\t\t\t\t<div class=\"elementor-element elementor-element-677e6e0 elementor-align-left elementor-mobile-align-center elementor-widget elementor-widget-button\" data-id=\"677e6e0\" data-element_type=\"widget\" data-widget_type=\"button.default\">\n\t\t\t\t<div class=\"elementor-widget-container\">\n\t\t\t\t\t\t\t<div class=\"elementor-button-wrapper\">\n\t\t\t\t\t<a class=\"elementor-button elementor-button-link elementor-size-sm elementor-animation-shrink\" href=\"https:\/\/healing.codes\/tr\/basak-pirtini-hakkinda\/\">\n\t\t\t\t\t\t<span class=\"elementor-button-content-wrapper\">\n\t\t\t\t\t\t\t\t\t<span class=\"elementor-button-text\">Daha fazla okuyun <\/span>\n\t\t\t\t\t<\/span>\n\t\t\t\t\t<\/a>\n\t\t\t\t<\/div>\n\t\t\t\t\t\t<\/div>\n\t\t\t\t<\/div>\n\t\t\t\t\t<\/div>\n\t\t<\/div>\n\t\t\t\t\t<\/div>\n\t\t<\/section>\n\t\t\t\t<div class=\"elementor-element elementor-element-b3e8998 elementor-widget-divider--view-line elementor-widget elementor-widget-divider\" data-id=\"b3e8998\" data-element_type=\"widget\" data-widget_type=\"divider.default\">\n\t\t\t\t<div class=\"elementor-widget-container\">\n\t\t\t\t\t<div class=\"elementor-divider\">\n\t\t\t<span class=\"elementor-divider-separator\">\n\t\t\t\t\t\t<\/span>\n\t\t<\/div>\n\t\t\t\t<\/div>\n\t\t\t\t<\/div>\n\t\t\t\t\t<\/div>\n\t\t<\/div>\n\t\t\t\t\t<\/div>\n\t\t<\/section>\n\t\t\t\t<section class=\"elementor-section elementor-top-section elementor-element elementor-element-6a32d2b elementor-section-boxed elementor-section-height-default elementor-section-height-default\" data-id=\"6a32d2b\" data-element_type=\"section\">\n\t\t\t\t\t\t<div class=\"elementor-container elementor-column-gap-default\">\n\t\t\t\t\t<div class=\"elementor-column elementor-col-100 elementor-top-column elementor-element elementor-element-f016705\" data-id=\"f016705\" data-element_type=\"column\">\n\t\t\t<div class=\"elementor-widget-wrap elementor-element-populated\">\n\t\t\t\t\t\t<div class=\"elementor-element elementor-element-f427d0d elementor-widget elementor-widget-heading\" data-id=\"f427d0d\" data-element_type=\"widget\" data-widget_type=\"heading.default\">\n\t\t\t\t<div class=\"elementor-widget-container\">\n\t\t\t<h2 class=\"elementor-heading-title elementor-size-default\">Son Postlar<\/h2>\t\t<\/div>\n\t\t\t\t<\/div>\n\t\t\t\t\t<\/div>\n\t\t<\/div>\n\t\t\t\t\t<\/div>\n\t\t<\/section>\n\t\t\t\t<section class=\"elementor-section elementor-top-section elementor-element elementor-element-84a5584 elementor-section-boxed elementor-section-height-default elementor-section-height-default\" data-id=\"84a5584\" data-element_type=\"section\">\n\t\t\t\t\t\t<div class=\"elementor-container elementor-column-gap-default\">\n\t\t\t\t\t<div class=\"elementor-column elementor-col-100 elementor-top-column elementor-element elementor-element-488aecb\" data-id=\"488aecb\" data-element_type=\"column\">\n\t\t\t<div class=\"elementor-widget-wrap elementor-element-populated\">\n\t\t\t\t\t\t<div class=\"elementor-element elementor-element-3f19488 elementor-widget-divider--view-line elementor-widget elementor-widget-divider\" data-id=\"3f19488\" data-element_type=\"widget\" data-widget_type=\"divider.default\">\n\t\t\t\t<div class=\"elementor-widget-container\">\n\t\t\t\t\t<div class=\"elementor-divider\">\n\t\t\t<span class=\"elementor-divider-separator\">\n\t\t\t\t\t\t<\/span>\n\t\t<\/div>\n\t\t\t\t<\/div>\n\t\t\t\t<\/div>\n\t\t\t\t<div class=\"elementor-element elementor-element-02a8f59 elementor-widget elementor-widget-heading\" data-id=\"02a8f59\" data-element_type=\"widget\" data-widget_type=\"heading.default\">\n\t\t\t\t<div class=\"elementor-widget-container\">\n\t\t\t<h2 class=\"elementor-heading-title elementor-size-default\">G\u00fc\u00e7l\u00fc ar\u0131nma Kodlar\u0131<\/h2>\t\t<\/div>\n\t\t\t\t<\/div>\n\t\t\t\t\t<\/div>\n\t\t<\/div>\n\t\t\t\t\t<\/div>\n\t\t<\/section>\n\t\t\t\t<section class=\"elementor-section elementor-top-section elementor-element elementor-element-1c1e299 elementor-section-boxed elementor-section-height-default elementor-section-height-default\" data-id=\"1c1e299\" data-element_type=\"section\">\n\t\t\t\t\t\t<div class=\"elementor-container elementor-column-gap-default\">\n\t\t\t\t\t<div class=\"elementor-column elementor-col-100 elementor-top-column elementor-element elementor-element-65bb24a\" data-id=\"65bb24a\" data-element_type=\"column\">\n\t\t\t<div class=\"elementor-widget-wrap elementor-element-populated\">\n\t\t\t\t\t\t<div class=\"elementor-element elementor-element-3728ff1 elementor-widget-divider--view-line elementor-widget elementor-widget-divider\" data-id=\"3728ff1\" data-element_type=\"widget\" data-widget_type=\"divider.default\">\n\t\t\t\t<div class=\"elementor-widget-container\">\n\t\t\t\t\t<div class=\"elementor-divider\">\n\t\t\t<span class=\"elementor-divider-separator\">\n\t\t\t\t\t\t<\/span>\n\t\t<\/div>\n\t\t\t\t<\/div>\n\t\t\t\t<\/div>\n\t\t\t\t<div class=\"elementor-element elementor-element-f5f18f1 elementor-widget elementor-widget-heading\" data-id=\"f5f18f1\" data-element_type=\"widget\" data-widget_type=\"heading.default\">\n\t\t\t\t<div class=\"elementor-widget-container\">\n\t\t\t<h2 class=\"elementor-heading-title elementor-size-default\">Yap\u0131land\u0131r\u0131lm\u0131\u015f Su<\/h2>\t\t<\/div>\n\t\t\t\t<\/div>\n\t\t\t\t\t<\/div>\n\t\t<\/div>\n\t\t\t\t\t<\/div>\n\t\t<\/section>\n\t\t\t\t<\/div>\n\t\t","protected":false},"excerpt":{"rendered":"<p>Ar\u0131nma Blogu Ar\u0131nma, Enerji, Do\u011fa, Wellness ve Hayat hakk\u0131ndaki d\u00fc\u015f\u00fcncelerim Ba\u015fak Pirtini Hakk\u0131nda Bo\u011fazi\u00e7i \u00dcniversitesi\u2019nde Kimya e\u011fitimi alan Ba\u015fak Pirtini, 20 y\u0131ldan fazlad\u0131r enerjik ar\u0131nma teknikleri ile ilgilenmektedir. Modern \u015fehirde ekolojik, kimyasals\u0131z, ila\u00e7s\u0131z ya\u015fam konular\u0131nda anneleri bilin\u00e7lendirmek i\u00e7in \u00abDo\u011fal Annelik Yolunda\u00bb kitab\u0131n\u0131 yazm\u0131\u015ft\u0131r. Power Codes seanslar\u0131 ile insanlar\u0131n, hayvanlar\u0131n, do\u011fan\u0131n ve d\u00fcnyan\u0131n \u015fifalanmas\u0131 i\u00e7in \u00e7al\u0131\u015fmaktad\u0131r. [&hellip;]<\/p>\n","protected":false},"author":2,"featured_media":0,"parent":0,"menu_order":0,"comment_status":"closed","ping_status":"closed","template":"","meta":{"footnotes":""},"class_list":["post-1226","page","type-page","status-publish","hentry"],"aioseo_notices":[],"_links":{"self":[{"href":"https:\/\/healing.codes\/tr\/wp-json\/wp\/v2\/pages\/1226","targetHints":{"allow":["GET"]}}],"collection":[{"href":"https:\/\/healing.codes\/tr\/wp-json\/wp\/v2\/pages"}],"about":[{"href":"https:\/\/healing.codes\/tr\/wp-json\/wp\/v2\/types\/page"}],"author":[{"embeddable":true,"href":"https:\/\/healing.codes\/tr\/wp-json\/wp\/v2\/users\/2"}],"replies":[{"embeddable":true,"href":"https:\/\/healing.codes\/tr\/wp-json\/wp\/v2\/comments?post=1226"}],"version-history":[{"count":2,"href":"https:\/\/healing.codes\/tr\/wp-json\/wp\/v2\/pages\/1226\/revisions"}],"predecessor-version":[{"id":6680,"href":"https:\/\/healing.codes\/tr\/wp-json\/wp\/v2\/pages\/1226\/revisions\/6680"}],"wp:attachment":[{"href":"https:\/\/healing.codes\/tr\/wp-json\/wp\/v2\/media?parent=1226"}],"curies":[{"name":"wp","href":"https:\/\/api.w.org\/{rel}","templated":true}]}}