{"id":1435,"date":"2018-02-19T18:57:28","date_gmt":"2018-02-19T15:57:28","guid":{"rendered":"https:\/\/healing.codes\/privacy-policy\/"},"modified":"2020-10-28T20:53:09","modified_gmt":"2020-10-28T17:53:09","slug":"privacy-policy","status":"publish","type":"page","link":"https:\/\/healing.codes\/tr\/privacy-policy\/","title":{"rendered":"Privacy Policy"},"content":{"rendered":"\t\t<div data-elementor-type=\"wp-page\" data-elementor-id=\"1435\" class=\"elementor elementor-1435 elementor-103\" data-elementor-post-type=\"page\">\n\t\t\t\t\t\t<section class=\"elementor-section elementor-top-section elementor-element elementor-element-334d02ed elementor-section-boxed elementor-section-height-default elementor-section-height-default\" data-id=\"334d02ed\" data-element_type=\"section\">\n\t\t\t\t\t\t<div class=\"elementor-container elementor-column-gap-default\">\n\t\t\t\t\t<div class=\"elementor-column elementor-col-100 elementor-top-column elementor-element elementor-element-5dee1ce9\" data-id=\"5dee1ce9\" data-element_type=\"column\">\n\t\t\t<div class=\"elementor-widget-wrap elementor-element-populated\">\n\t\t\t\t\t\t<div class=\"elementor-element elementor-element-b20f16c elementor-widget elementor-widget-heading\" data-id=\"b20f16c\" data-element_type=\"widget\" data-widget_type=\"heading.default\">\n\t\t\t\t<div class=\"elementor-widget-container\">\n\t\t\t<h2 class=\"elementor-heading-title elementor-size-default\">Gizlilik Politikas\u0131<\/h2>\t\t<\/div>\n\t\t\t\t<\/div>\n\t\t\t\t<div class=\"elementor-element elementor-element-43eeb223 elementor-widget elementor-widget-text-editor\" data-id=\"43eeb223\" data-element_type=\"widget\" data-widget_type=\"text-editor.default\">\n\t\t\t\t<div class=\"elementor-widget-container\">\n\t\t\t\t\t\t\t<ul>\n<li style=\"line-height: normal;\"><b>Gizlilik\/Ki\u015fisel Verilerin Korunmas\u0131 Politikas\u0131<\/b><\/li>\n<\/ul>\n<p style=\"margin-bottom: 18.0pt; line-height: 18.75pt; background: white;\">Bu Gizlilik\/Ki\u015fisel Verilerin Korunmas\u0131 Politikas\u0131;<\/p>\n<p style=\"margin-bottom: 18.0pt; text-indent: -18.0pt; line-height: 18.75pt; background: white;\">a.\u00a0\u00a0 <b>\u0130nterpro Bilgi Servisleri A.\u015e.<\/b>\u2019nin online al\u0131\u015fveri\u015f platformu olan <b><i>healing.codes\u2019 <\/i><\/b>un ne t\u00fcr ki\u015fisel veriler toplad\u0131\u011f\u0131n\u0131,<\/p>\n<p style=\"margin-bottom: 18.0pt; text-indent: -18.0pt; line-height: 18.75pt; background: white;\">b.\u00a0\u00a0\u00a0 bu ki\u015fisel verilerin nas\u0131l kullan\u0131ld\u0131\u011f\u0131n\u0131,<\/p>\n<p style=\"margin-bottom: 18.0pt; text-indent: -18.0pt; line-height: 18.75pt; background: white;\">c.\u00a0\u00a0\u00a0\u00a0<b><i>healing.codes <\/i><\/b><b><i>\u2019<\/i><\/b>un ki\u015fisel verileri kimlerle payla\u015fabilece\u011fini,<\/p>\n<p style=\"margin-bottom: 18.0pt; text-indent: -18.0pt; line-height: 18.75pt; background: white;\">d.\u00a0\u00a0\u00a0 <b><i>healing.codes<\/i><\/b><b><i>\u2019<\/i><\/b>un i\u015fledi\u011fi ki\u015fisel verilerin \u00fczerindeki Kullan\u0131c\u0131 haklar\u0131n\u0131n neler oldu\u011funu ve bu haklar\u0131 nas\u0131l kullanabilece\u011fini a\u00e7\u0131klamaktad\u0131r.<\/p>\n<p style=\"margin-bottom: 18.0pt; line-height: 18.75pt; background: white;\"><b><i>healing.codes<\/i><\/b> (Bundan sonra \u201c\u0130nternet Sitesi\u201d olarak an\u0131lacakt\u0131r.) ve <b>\u0130nterpro Bilgi Servisleri A.\u015e.<\/b>, Kullan\u0131c\u0131lar\u2019\u0131n gizlili\u011fini korumak ve kullan\u0131lan teknolojik altyap\u0131dan en \u00fcst seviyede yararlanmas\u0131 ile g\u00fcvenli\u011fin sa\u011flanabilmesi amac\u0131yla \u00e7e\u015fitli gizlilik ilkeleri belirlemi\u015ftir.<\/p>\n<p style=\"margin-bottom: 18.0pt; line-height: 18.75pt; background: white;\">\u0130nternet Sitesi ve <b>\u0130nterpro Bilgi Servisleri A.\u015e.<\/b>, m\u00fc\u015fterilerine daha iyi hizmet verebilmek amac\u0131yla baz\u0131 ki\u015fisel bilgileri (isim, ya\u015f, adres, telefon, e-posta vb.) talep edebilir. Ki\u015fisel bilgiler, ki\u015fi ad\u0131-soyad\u0131, unvan\u0131, adresi, telefon numaras\u0131, e-posta adresi gibi kullan\u0131c\u0131y\u0131 tan\u0131mlamaya ve ileti\u015fim kurmaya y\u00f6nelik her t\u00fcrl\u00fc bilgidir. \u0130nternet Sitesi\u2019ne kay\u0131t yapt\u0131r\u0131p sipari\u015f verebilmek i\u00e7in baz\u0131 ticari \/ kurumsal bilgilerle birlikte, ki\u015fisel bilgilerin de payla\u015f\u0131lmas\u0131 gerekmektedir. \u0130nternet Sitesi\u2019nin veri taban\u0131nda toplanan bu bilgiler, hizmetin ifas\u0131 ve\/veya daha iyi hizmet sunulmas\u0131 i\u00e7in kampanya \u00e7al\u0131\u015fmalar\u0131nda ve\/veya m\u00fc\u015fteri profillerine y\u00f6nelik\u00a0\u00f6zel promosyon olu\u015fturma, fatura teslimat\u0131 gibi faaliyetlerinde kullan\u0131lmaktad\u0131r. \u0130nternet Sitesi \u00fczerindeki faaliyetlerde, 6698 say\u0131l\u0131 Ki\u015fisel Verilerin \u0130\u015flenmesi Hakk\u0131nda Kanun uyar\u0131nca, Kullan\u0131c\u0131lar\u2019a ait ki\u015fisel veriler, mevzuatta \u00f6ng\u00f6r\u00fclen usul ve esaslara uygun olarak \u0130nternet Sitesi \u00fczerinden sa\u011flanan hizmetlerin verilebilmesi i\u00e7in bir s\u00f6zles\u0327menin kurulmas\u0131 veya ifas\u0131yla dog\u0306rudan dog\u0306ruya ilgili olarak, ayr\u0131ca s\u00f6zles\u0327menin taraflar\u0131na ait kis\u0327isel verilerin is\u0327lenmesinin gerekli olmas\u0131 nedeniyle a\u00e7\u0131k r\u0131zan\u0131za gerek bulunmaks\u0131z\u0131n, \u0130nternet Sitesi\u2019nin sahibi olan <b>\u0130nterpro Bilgi Servisleri A.\u015e.<\/b>\u00a0taraf\u0131ndan i\u015flenmektedir.<\/p>\n<p style=\"margin-bottom: 18.0pt; line-height: 18.75pt; background: white;\">Kullan\u0131c\u0131lar\u0131n IP adresleri \u0130nternet Sitesi\u2019ni y\u00f6netmek, Kullan\u0131c\u0131lar\u0131, Kullan\u0131c\u0131lar\u0131n al\u0131\u015fveri\u015f sepetlerini tan\u0131mak ve a\u00e7\u0131k demografik bilgilerini toplamak i\u00e7in kullan\u0131labilir.<\/p>\n<p style=\"margin-bottom: 18.0pt; line-height: 18.75pt; background: white;\">\u0130nternet Sitesi, Kullan\u0131c\u0131lar\u2019dan toplad\u0131\u011f\u0131 bilgileri, ilgili Kullan\u0131c\u0131\u2019n\u0131n haberi ya da aksi bir talimat\u0131 olmaks\u0131z\u0131n, \u00fc\u00e7\u00fcnc\u00fc \u015fah\u0131slarla kesinlikle payla\u015fmamakta, faaliyet d\u0131\u015f\u0131<br \/>hi\u00e7bir nedenle ticari ama\u00e7la kullanmamakta ve de satmamaktad\u0131r.<\/p>\n<p style=\"margin-bottom: 18.0pt; line-height: 18.75pt; background: white;\">\u0130nternet Sitesi, Kullan\u0131c\u0131lar\u2019a ait e-posta adresleri ve \u00fcyelik formlar\u0131 ile talep etti\u011fi ki\u015fisel bilgilerin haricinde, Kullan\u0131c\u0131lar\u2019\u0131n \u0130nternet Sitesi\u2019ni kullan\u0131m\u0131 s\u0131ras\u0131nda izledi\u011fi, ziyaret\u00e7i hareket ve tercihlerini analiz ederek yorumlayabilir.<\/p>\n<p style=\"margin-bottom: 18.0pt; line-height: 18.75pt; background: white;\">Ki\u015fisel bilgiler i\u00e7ermeyen bu istatistiksel veriler, \u0130nternet Sitesi m\u00fc\u015fterilerine daha \u00f6zel ve etkin bir al\u0131\u015fveri\u015f deneyimi ya\u015fatmak amac\u0131yla, \u0130nternet Sitesi ve <b>\u0130nterpro Bilgi Servisleri A.\u015e.<\/b> i\u015f ortaklar\u0131 ile payla\u015f\u0131labilmektedir.<\/p>\n<p style=\"margin-bottom: 18.0pt; line-height: 18.75pt; background: white;\">Kullan\u0131c\u0131 bilgileri, ancak resmi makamlarca usul\u00fc dairesinde bu bilgilerin talep edilmesi halinde ve\u00a0y\u00fcr\u00fcrl\u00fckteki emredici mevzuat h\u00fck\u00fcmleri gere\u011fince, resmi makamlara a\u00e7\u0131klama yapmak zorunda oldu\u011fu durumlarda resmi makamlara a\u00e7\u0131klanmaktad\u0131r. Kullan\u0131c\u0131lar\u2019\u0131n \u0130nternet Sitesi\u2019ne girdi\u011fi t\u00fcm bilgiler sadece Kullan\u0131c\u0131 taraf\u0131ndan de\u011fi\u015ftirilebilmektedir. Bu kapsamda, \u0130nternet Sitesi\u2019ne \u00fcye olurken verilmi\u015f olan ki\u015fisel bilgiler kay\u0131t olduktan sonra de\u011fi\u015ftirebilir,\u00a0yanl\u0131\u015fl\u0131klar\u0131 d\u00fczeltebilir ve gerekli d\u00fczenlemeler yap\u0131larak ileti\u015fim bilgilerinin ve tercihlerin do\u011fru, eksiksiz ve g\u00fcncel olmas\u0131 sa\u011flanabilir.<\/p>\n<p style=\"margin-bottom: 18.0pt; line-height: 18.75pt; background: white;\">\u0130nternet Sitesi \u00fczerinden verilecek sipari\u015fler i\u00e7in Kullan\u0131c\u0131\u2019lardam bir \u00f6deme \u015fekli se\u00e7meleri istenecektir. Kullan\u0131c\u0131 taraf\u0131ndan her ne \u00f6deme y\u00f6ntemi se\u00e7ilirse se\u00e7ilsin,\u00a0 kredi kart\u0131 bilgileri \u0130nternet Sitesi ve\/veya <b>\u0130nterpro Bilgi Servisleri A.\u015e. <\/b>taraf\u0131ndan sunucularda tutulmamaktad\u0131r. Bu kapsamda, \u00f6demeye y\u00f6nelik t\u00fcm\u00a0i\u015flemlerin \u0130nternet Sitesi \u00fczerinden banka ve Kullan\u0131c\u0131 bilgisayar\u0131 aras\u0131nda ger\u00e7ekle\u015fmesi sa\u011flanmaktad\u0131r. \u0130nternet Sitesi \u00fczerinden sat\u0131n alma i\u015flemi ger\u00e7ekle\u015ftirdi\u011finde, i\u015flemi ger\u00e7ekle\u015ftirmek i\u00e7in \u0130nternet Sitesi \u00fczerinden payla\u015f\u0131lan ki\u015fisel bilgiler, kart bilgileri ve benzeri bilgiler, i\u015flemin ger\u00e7ekle\u015ftirilebilmesi i\u00e7in gerekli olan \u00fc\u00e7\u00fcnc\u00fc ki\u015filer (bankalar, kredi kart\u0131 \u015firketleri vb.) ile payla\u015f\u0131labilir. Ki\u015fisel bilgilerin tamam\u0131 veya bir k\u0131sm\u0131\u00a0da, sat\u0131n al\u0131nan \u00fcr\u00fcn\u00fcn g\u00f6nderilebilmesi i\u00e7in kargo firmas\u0131 ile payla\u015f\u0131labilir.<\/p>\n<p style=\"margin-bottom: 18.0pt; line-height: 18.75pt; background: white;\">Ki\u015fisel bilgiler ayr\u0131ca \u0130nternet Sitesi\u2019nin kullan\u0131m\u0131n\u0131 geli\u015ftirmek, hizmetleri, i\u00e7eri\u011fi ve reklamlar\u0131 tasarlamak, sunmak amac\u0131yla ve m\u00fc\u015fteri ileti\u015fimini geli\u015ftirmek i\u00e7in<br \/>denetim, veri analizi ve ara\u015ft\u0131rma gibi ama\u00e7larla kullan\u0131labilir. Ki\u015fisel bilgilerin \u00e7al\u0131\u015fanlarla veya \u00fc\u00e7\u00fcnc\u00fc partilerle sipari\u015fin iletilme a\u015famalar\u0131n\u0131n herhangi birinde payla\u015f\u0131labilece\u011fi gibi sipari\u015f hakk\u0131ndaki mesajlar, kurallar, ko\u015fullar ve politikalardaki de\u011fi\u015fiklikler gibi \u00f6nemli uyar\u0131lar\u0131 g\u00f6ndermek i\u00e7in kullan\u0131labilecektir. Herhangi bir bireyle do\u011frudan ili\u015fkisi olmayan veriler\u00a0niteli\u011findeki ki\u015fisel olmayan bilgiler de toplanabilmektedir. Ki\u015fisel olmayan bilgiler herhangi bir ama\u00e7 i\u00e7in toplan\u0131labilir, aktar\u0131labilir, kullan\u0131labilir\u00a0ve a\u00e7\u0131klanabilir. \u00d6rne\u011fin sipari\u015fler ile ilgili \u00f6deme \u015fekli, sipari\u015f detaylar\u0131, sipari\u015f tutar\u0131, kullan\u0131lan indirim kuponlar\u0131 gibi bilgiler ki\u015fisel olmayan bilgilerdir. Bu bilgiler, <b>\u0130nterpro Bilgi Servisleri A.\u015e. <\/b>\u00e7al\u0131\u015fanlar\u0131 ile veya ilgili \u00fc\u00e7\u00fcnc\u00fc partilerle sipari\u015fin iletilme a\u015famalar\u0131ndan herhangi birinde payla\u015f\u0131labilir veya \u0130nternet Sitesi kullan\u0131m analizinde ve deste\u011finde kullan\u0131labilir.<\/p>\n<p style=\"margin-bottom: 18.0pt; line-height: 18.75pt; background: white;\">\u0130nternet Sitesi\u2019nden ve <b>\u0130nterpro Bilgi Servisleri A.\u015e. <\/b>taraf\u0131ndan saplanan hizmetlerden m\u00fc\u015fteri faaliyetlerine ili\u015fkin bilgiler toplanabilmektedir. \u0130nternet Sitesi\u2019nde dola\u015f\u0131lan sayfalar, t\u0131klanan buton ve ba\u011flant\u0131lara ili\u015fkin navigasyon ve t\u0131klama bilgileri, IP bilgileri, kullan\u0131m s\u00fcreleri m\u00fc\u015fteri faaliyetlerine \u00f6rnek olarak g\u00f6sterilebilir. Bu bilgiler bir araya getirilerek m\u00fc\u015fterilere daha faydal\u0131\u00a0bilgiler sa\u011flamak ve analiz i\u00e7in kullan\u0131labilir. \u0130\u015fbu Gizlilik Politikas\u0131 bak\u0131m\u0131ndan ki\u015fisel olmayan bilgi olarak de\u011ferlendirilmeyen bu bilgiler, reklam ve pazarlama hizmetlerinde kullanabilecektir. \u0130nternet Sitesi, kanunen daha uzun bir saklama s\u00fcresi gerekmedi\u011fi veya m\u00fcsaade edilmedi\u011fi s\u00fcrece ki\u015fisel bilgileri i\u015fbu Gizlilik Politikas\u0131\u2019nda belirtilen ama\u00e7lar\u0131 ger\u00e7ekle\u015ftirmek i\u00e7in\u00a0kanunen ge\u00e7erli olan s\u00fcre boyunca saklamaktad\u0131r.<\/p>\n<p style=\"margin-bottom: 18.0pt; line-height: 18.75pt; background: white;\">\u0130nternet Sitesi, \u00e7evrimi\u00e7i servisleri, interaktif\u00a0 uygulamalar\u0131, e-posta mesajlar\u0131 ve reklamlar\u0131, \u00e7erezleri\u00a0(cookie) ve di\u011fer teknolojileri kullanabilir. Bu teknolojiler size en kaliteli hizmeti sa\u011flamak, davran\u0131\u015flar\u0131n\u0131z\u0131 daha iyi anlamak ve hizmetlerimizi daha kolay sunmak amac\u0131yla kullan\u0131lmaktad\u0131r. \u00c7erezler ve di\u011fer teknolojiler \u0130nternet<br \/>Sitesi\u2019ni ziyaret etti\u011finiz zaman ki\u015fisel bilgilerinizi an\u0131msat\u0131r. Bununla amac\u0131m\u0131z size kullan\u0131m kolayl\u0131\u011f\u0131 sa\u011flamak, vermi\u015f oldu\u011funuz sipari\u015flere ula\u015fabilmenizi sa\u011flamak ve bir sonraki ziyaretinizde sizi ve ki\u015fisel\u00a0bilgilerinizi an\u0131msayarak size daha \u00f6zel bir hizmet sunabilmektir. \u00c7erezleri bilgisayar\u0131n\u0131zdan diledi\u011finiz zaman silebilir ya da engelleyebilirsiniz. \u00c7erezler, kullan\u0131c\u0131 davran\u0131\u015flar\u0131n\u0131 anlamak, \u00fcyelerimizin \u0130nternet Sitesi\u2019nin hangi b\u00f6l\u00fcmlerini ziyaret ettiklerini g\u00f6stermekte reklamlar\u0131n ve aramalar\u0131n etkinli\u011fini \u00f6l\u00e7mektedir. \u015eans Bas\u0131m San.ve Tic. A.\u015e., bu bilgileri pazarlama ve reklam hizmetlerinde de kullanabilir.<\/p>\n<p style=\"margin-bottom: 18.0pt; line-height: 18.75pt; background: white;\">\u0130nternet Sitesi i\u00e7eri\u011finde ve <b>\u0130nterpro Bilgi Servisleri A.\u015e.<\/b>\u2019ye ait olmayan ba\u015fkaca internet sitelerine ba\u011flant\u0131 veya referans yer alabilir. E\u011fer Kullan\u0131c\u0131lar \u0130nternet<br \/>Sitesi \u00fczerinden ba\u015fka bir kullan\u0131c\u0131yla ya da \u00fc\u00e7\u00fcnc\u00fc taraflar\u0131n ba\u011flant\u0131lar\u0131n\u0131 (link\u2019lerini) kullanarak \u00fc\u00e7\u00fcnc\u00fc ki\u015filere ait internet siteleri ile bilgilerini payla\u015f\u0131rlarsa, bu internet sitelerine sa\u011flanacak bilgiler i\u00e7in farkl\u0131 gizlilik\u00a0politikalar\u0131 ge\u00e7erli olabilir. \u0130nternet Sitesi ve <b>\u0130nterpro Bilgi Servisleri A.\u015e.<\/b>, bu sitelerin i\u00e7erikleri veya i\u00e7erdikleri di\u011fer ba\u011flant\u0131lardan sorumlu de\u011fildir.<\/p>\n<p style=\"margin-bottom: 18.0pt; line-height: 18.75pt; background: white;\">6698 say\u0131l\u0131 Ki\u015fisel Verilerin \u0130\u015flenmesi Hakk\u0131nda Kanun uyar\u0131nca, Kullan\u0131c\u0131lar, \u0130nternet Sitesi\u2019ne \u00fcye olmalar\u0131 sebebiyle; kis\u0327isel verilerinin is\u0327lenip is\u0327lenmedig\u0306ini ve kis\u0327isel verilerinin is\u0327lenme amac\u0131n\u0131 ve bunlar\u0131n amac\u0131na uygun kullan\u0131l\u0131p kullan\u0131lmad\u0131g\u0306\u0131n\u0131 o\u0308g\u0306renme, yurt i\u00e7inde veya yurt d\u0131\u015f\u0131nda aktar\u0131ld\u0131\u011f\u0131 \u00fc\u00e7\u00fcnc\u00fc ki\u015fileri bilme ve bu konularda <b><i>healing@heading.codes<\/i><\/b> e-posta adresi vas\u0131tas\u0131 ile bilgi talep etme; ki\u015fisel verilerine ili\u015fkin herhangi bir eksiklik veya yanl\u0131\u015fl\u0131k bulunmas\u0131 halinde bu yanl\u0131\u015fl\u0131\u011f\u0131n giderilmesini isteme; ki\u015fisel verilerin silinmesini veya yok edilmesini isteme ve bu durumun ki\u015fisel verilerin aktar\u0131ld\u0131\u011f\u0131 \u00fc\u00e7\u00fcnc\u00fc ki\u015filere de bildirilmesini talep etme haklar\u0131n\u0131 haizdir.<\/p>\n<p style=\"margin-bottom: 18.0pt; line-height: 18.75pt; background: white;\"><b>\u0130nterpro Bilgi Servisleri A.\u015e.<\/b>, i\u015fbu gizlilik politikas\u0131 h\u00fck\u00fcmlerini, diledi\u011fi zaman \u0130nternet Sitesi\u2019nde yay\u0131nlamak suretiyle tek tarafl\u0131 olarak de\u011fi\u015ftirebilir. De\u011fi\u015ftirilen gizlilik politikas\u0131 h\u00fck\u00fcmleri, \u0130nternet Sitesi\u2019nde yay\u0131nland\u0131\u011f\u0131 tarihte y\u00fcr\u00fcrl\u00fc\u011fe girer.<\/p>\n<p style=\"margin-bottom: 18.0pt; line-height: 18.75pt; background: white;\"><b>\u0130nterpro Bilgi Servisleri A.\u015e.<\/b> taraf\u0131ndan atanacak Veri Sorumlusu veya temsilcisi, yasal altyap\u0131 sa\u011fland\u0131\u011f\u0131nda Veri Sorumlular\u0131 Sicili\u2019nde ilan edilerek mevzuata uygun \u015fekilde <b><i>healing.codes <\/i><\/b>alan adl\u0131 internet sitesinden duyurulacakt\u0131r.<\/p>\n\t\t\t\t\t\t<\/div>\n\t\t\t\t<\/div>\n\t\t\t\t\t<\/div>\n\t\t<\/div>\n\t\t\t\t\t<\/div>\n\t\t<\/section>\n\t\t\t\t<\/div>\n\t\t","protected":false},"excerpt":{"rendered":"<p>Gizlilik Politikas\u0131 Gizlilik\/Ki\u015fisel Verilerin Korunmas\u0131 Politikas\u0131 Bu Gizlilik\/Ki\u015fisel Verilerin Korunmas\u0131 Politikas\u0131; a.\u00a0\u00a0 \u0130nterpro Bilgi Servisleri A.\u015e.\u2019nin online al\u0131\u015fveri\u015f platformu olan healing.codes\u2019 un ne t\u00fcr ki\u015fisel veriler toplad\u0131\u011f\u0131n\u0131, b.\u00a0\u00a0\u00a0 bu ki\u015fisel verilerin nas\u0131l kullan\u0131ld\u0131\u011f\u0131n\u0131, c.\u00a0\u00a0\u00a0\u00a0healing.codes \u2019un ki\u015fisel verileri kimlerle payla\u015fabilece\u011fini, d.\u00a0\u00a0\u00a0 healing.codes\u2019un i\u015fledi\u011fi ki\u015fisel verilerin \u00fczerindeki Kullan\u0131c\u0131 haklar\u0131n\u0131n neler oldu\u011funu ve bu haklar\u0131 nas\u0131l kullanabilece\u011fini a\u00e7\u0131klamaktad\u0131r. [&hellip;]<\/p>\n","protected":false},"author":1,"featured_media":0,"parent":0,"menu_order":0,"comment_status":"closed","ping_status":"closed","template":"","meta":{"footnotes":""},"class_list":["post-1435","page","type-page","status-publish","hentry"],"aioseo_notices":[],"_links":{"self":[{"href":"https:\/\/healing.codes\/tr\/wp-json\/wp\/v2\/pages\/1435","targetHints":{"allow":["GET"]}}],"collection":[{"href":"https:\/\/healing.codes\/tr\/wp-json\/wp\/v2\/pages"}],"about":[{"href":"https:\/\/healing.codes\/tr\/wp-json\/wp\/v2\/types\/page"}],"author":[{"embeddable":true,"href":"https:\/\/healing.codes\/tr\/wp-json\/wp\/v2\/users\/1"}],"replies":[{"embeddable":true,"href":"https:\/\/healing.codes\/tr\/wp-json\/wp\/v2\/comments?post=1435"}],"version-history":[{"count":0,"href":"https:\/\/healing.codes\/tr\/wp-json\/wp\/v2\/pages\/1435\/revisions"}],"wp:attachment":[{"href":"https:\/\/healing.codes\/tr\/wp-json\/wp\/v2\/media?parent=1435"}],"curies":[{"name":"wp","href":"https:\/\/api.w.org\/{rel}","templated":true}]}}