{"id":1456,"date":"2020-08-01T01:12:46","date_gmt":"2020-07-31T22:12:46","guid":{"rendered":"https:\/\/healing.codes\/iptal-ve-iade-kosullari\/"},"modified":"2021-02-06T03:36:55","modified_gmt":"2021-02-06T00:36:55","slug":"iptal-ve-iade-kosullari","status":"publish","type":"page","link":"https:\/\/healing.codes\/tr\/iptal-ve-iade-kosullari\/","title":{"rendered":"\u0130ptal ve \u0130ade Ko\u015fullar\u0131"},"content":{"rendered":"\t\t<div data-elementor-type=\"wp-page\" data-elementor-id=\"1456\" class=\"elementor elementor-1456 elementor-539\" data-elementor-post-type=\"page\">\n\t\t\t\t\t\t<section class=\"elementor-section elementor-top-section elementor-element elementor-element-179fd7b elementor-section-boxed elementor-section-height-default elementor-section-height-default\" data-id=\"179fd7b\" data-element_type=\"section\">\n\t\t\t\t\t\t<div class=\"elementor-container elementor-column-gap-default\">\n\t\t\t\t\t<div class=\"elementor-column elementor-col-100 elementor-top-column elementor-element elementor-element-07b75fc\" data-id=\"07b75fc\" data-element_type=\"column\">\n\t\t\t<div class=\"elementor-widget-wrap elementor-element-populated\">\n\t\t\t\t\t\t<div class=\"elementor-element elementor-element-ed9463f elementor-widget elementor-widget-heading\" data-id=\"ed9463f\" data-element_type=\"widget\" data-widget_type=\"heading.default\">\n\t\t\t\t<div class=\"elementor-widget-container\">\n\t\t\t<h2 class=\"elementor-heading-title elementor-size-default\">\u0130ptal ve \u0130ade Ko\u015fullar\u0131<\/h2>\t\t<\/div>\n\t\t\t\t<\/div>\n\t\t\t\t<div class=\"elementor-element elementor-element-e41c981 elementor-widget elementor-widget-text-editor\" data-id=\"e41c981\" data-element_type=\"widget\" data-widget_type=\"text-editor.default\">\n\t\t\t\t<div class=\"elementor-widget-container\">\n\t\t\t\t\t\t\t<p><strong>Kargo<\/strong><br \/>\nHafta i\u00e7i verilen t\u00fcm sipari\u015fleriniz, healing.codes sto\u011funda mevcut olmas\u0131 halinde, anla\u015fmal\u0131 kargo ile g\u00f6nderilir. Kargo, T\u00fcrkiye&#8217;nin her yeri i\u00e7in ge\u00e7erlidir. Kargoya teslim edilme s\u00fcresi 2-3 g\u00fcn aras\u0131ndad\u0131r. Kargo bilgileri taraf\u0131n\u0131za verilir. Bulundu\u011funuz lokasyona ba\u011fl\u0131 olarak, kargo teslimat\u0131ndan 3-4 g\u00fcn sonra paketiniz elinize ula\u015f\u0131r. Kargo masraf\u0131 healing.codes sitesinde belirtildi\u011fi \u015fekildedir.<\/p>\n<p><strong>\u0130ade ve De\u011fi\u015fim<\/strong><\/p>\n<p>14 i\u015f g\u00fcn\u00fc i\u00e7inde, hi\u00e7bir soru sormadan, iade i\u015flemini ger\u00e7ekle\u015ftiriyoruz.<\/p>\n<p>\u0130ade \u015fartlar\u0131:<\/p>\n<p>-Kitaplar\u0131n iadesi yoktur.<\/p>\n<p>&#8211; \u00dcr\u00fcn a\u00e7\u0131lmam\u0131\u015f ve kullan\u0131lmam\u0131\u015f olmal\u0131.<\/p>\n<p>&#8211; \u0130ade ta\u015f\u0131ma\/kargo masraflar\u0131 m\u00fc\u015fteriye aittir.<\/p>\n<p>&#8211; \u0130adelerinizi merkez adresimize yollay\u0131n\u0131z.<\/p>\n<p>&#8211; Bize yanl\u0131\u015f verilen teslim adresleri ile ilgili sorumlu tutulamay\u0131z.<\/p>\n<p>&#8211; healing.codes, m\u00fc\u015fteri taraf\u0131ndan kaynaklanan zararlarda iade almama hakk\u0131n\u0131 sakl\u0131 tutar.<\/p>\n<p>&#8211; L\u00fctfen \u00fcr\u00fcnleri teslim almadan \u00f6nce, kutuyu a\u00e7masan\u0131z bile, hasar g\u00f6r\u00fcp g\u00f6rmedi\u011fini kontrol ederek teslim al\u0131n\u0131z.<\/p>\n<p>&#8211; Hasar g\u00f6rm\u00fc\u015f olarak size gelmi\u015f \u00fcr\u00fcnleri a\u00e7madan foto\u011fraflay\u0131p bize mail at\u0131p iadenizi ger\u00e7ekle\u015ftirebilirsiniz.<\/p>\n<p><strong>\u00a0<\/strong><\/p>\n<p><strong>Dijital \u00dcr\u00fcnler<br \/>\n<\/strong>Sat\u0131n al\u0131n\u0131n, seanslar ve at\u00f6lyeler belirtilen tarihlerden 2 g\u00fcn \u00f6ncesinde kat\u0131l\u0131mdan vazge\u00e7ilmesi durumunda, healing.codes sitesinde belirtilen ileti\u015fim kanallar\u0131 \u00fcst\u00fcnden bildirilmesi durumunda \u00fccreti geri iade edilir. Ayn\u0131 g\u00fcn ve 1 g\u00fcn \u00f6ncesindeki iptallerde iade yerine ileri bir tarihteki ba\u015fka \u00fcr\u00fcn ile de\u011fi\u015fim yap\u0131l\u0131r. Sat\u0131n al\u0131nan dijital kay\u0131tlar\u0131n geri iadesi yoktur. Programlar, seanslar ve ko\u00e7luk ba\u015flad\u0131ktan sonra \u00fccret iadesi yap\u0131lmaz.<\/p>\n<p>&nbsp;<\/p>\n<p><strong>\u0130ndirimler-Kampanyalar<\/strong><br \/>\nSosyal a\u011flar ve haber b\u00fcltenlerine \u00f6zel indirim kampanyalar\u0131 d\u00fczenlemekteyiz. Bu y\u00fczden bizi sosyal a\u011flar\u0131m\u0131zda takip etmeyi ve haber b\u00fcltenimize kay\u0131t olmay\u0131 unutmay\u0131n!<\/p>\n<p><strong>\u00d6neri ve \u015eikayetler<\/strong><\/p>\n<p>Healing.codes sizlere sundu\u011fu hizmete ve kaliteye b\u00fcy\u00fck yat\u0131r\u0131mlar yapmaktad\u0131r ve y\u00fcz y\u00fcze ileti\u015fime \u00e7ok de\u011fer vermektedir. Bu y\u00fczden herhangi bir \u00f6neriniz varsa bize iletmekten l\u00fctfen \u00e7ekinmeyin.\u00a0Bize mail yolu ile veya telefonla \u00f6nerilerinizi iletebilirsiniz:<\/p>\n<p>e-posta: healing@healing.codes<\/p>\n<p>Whatsap ileti\u015fim hatt\u0131: <a href=\"https:\/\/wa.me\/message\/MHAPADBQ2UORF1\">https:\/\/wa.me\/message\/MHAPADBQ2UORF1<\/a><\/p>\n<p>&nbsp;<\/p>\n<p><strong>\u00c7al\u0131\u015fma Saatleri<\/strong><\/p>\n<p>Hafta i\u00e7i: 09:00 -18:00<\/p>\n\t\t\t\t\t\t<\/div>\n\t\t\t\t<\/div>\n\t\t\t\t\t<\/div>\n\t\t<\/div>\n\t\t\t\t\t<\/div>\n\t\t<\/section>\n\t\t\t\t<\/div>\n\t\t","protected":false},"excerpt":{"rendered":"<p>\u0130ptal ve \u0130ade Ko\u015fullar\u0131 Kargo Hafta i\u00e7i verilen t\u00fcm sipari\u015fleriniz, healing.codes sto\u011funda mevcut olmas\u0131 halinde, anla\u015fmal\u0131 kargo ile g\u00f6nderilir. Kargo, T\u00fcrkiye&#8217;nin her yeri i\u00e7in ge\u00e7erlidir. Kargoya teslim edilme s\u00fcresi 2-3 g\u00fcn aras\u0131ndad\u0131r. Kargo bilgileri taraf\u0131n\u0131za verilir. Bulundu\u011funuz lokasyona ba\u011fl\u0131 olarak, kargo teslimat\u0131ndan 3-4 g\u00fcn sonra paketiniz elinize ula\u015f\u0131r. Kargo masraf\u0131 healing.codes sitesinde belirtildi\u011fi \u015fekildedir. \u0130ade [&hellip;]<\/p>\n","protected":false},"author":2,"featured_media":0,"parent":0,"menu_order":0,"comment_status":"closed","ping_status":"closed","template":"","meta":{"footnotes":""},"class_list":["post-1456","page","type-page","status-publish","hentry"],"aioseo_notices":[],"_links":{"self":[{"href":"https:\/\/healing.codes\/tr\/wp-json\/wp\/v2\/pages\/1456","targetHints":{"allow":["GET"]}}],"collection":[{"href":"https:\/\/healing.codes\/tr\/wp-json\/wp\/v2\/pages"}],"about":[{"href":"https:\/\/healing.codes\/tr\/wp-json\/wp\/v2\/types\/page"}],"author":[{"embeddable":true,"href":"https:\/\/healing.codes\/tr\/wp-json\/wp\/v2\/users\/2"}],"replies":[{"embeddable":true,"href":"https:\/\/healing.codes\/tr\/wp-json\/wp\/v2\/comments?post=1456"}],"version-history":[{"count":0,"href":"https:\/\/healing.codes\/tr\/wp-json\/wp\/v2\/pages\/1456\/revisions"}],"wp:attachment":[{"href":"https:\/\/healing.codes\/tr\/wp-json\/wp\/v2\/media?parent=1456"}],"curies":[{"name":"wp","href":"https:\/\/api.w.org\/{rel}","templated":true}]}}