{"id":1468,"date":"2018-02-19T18:58:01","date_gmt":"2018-02-19T15:58:01","guid":{"rendered":"https:\/\/healing.codes\/hakkimizda\/"},"modified":"2024-10-30T23:52:28","modified_gmt":"2024-10-30T20:52:28","slug":"hakkimizda","status":"publish","type":"page","link":"https:\/\/healing.codes\/tr\/hakkimizda\/","title":{"rendered":"Hakk\u0131m\u0131zda"},"content":{"rendered":"\t\t<div data-elementor-type=\"wp-page\" data-elementor-id=\"1468\" class=\"elementor elementor-1468 elementor-105\" data-elementor-post-type=\"page\">\n\t\t\t\t\t\t<section class=\"elementor-section elementor-top-section elementor-element elementor-element-30da83af elementor-section-boxed elementor-section-height-default elementor-section-height-default\" data-id=\"30da83af\" data-element_type=\"section\">\n\t\t\t\t\t\t<div class=\"elementor-container elementor-column-gap-default\">\n\t\t\t\t\t<div class=\"elementor-column elementor-col-100 elementor-top-column elementor-element elementor-element-4de0e1\" data-id=\"4de0e1\" data-element_type=\"column\">\n\t\t\t<div class=\"elementor-widget-wrap elementor-element-populated\">\n\t\t\t\t\t\t<div class=\"elementor-element elementor-element-3b05a81 elementor-widget elementor-widget-heading\" data-id=\"3b05a81\" data-element_type=\"widget\" data-widget_type=\"heading.default\">\n\t\t\t\t<div class=\"elementor-widget-container\">\n\t\t\t<h2 class=\"elementor-heading-title elementor-size-default\">Hakk\u0131m\u0131zda<\/h2>\t\t<\/div>\n\t\t\t\t<\/div>\n\t\t\t\t<div class=\"elementor-element elementor-element-45b2a492 elementor-widget elementor-widget-text-editor\" data-id=\"45b2a492\" data-element_type=\"widget\" data-widget_type=\"text-editor.default\">\n\t\t\t\t<div class=\"elementor-widget-container\">\n\t\t\t\t\t\t\t\u0130nterpro Bilgi Servisleri A.\u015e., 1994 y\u0131l\u0131nda kurulan, proje y\u00f6netimi ve teknoloji dan\u0131\u015fmanl\u0131\u011f\u0131 odakl\u0131 bir hizmet \u015firketidir. 2013 y\u0131l\u0131nda b\u00fcnyesine katt\u0131\u011f\u0131, uzun y\u0131llard\u0131r know-how ve tecr\u00fcbe edinmi\u015f olan Plaka Tan\u0131ma Sistemi \u00e7\u00f6z\u00fcmleri ile birlikte, kamusal, askeri ve \u00f6zel sekt\u00f6rde ses getirecek ileri teknoloji projelerde faaliyet g\u00f6stermeye devam etmektedir.\r\n\r\n\u0130nterpro Bilgi Servisleri A.\u015e., ayn\u0131 zamanda www.healing.codes adresli websitesi \u00fczerinden 2020 y\u0131l\u0131ndan itibaren \u015firketlere ve bireylere online dan\u0131\u015fmanl\u0131k hizmetleri vermeye ba\u015flam\u0131\u015ft\u0131r.\r\n\r\n\u015eirketimiz genel olarak, g\u00fcvenlik sekt\u00f6r\u00fcne uygun yaz\u0131l\u0131m ve sistemler sunmakta olup, kaliteli, yenilik\u00e7i, modern ve ula\u015f\u0131labilir \u00fcr\u00fcn politikas\u0131ndan \u00f6d\u00fcn vermeden T\u00fcrkiye\u2019nin en g\u00fcvenilir markas\u0131 olmaya devam etmektedir.\r\n\r\n\u0130nterpro Bilgi Servisleri A.\u015e., mevcut \u00fcr\u00fcn portfolyosunu geni\u015fleterek insanlar\u0131n hayat\u0131n\u0131 destekleyen ekolojik \u00fcr\u00fcn ve enerjik \u00e7\u00f6z\u00fcmleri de sunmaktad\u0131r. Sekt\u00f6rdeki tecr\u00fcbelerimizle beraber\r\nm\u00fc\u015fterilerimize hizmet vermekte olup, ilk g\u00fcnk\u00fc heyecanla t\u00fcm bireysel ve kurumsal \u00e7al\u0131\u015fmalar\u0131m\u0131za aral\u0131ks\u0131z devam etmekteyiz.\r\n\r\n<strong>Misyonumuz:\r\n<\/strong>\u015eirketimizin temel misyonu %100 m\u00fc\u015fteri memnuniyetini sa\u011flamak i\u00e7in insan hayat kalitesini art\u0131ran \u00fcr\u00fcnleri t\u00fcm d\u00fcnyaya yaymakt\u0131r.\r\n\r\n<strong>Vizyonumuz:\r\n<\/strong>D\u00fcnyay\u0131 g\u00fcvenli ve daha bilin\u00e7li bir d\u00fczeye \u00e7\u0131karabilmek i\u00e7in kurumlara ve bireylere y\u00fcksek standartlar\u0131 sunabilen, yeni standartlar olu\u015fturabilen, insana ve \u00e7evreye duyarl\u0131 \u00f6nc\u00fc ve lider firmalardan biri olmak.\t\t\t\t\t\t<\/div>\n\t\t\t\t<\/div>\n\t\t\t\t\t<\/div>\n\t\t<\/div>\n\t\t\t\t\t<\/div>\n\t\t<\/section>\n\t\t\t\t<\/div>\n\t\t","protected":false},"excerpt":{"rendered":"<p>Hakk\u0131m\u0131zda \u0130nterpro Bilgi Servisleri A.\u015e., 1994 y\u0131l\u0131nda kurulan, proje y\u00f6netimi ve teknoloji dan\u0131\u015fmanl\u0131\u011f\u0131 odakl\u0131 bir hizmet \u015firketidir. 2013 y\u0131l\u0131nda b\u00fcnyesine katt\u0131\u011f\u0131, uzun y\u0131llard\u0131r know-how ve tecr\u00fcbe edinmi\u015f olan Plaka Tan\u0131ma Sistemi \u00e7\u00f6z\u00fcmleri ile birlikte, kamusal, askeri ve \u00f6zel sekt\u00f6rde ses getirecek ileri teknoloji projelerde faaliyet g\u00f6stermeye devam etmektedir. \u0130nterpro Bilgi Servisleri A.\u015e., ayn\u0131 zamanda www.healing.codes [&hellip;]<\/p>\n","protected":false},"author":1,"featured_media":0,"parent":0,"menu_order":0,"comment_status":"closed","ping_status":"closed","template":"","meta":{"footnotes":""},"class_list":["post-1468","page","type-page","status-publish","hentry"],"aioseo_notices":[],"_links":{"self":[{"href":"https:\/\/healing.codes\/tr\/wp-json\/wp\/v2\/pages\/1468","targetHints":{"allow":["GET"]}}],"collection":[{"href":"https:\/\/healing.codes\/tr\/wp-json\/wp\/v2\/pages"}],"about":[{"href":"https:\/\/healing.codes\/tr\/wp-json\/wp\/v2\/types\/page"}],"author":[{"embeddable":true,"href":"https:\/\/healing.codes\/tr\/wp-json\/wp\/v2\/users\/1"}],"replies":[{"embeddable":true,"href":"https:\/\/healing.codes\/tr\/wp-json\/wp\/v2\/comments?post=1468"}],"version-history":[{"count":2,"href":"https:\/\/healing.codes\/tr\/wp-json\/wp\/v2\/pages\/1468\/revisions"}],"predecessor-version":[{"id":5875,"href":"https:\/\/healing.codes\/tr\/wp-json\/wp\/v2\/pages\/1468\/revisions\/5875"}],"wp:attachment":[{"href":"https:\/\/healing.codes\/tr\/wp-json\/wp\/v2\/media?parent=1468"}],"curies":[{"name":"wp","href":"https:\/\/api.w.org\/{rel}","templated":true}]}}