{"id":2924,"date":"2020-11-19T06:21:21","date_gmt":"2020-11-19T03:21:21","guid":{"rendered":"https:\/\/healing.codes\/?page_id=2924"},"modified":"2024-12-14T02:00:28","modified_gmt":"2024-12-13T23:00:28","slug":"wellness-videolari","status":"publish","type":"page","link":"https:\/\/healing.codes\/tr\/wellness-videolari\/","title":{"rendered":"Wellness Videolar\u0131"},"content":{"rendered":"\t\t<div data-elementor-type=\"wp-page\" data-elementor-id=\"2924\" class=\"elementor elementor-2924 elementor-2923\" data-elementor-post-type=\"page\">\n\t\t\t\t\t\t<section class=\"elementor-section elementor-top-section elementor-element elementor-element-d2144ca elementor-section-height-min-height elementor-section-boxed elementor-section-height-default elementor-section-items-middle\" data-id=\"d2144ca\" data-element_type=\"section\" data-settings=\"{&quot;background_background&quot;:&quot;classic&quot;}\">\n\t\t\t\t\t\t<div class=\"elementor-container elementor-column-gap-default\">\n\t\t\t\t\t<div class=\"elementor-column elementor-col-100 elementor-top-column elementor-element elementor-element-c3642b7\" data-id=\"c3642b7\" data-element_type=\"column\">\n\t\t\t<div class=\"elementor-widget-wrap elementor-element-populated\">\n\t\t\t\t\t\t<div class=\"elementor-element elementor-element-098e063 elementor-widget elementor-widget-heading\" data-id=\"098e063\" data-element_type=\"widget\" data-widget_type=\"heading.default\">\n\t\t\t\t<div class=\"elementor-widget-container\">\n\t\t\t<h1 class=\"elementor-heading-title elementor-size-default\">Hayat De\u011fi\u015ftiren Videolar<\/h1>\t\t<\/div>\n\t\t\t\t<\/div>\n\t\t\t\t<div class=\"elementor-element elementor-element-3e1655e elementor-widget elementor-widget-heading\" data-id=\"3e1655e\" data-element_type=\"widget\" data-widget_type=\"heading.default\">\n\t\t\t\t<div class=\"elementor-widget-container\">\n\t\t\t<h2 class=\"elementor-heading-title elementor-size-default\">Hayat\u0131n\u0131z\u0131 nas\u0131l daha iyi hale getirebilece\u011finizi g\u00f6stermem i\u00e7in beni izleyin<\/h2>\t\t<\/div>\n\t\t\t\t<\/div>\n\t\t\t\t\t<\/div>\n\t\t<\/div>\n\t\t\t\t\t<\/div>\n\t\t<\/section>\n\t\t\t\t<section class=\"elementor-section elementor-top-section elementor-element elementor-element-46a296e elementor-section-boxed elementor-section-height-default elementor-section-height-default\" data-id=\"46a296e\" data-element_type=\"section\">\n\t\t\t\t\t\t<div class=\"elementor-container elementor-column-gap-default\">\n\t\t\t\t\t<div class=\"elementor-column elementor-col-100 elementor-top-column elementor-element elementor-element-aa2cd33\" data-id=\"aa2cd33\" data-element_type=\"column\">\n\t\t\t<div class=\"elementor-widget-wrap elementor-element-populated\">\n\t\t\t\t\t\t<div class=\"elementor-element elementor-element-53bfd17 elementor-widget-divider--view-line elementor-widget elementor-widget-divider\" data-id=\"53bfd17\" data-element_type=\"widget\" data-widget_type=\"divider.default\">\n\t\t\t\t<div class=\"elementor-widget-container\">\n\t\t\t\t\t<div class=\"elementor-divider\">\n\t\t\t<span class=\"elementor-divider-separator\">\n\t\t\t\t\t\t<\/span>\n\t\t<\/div>\n\t\t\t\t<\/div>\n\t\t\t\t<\/div>\n\t\t\t\t<div class=\"elementor-element elementor-element-139341d elementor-widget elementor-widget-heading\" data-id=\"139341d\" data-element_type=\"widget\" data-widget_type=\"heading.default\">\n\t\t\t\t<div class=\"elementor-widget-container\">\n\t\t\t<h2 class=\"elementor-heading-title elementor-size-default\">Wellness<\/h2>\t\t<\/div>\n\t\t\t\t<\/div>\n\t\t\t\t<section class=\"elementor-section elementor-inner-section elementor-element elementor-element-0a35a5a elementor-section-boxed elementor-section-height-default elementor-section-height-default\" data-id=\"0a35a5a\" data-element_type=\"section\">\n\t\t\t\t\t\t<div class=\"elementor-container elementor-column-gap-default\">\n\t\t\t\t\t<div class=\"elementor-column elementor-col-50 elementor-inner-column elementor-element elementor-element-ca81dab\" data-id=\"ca81dab\" data-element_type=\"column\">\n\t\t\t<div class=\"elementor-widget-wrap elementor-element-populated\">\n\t\t\t\t\t\t<div class=\"elementor-element elementor-element-6b21535 elementor-widget elementor-widget-video\" data-id=\"6b21535\" data-element_type=\"widget\" data-settings=\"{&quot;youtube_url&quot;:&quot;https:\\\/\\\/www.youtube.com\\\/watch?v=6PuG3hCfzLI&amp;t=1008s&quot;,&quot;lazy_load&quot;:&quot;yes&quot;,&quot;video_type&quot;:&quot;youtube&quot;,&quot;controls&quot;:&quot;yes&quot;}\" data-widget_type=\"video.default\">\n\t\t\t\t<div class=\"elementor-widget-container\">\n\t\t\t\t\t<div class=\"elementor-wrapper elementor-open-inline\">\n\t\t\t<div class=\"elementor-video\"><\/div>\t\t<\/div>\n\t\t\t\t<\/div>\n\t\t\t\t<\/div>\n\t\t\t\t\t<\/div>\n\t\t<\/div>\n\t\t\t\t<div class=\"elementor-column elementor-col-50 elementor-inner-column elementor-element elementor-element-08b5d75\" data-id=\"08b5d75\" data-element_type=\"column\">\n\t\t\t<div class=\"elementor-widget-wrap elementor-element-populated\">\n\t\t\t\t\t\t<div class=\"elementor-element elementor-element-75ecbe2 elementor-widget elementor-widget-heading\" data-id=\"75ecbe2\" data-element_type=\"widget\" data-widget_type=\"heading.default\">\n\t\t\t\t<div class=\"elementor-widget-container\">\n\t\t\t<h4 class=\"elementor-heading-title elementor-size-default\">Fiziksel Duygusal Zihinsel Enerjik DETOKS nas\u0131l yap\u0131l\u0131r? <\/h4>\t\t<\/div>\n\t\t\t\t<\/div>\n\t\t\t\t<div class=\"elementor-element elementor-element-5409b65 elementor-widget elementor-widget-text-editor\" data-id=\"5409b65\" data-element_type=\"widget\" data-widget_type=\"text-editor.default\">\n\t\t\t\t<div class=\"elementor-widget-container\">\n\t\t\t\t\t\t\t<p>10 y\u0131ld\u0131r do\u011fal ve sa\u011fl\u0131kl\u0131 ya\u015fam konular\u0131nda belediyelerde, festivallerde yapt\u0131\u011f\u0131m fiziksel, duygusal, zihinsel ve enerjik ar\u0131nma hakk\u0131ndaki bilgilerimi bu sunumda bir araya getirdim. Detoks yaparken t\u00fcm bedenlerin temizli\u011fine dikkat etmek gerekir&#8230;.\u00a0<a href=\"https:\/\/www.youtube.com\/watch?v=6PuG3hCfzLI&amp;t=1008s\" target=\"_blank\" rel=\"noopener\">daha fazla oku<\/a><\/p>\n\t\t\t\t\t\t<\/div>\n\t\t\t\t<\/div>\n\t\t\t\t\t<\/div>\n\t\t<\/div>\n\t\t\t\t\t<\/div>\n\t\t<\/section>\n\t\t\t\t<section class=\"elementor-section elementor-inner-section elementor-element elementor-element-51653fa elementor-section-boxed elementor-section-height-default elementor-section-height-default\" data-id=\"51653fa\" data-element_type=\"section\">\n\t\t\t\t\t\t<div class=\"elementor-container elementor-column-gap-default\">\n\t\t\t\t\t<div class=\"elementor-column elementor-col-50 elementor-inner-column elementor-element elementor-element-b0e6f1b\" data-id=\"b0e6f1b\" data-element_type=\"column\">\n\t\t\t<div class=\"elementor-widget-wrap elementor-element-populated\">\n\t\t\t\t\t\t<div class=\"elementor-element elementor-element-4ffbb95 elementor-widget elementor-widget-video\" data-id=\"4ffbb95\" data-element_type=\"widget\" data-settings=\"{&quot;youtube_url&quot;:&quot;https:\\\/\\\/www.youtube.com\\\/watch?v=JtHYHHl1bb0&amp;t=460s&quot;,&quot;lazy_load&quot;:&quot;yes&quot;,&quot;video_type&quot;:&quot;youtube&quot;,&quot;controls&quot;:&quot;yes&quot;}\" data-widget_type=\"video.default\">\n\t\t\t\t<div class=\"elementor-widget-container\">\n\t\t\t\t\t<div class=\"elementor-wrapper elementor-open-inline\">\n\t\t\t<div class=\"elementor-video\"><\/div>\t\t<\/div>\n\t\t\t\t<\/div>\n\t\t\t\t<\/div>\n\t\t\t\t\t<\/div>\n\t\t<\/div>\n\t\t\t\t<div class=\"elementor-column elementor-col-50 elementor-inner-column elementor-element elementor-element-32cadd9\" data-id=\"32cadd9\" data-element_type=\"column\">\n\t\t\t<div class=\"elementor-widget-wrap elementor-element-populated\">\n\t\t\t\t\t\t<div class=\"elementor-element elementor-element-463ab87 elementor-widget elementor-widget-heading\" data-id=\"463ab87\" data-element_type=\"widget\" data-widget_type=\"heading.default\">\n\t\t\t\t<div class=\"elementor-widget-container\">\n\t\t\t<h4 class=\"elementor-heading-title elementor-size-default\">1# Hamilelikte do\u011fal beslenmenin \u00f6nemi<\/h4>\t\t<\/div>\n\t\t\t\t<\/div>\n\t\t\t\t<div class=\"elementor-element elementor-element-d412e14 elementor-widget elementor-widget-text-editor\" data-id=\"d412e14\" data-element_type=\"widget\" data-widget_type=\"text-editor.default\">\n\t\t\t\t<div class=\"elementor-widget-container\">\n\t\t\t\t\t\t\t<p>Her anne sa\u011fl\u0131kl\u0131 bebek d\u00fcnyaya getirmek ister. Bunun i\u00e7in nas\u0131l bir beslenme yapmal\u0131y\u0131z? \u00dc\u00e7 k\u0131z\u0131m\u0131 do\u011fal yollarla sa\u011fl\u0131kl\u0131 olarak d\u00fcnyaya getirmeden uygulad\u0131\u011f\u0131m hamilelikteki beslenme pratiklerim&#8230; <a href=\"https:\/\/www.youtube.com\/watch?v=JtHYHHl1bb0&amp;t=460s\" target=\"_blank\" rel=\"noopener\">daha fazla oku<\/a><\/p>\n\t\t\t\t\t\t<\/div>\n\t\t\t\t<\/div>\n\t\t\t\t\t<\/div>\n\t\t<\/div>\n\t\t\t\t\t<\/div>\n\t\t<\/section>\n\t\t\t\t<section class=\"elementor-section elementor-inner-section elementor-element elementor-element-7b023c5 elementor-section-boxed elementor-section-height-default elementor-section-height-default\" data-id=\"7b023c5\" data-element_type=\"section\">\n\t\t\t\t\t\t<div class=\"elementor-container elementor-column-gap-default\">\n\t\t\t\t\t<div class=\"elementor-column elementor-col-50 elementor-inner-column elementor-element elementor-element-df05254\" data-id=\"df05254\" data-element_type=\"column\">\n\t\t\t<div class=\"elementor-widget-wrap elementor-element-populated\">\n\t\t\t\t\t\t<div class=\"elementor-element elementor-element-daaaf4f elementor-widget elementor-widget-video\" data-id=\"daaaf4f\" data-element_type=\"widget\" data-settings=\"{&quot;youtube_url&quot;:&quot;https:\\\/\\\/www.youtube.com\\\/watch?v=k8hbmt9-Xlg&amp;t=1s&quot;,&quot;lazy_load&quot;:&quot;yes&quot;,&quot;video_type&quot;:&quot;youtube&quot;,&quot;controls&quot;:&quot;yes&quot;}\" data-widget_type=\"video.default\">\n\t\t\t\t<div class=\"elementor-widget-container\">\n\t\t\t\t\t<div class=\"elementor-wrapper elementor-open-inline\">\n\t\t\t<div class=\"elementor-video\"><\/div>\t\t<\/div>\n\t\t\t\t<\/div>\n\t\t\t\t<\/div>\n\t\t\t\t\t<\/div>\n\t\t<\/div>\n\t\t\t\t<div class=\"elementor-column elementor-col-50 elementor-inner-column elementor-element elementor-element-eedbe3d\" data-id=\"eedbe3d\" data-element_type=\"column\">\n\t\t\t<div class=\"elementor-widget-wrap elementor-element-populated\">\n\t\t\t\t\t\t<div class=\"elementor-element elementor-element-2175742 elementor-widget elementor-widget-heading\" data-id=\"2175742\" data-element_type=\"widget\" data-widget_type=\"heading.default\">\n\t\t\t\t<div class=\"elementor-widget-container\">\n\t\t\t<h4 class=\"elementor-heading-title elementor-size-default\">2# DEHB i\u00e7in \u015fekersiz beslenme ve do\u011fal \u00e7ikolata tarifi<\/h4>\t\t<\/div>\n\t\t\t\t<\/div>\n\t\t\t\t<div class=\"elementor-element elementor-element-263d9fd elementor-widget elementor-widget-text-editor\" data-id=\"263d9fd\" data-element_type=\"widget\" data-widget_type=\"text-editor.default\">\n\t\t\t\t<div class=\"elementor-widget-container\">\n\t\t\t\t\t\t\t<p>G\u00fcn\u00fcm\u00fcz \u00e7ocuklar\u0131nda \u00e7ok fazla rastlanmaya ba\u015flanan problemlerin ba\u015f\u0131nda Dikkat Eksikli\u011fi ve Hiperaktivite bozuklu\u011fu geliyor. Rafine \u015fekerin \u00e7ocuklar\u0131n dikkatlerini nas\u0131l etkiledi\u011fi&#8230; <a href=\"https:\/\/www.youtube.com\/watch?v=k8hbmt9-Xlg&amp;t=1s\">daha fazla oku<\/a><\/p>\n\t\t\t\t\t\t<\/div>\n\t\t\t\t<\/div>\n\t\t\t\t\t<\/div>\n\t\t<\/div>\n\t\t\t\t\t<\/div>\n\t\t<\/section>\n\t\t\t\t<section class=\"elementor-section elementor-inner-section elementor-element elementor-element-04deae6 elementor-section-boxed elementor-section-height-default elementor-section-height-default\" data-id=\"04deae6\" data-element_type=\"section\">\n\t\t\t\t\t\t<div class=\"elementor-container elementor-column-gap-default\">\n\t\t\t\t\t<div class=\"elementor-column elementor-col-50 elementor-inner-column elementor-element elementor-element-533d353\" data-id=\"533d353\" data-element_type=\"column\">\n\t\t\t<div class=\"elementor-widget-wrap elementor-element-populated\">\n\t\t\t\t\t\t<div class=\"elementor-element elementor-element-67206a6 elementor-widget elementor-widget-video\" data-id=\"67206a6\" data-element_type=\"widget\" data-settings=\"{&quot;youtube_url&quot;:&quot;https:\\\/\\\/www.youtube.com\\\/watch?v=yOU0YLVeg1c&amp;t=1s&quot;,&quot;lazy_load&quot;:&quot;yes&quot;,&quot;video_type&quot;:&quot;youtube&quot;,&quot;controls&quot;:&quot;yes&quot;}\" data-widget_type=\"video.default\">\n\t\t\t\t<div class=\"elementor-widget-container\">\n\t\t\t\t\t<div class=\"elementor-wrapper elementor-open-inline\">\n\t\t\t<div class=\"elementor-video\"><\/div>\t\t<\/div>\n\t\t\t\t<\/div>\n\t\t\t\t<\/div>\n\t\t\t\t\t<\/div>\n\t\t<\/div>\n\t\t\t\t<div class=\"elementor-column elementor-col-50 elementor-inner-column elementor-element elementor-element-b438130\" data-id=\"b438130\" data-element_type=\"column\">\n\t\t\t<div class=\"elementor-widget-wrap elementor-element-populated\">\n\t\t\t\t\t\t<div class=\"elementor-element elementor-element-d33f2e0 elementor-widget elementor-widget-heading\" data-id=\"d33f2e0\" data-element_type=\"widget\" data-widget_type=\"heading.default\">\n\t\t\t\t<div class=\"elementor-widget-container\">\n\t\t\t<h4 class=\"elementor-heading-title elementor-size-default\">3# Otizmli \u00e7ocuklar nas\u0131l beslenmeli?<\/h4>\t\t<\/div>\n\t\t\t\t<\/div>\n\t\t\t\t<div class=\"elementor-element elementor-element-777b6e2 elementor-widget elementor-widget-text-editor\" data-id=\"777b6e2\" data-element_type=\"widget\" data-widget_type=\"text-editor.default\">\n\t\t\t\t<div class=\"elementor-widget-container\">\n\t\t\t\t\t\t\t<p>Otizm art\u0131k her 30 \u00e7ocuktan birinde g\u00f6r\u00fclmeye ba\u015flad\u0131. Bu sinsi beden dengesizli\u011finin temelinde \u00e7ocuklar\u0131n b\u00fcnyelerinin kald\u0131ramad\u0131klar\u0131 miktarda patojen ve toksin yat\u0131yor&#8230; <a href=\"https:\/\/www.youtube.com\/watch?v=yOU0YLVeg1c&amp;t=1s\">daha fazla oku<\/a><\/p>\n\t\t\t\t\t\t<\/div>\n\t\t\t\t<\/div>\n\t\t\t\t\t<\/div>\n\t\t<\/div>\n\t\t\t\t\t<\/div>\n\t\t<\/section>\n\t\t\t\t<section class=\"elementor-section elementor-inner-section elementor-element elementor-element-9867ece elementor-section-boxed elementor-section-height-default elementor-section-height-default\" data-id=\"9867ece\" data-element_type=\"section\">\n\t\t\t\t\t\t<div class=\"elementor-container elementor-column-gap-default\">\n\t\t\t\t\t<div class=\"elementor-column elementor-col-50 elementor-inner-column elementor-element elementor-element-26a9ff1\" data-id=\"26a9ff1\" data-element_type=\"column\">\n\t\t\t<div class=\"elementor-widget-wrap elementor-element-populated\">\n\t\t\t\t\t\t<div class=\"elementor-element elementor-element-1ce5554 elementor-widget elementor-widget-video\" data-id=\"1ce5554\" data-element_type=\"widget\" data-settings=\"{&quot;youtube_url&quot;:&quot;https:\\\/\\\/www.youtube.com\\\/watch?v=be04t2fohgU&quot;,&quot;lazy_load&quot;:&quot;yes&quot;,&quot;video_type&quot;:&quot;youtube&quot;,&quot;controls&quot;:&quot;yes&quot;}\" data-widget_type=\"video.default\">\n\t\t\t\t<div class=\"elementor-widget-container\">\n\t\t\t\t\t<div class=\"elementor-wrapper elementor-open-inline\">\n\t\t\t<div class=\"elementor-video\"><\/div>\t\t<\/div>\n\t\t\t\t<\/div>\n\t\t\t\t<\/div>\n\t\t\t\t\t<\/div>\n\t\t<\/div>\n\t\t\t\t<div class=\"elementor-column elementor-col-50 elementor-inner-column elementor-element elementor-element-b7431d1\" data-id=\"b7431d1\" data-element_type=\"column\">\n\t\t\t<div class=\"elementor-widget-wrap elementor-element-populated\">\n\t\t\t\t\t\t<div class=\"elementor-element elementor-element-6009259 elementor-widget elementor-widget-heading\" data-id=\"6009259\" data-element_type=\"widget\" data-widget_type=\"heading.default\">\n\t\t\t\t<div class=\"elementor-widget-container\">\n\t\t\t<h4 class=\"elementor-heading-title elementor-size-default\">4# \u00c7ocuklar neden sebze yemeli? sebze keki, ye\u015fil smoothie<\/h4>\t\t<\/div>\n\t\t\t\t<\/div>\n\t\t\t\t<div class=\"elementor-element elementor-element-308429c elementor-widget elementor-widget-text-editor\" data-id=\"308429c\" data-element_type=\"widget\" data-widget_type=\"text-editor.default\">\n\t\t\t\t<div class=\"elementor-widget-container\">\n\t\t\t\t\t\t\t<p>G\u00fcn\u00fcm\u00fcz \u00e7ocuklar\u0131n\u0131n standart amerikan diyeti ve fast food yerine neden daha fazla sebze yemeleri gerekti\u011fini ve bunun sa\u011fl\u0131kl\u0131 \u00e7ocuk yeti\u015ftirmedeki \u00f6nemi&#8230; <a href=\"https:\/\/www.youtube.com\/watch?v=be04t2fohgU\">daha fazla oku<\/a><\/p>\n\t\t\t\t\t\t<\/div>\n\t\t\t\t<\/div>\n\t\t\t\t\t<\/div>\n\t\t<\/div>\n\t\t\t\t\t<\/div>\n\t\t<\/section>\n\t\t\t\t<section class=\"elementor-section elementor-inner-section elementor-element elementor-element-da89176 elementor-section-boxed elementor-section-height-default elementor-section-height-default\" data-id=\"da89176\" data-element_type=\"section\">\n\t\t\t\t\t\t<div class=\"elementor-container elementor-column-gap-default\">\n\t\t\t\t\t<div class=\"elementor-column elementor-col-50 elementor-inner-column elementor-element elementor-element-842bd6a\" data-id=\"842bd6a\" data-element_type=\"column\">\n\t\t\t<div class=\"elementor-widget-wrap elementor-element-populated\">\n\t\t\t\t\t\t<div class=\"elementor-element elementor-element-7698b45 elementor-widget elementor-widget-video\" data-id=\"7698b45\" data-element_type=\"widget\" data-settings=\"{&quot;youtube_url&quot;:&quot;https:\\\/\\\/www.youtube.com\\\/watch?v=9Y1b031FSRk&amp;t=7s&quot;,&quot;lazy_load&quot;:&quot;yes&quot;,&quot;video_type&quot;:&quot;youtube&quot;,&quot;controls&quot;:&quot;yes&quot;}\" data-widget_type=\"video.default\">\n\t\t\t\t<div class=\"elementor-widget-container\">\n\t\t\t\t\t<div class=\"elementor-wrapper elementor-open-inline\">\n\t\t\t<div class=\"elementor-video\"><\/div>\t\t<\/div>\n\t\t\t\t<\/div>\n\t\t\t\t<\/div>\n\t\t\t\t\t<\/div>\n\t\t<\/div>\n\t\t\t\t<div class=\"elementor-column elementor-col-50 elementor-inner-column elementor-element elementor-element-2f754bb\" data-id=\"2f754bb\" data-element_type=\"column\">\n\t\t\t<div class=\"elementor-widget-wrap elementor-element-populated\">\n\t\t\t\t\t\t<div class=\"elementor-element elementor-element-c130b53 elementor-widget elementor-widget-heading\" data-id=\"c130b53\" data-element_type=\"widget\" data-widget_type=\"heading.default\">\n\t\t\t\t<div class=\"elementor-widget-container\">\n\t\t\t<h4 class=\"elementor-heading-title elementor-size-default\">5# \u00c7ocuklarda hastal\u0131k an\u0131nda beslenme nas\u0131l olmal\u0131?<\/h4>\t\t<\/div>\n\t\t\t\t<\/div>\n\t\t\t\t<div class=\"elementor-element elementor-element-75014f3 elementor-widget elementor-widget-text-editor\" data-id=\"75014f3\" data-element_type=\"widget\" data-widget_type=\"text-editor.default\">\n\t\t\t\t<div class=\"elementor-widget-container\">\n\t\t\t\t\t\t\t<p>\u00c7ocu\u011funuzun ate\u015fi \u00e7\u0131kmadan bu videoyu izleyin. 15 y\u0131ld\u0131r kimyasals\u0131z, ila\u00e7s\u0131z bir ya\u015fam s\u00fcrd\u00fcr\u00fcyorum. Hastal\u0131k an\u0131nda \u00e7ocuklardaki iyile\u015fmeyi destekleyen beslenme&#8230; <a href=\"https:\/\/www.youtube.com\/watch?v=9Y1b031FSRk&amp;t=7s\">daha fazla oku<\/a><\/p>\n\t\t\t\t\t\t<\/div>\n\t\t\t\t<\/div>\n\t\t\t\t\t<\/div>\n\t\t<\/div>\n\t\t\t\t\t<\/div>\n\t\t<\/section>\n\t\t\t\t\t<\/div>\n\t\t<\/div>\n\t\t\t\t\t<\/div>\n\t\t<\/section>\n\t\t\t\t<\/div>\n\t\t","protected":false},"excerpt":{"rendered":"<p>Hayat De\u011fi\u015ftiren Videolar Hayat\u0131n\u0131z\u0131 nas\u0131l daha iyi hale getirebilece\u011finizi g\u00f6stermem i\u00e7in beni izleyin Wellness Fiziksel Duygusal Zihinsel Enerjik DETOKS nas\u0131l yap\u0131l\u0131r? 10 y\u0131ld\u0131r do\u011fal ve sa\u011fl\u0131kl\u0131 ya\u015fam konular\u0131nda belediyelerde, festivallerde yapt\u0131\u011f\u0131m fiziksel, duygusal, zihinsel ve enerjik ar\u0131nma hakk\u0131ndaki bilgilerimi bu sunumda bir araya getirdim. Detoks yaparken t\u00fcm bedenlerin temizli\u011fine dikkat etmek gerekir&#8230;.\u00a0daha fazla oku 1# [&hellip;]<\/p>\n","protected":false},"author":2,"featured_media":0,"parent":0,"menu_order":0,"comment_status":"closed","ping_status":"closed","template":"","meta":{"footnotes":""},"class_list":["post-2924","page","type-page","status-publish","hentry"],"aioseo_notices":[],"_links":{"self":[{"href":"https:\/\/healing.codes\/tr\/wp-json\/wp\/v2\/pages\/2924","targetHints":{"allow":["GET"]}}],"collection":[{"href":"https:\/\/healing.codes\/tr\/wp-json\/wp\/v2\/pages"}],"about":[{"href":"https:\/\/healing.codes\/tr\/wp-json\/wp\/v2\/types\/page"}],"author":[{"embeddable":true,"href":"https:\/\/healing.codes\/tr\/wp-json\/wp\/v2\/users\/2"}],"replies":[{"embeddable":true,"href":"https:\/\/healing.codes\/tr\/wp-json\/wp\/v2\/comments?post=2924"}],"version-history":[{"count":2,"href":"https:\/\/healing.codes\/tr\/wp-json\/wp\/v2\/pages\/2924\/revisions"}],"predecessor-version":[{"id":6088,"href":"https:\/\/healing.codes\/tr\/wp-json\/wp\/v2\/pages\/2924\/revisions\/6088"}],"wp:attachment":[{"href":"https:\/\/healing.codes\/tr\/wp-json\/wp\/v2\/media?parent=2924"}],"curies":[{"name":"wp","href":"https:\/\/api.w.org\/{rel}","templated":true}]}}