{"id":1575,"date":"2020-10-27T17:58:39","date_gmt":"2020-10-27T14:58:39","guid":{"rendered":"https:\/\/healing.codes\/urun\/ev-ve-bahce-icin-orijinal-buyuk-su-yapilandirici-arac\/"},"modified":"2024-11-29T17:43:19","modified_gmt":"2024-11-29T14:43:19","slug":"ev-ve-bahce-icin-orijinal-buyuk-su-yapilandirici-arac","status":"publish","type":"product","link":"https:\/\/healing.codes\/tr\/product\/ev-ve-bahce-icin-orijinal-buyuk-su-yapilandirici-arac\/","title":{"rendered":"Ev ve Bah\u00e7e i\u00e7in Orijinal B\u00fcy\u00fck Su Yap\u0131land\u0131r\u0131c\u0131 Ara\u00e7"},"content":{"rendered":"<p>Natural Action Technologies Orijinal B\u00fcy\u00fck Su Yap\u0131land\u0131r\u0131c\u0131 Ara\u00e7 ev ve bah\u00e7e i\u00e7in kullan\u0131labilir.<\/p>\n<ul>\n<li>Su, bu bah\u00e7e \u00fcnitesinden s\u00fcrekli h\u0131zlanan girdaplarda akar ve bitkilerinizin geli\u015fmesi i\u00e7in yap\u0131land\u0131r\u0131lm\u0131\u015f su \u00fcretir.<\/li>\n<li>Yap\u0131land\u0131r\u0131lm\u0131\u015f su daha emilebilirdir ve hayat veren enerji ile doludur, bu da daha h\u0131zl\u0131 b\u00fcy\u00fcme, daha sa\u011flam ve g\u00fc\u00e7l\u00fc bitki b\u00fcy\u00fcmesine neden olur.<\/li>\n<li>Daha g\u00fc\u00e7l\u00fc bitkiler hastal\u0131klara ve b\u00f6ceklere daha dayan\u0131kl\u0131d\u0131r.<\/li>\n<li>Sizler i\u00e7in, bah\u00e7enizdeki t\u00fcm fazla \u00fcr\u00fcnlerle neler yapabilece\u011finizi d\u00fc\u015f\u00fcn\u00fcn.<\/li>\n<li>Su, ara\u00e7dan 100m&#8217;den 300m&#8217;ye kadar yap\u0131land\u0131r\u0131lm\u0131\u015ft\u0131r.<\/li>\n<li>Arac\u0131 ev giri\u015fine tak\u0131n, t\u00fcm ev musluk suyunu yap\u0131land\u0131r\u0131lacakt\u0131r.<\/li>\n<li>Evdeki beyaz e\u015fyalar, yap\u0131land\u0131r\u0131lm\u0131\u015f su sayesinde daha az kalsiyum birikmesi nedeniyle daha uzun \u00f6m\u00fcrl\u00fc olacakt\u0131r.Arac\u0131n Kullan\u0131m Alanlar\u0131:<\/li>\n<li>Bah\u00e7enizi sulamak i\u00e7in.<\/li>\n<li>Ev suyu yap\u0131land\u0131rmas\u0131 i\u00e7in.<\/li>\n<li>Jakuzinizde kullanmak i\u00e7in.<\/li>\n<li>Y\u00fczme havuzu suyunuzu yap\u0131land\u0131rmak i\u00e7in.<\/li>\n<li>Yap\u0131land\u0131r\u0131lm\u0131\u015f Su olu\u015fturmak i\u00e7in karavan\u0131n\u0131zda veya otob\u00fcs tutma tanklar\u0131n\u0131zda kullanmak i\u00e7indir.<\/li>\n<li>Daha sa\u011fl\u0131kl\u0131 \u00e7im i\u00e7in \u00e7im sulama sistemleriyle kullan\u0131m i\u00e7in.<\/li>\n<\/ul>\n","protected":false},"excerpt":{"rendered":"<p>Orijinal B\u00fcy\u00fck B\u00fcy\u00fck Su Yap\u0131land\u0131r\u0131c\u0131 Ev ve Bah\u00e7e Cihaz\u0131 \u00e7ok s\u0131n\u0131rl\u0131 say\u0131da mevcuttur!<\/p>\n<p>Bu, en pop\u00fcler yap\u0131land\u0131r\u0131lm\u0131\u015f su cihaz\u0131d\u0131r. Orijinal ilk \u00fcr\u00fcnlerdir ve art\u0131k \u00fcretilmemektedir. Bu teklif tekrarlanmayacakt\u0131r. Stoklar bitmeden acele edin. Stok bittikten sonra girilen sipari\u015fler kabul edilmeyecektir.<\/p>\n<p>Ev ve Bah\u00e7e i\u00e7in Orijinal B\u00fcy\u00fck Su Yap\u0131land\u0131r\u0131c\u0131 Ara\u00e7 yaln\u0131zca T\u00fcrkiye ve Kuzey K\u0131br\u0131s&#8217;taki bir adrese g\u00f6nderilir. Bu teklif uluslararas\u0131 sat\u0131\u015flar i\u00e7in ge\u00e7erli de\u011fildir.<\/p>\n<p>T\u00fcm fiyatlara kargo ve g\u00fcmr\u00fck vergileri dahildir.<\/p>\n<p>\u00d6zellikleri: 32cm boy, 7cm \u00e7ap, 1.2kg, standart ba\u011flant\u0131 u\u00e7lar\u0131, y\u00fcksek s\u0131cakl\u0131k ve donma derecelerine dayan\u0131kl\u0131 BPA i\u00e7ermeyen mutfak gere\u00e7leri kalitesinde plastikten imal edilmi\u015ftir. NAT \u00fcr\u00fcnlerinin ak\u0131\u015f formu yiyecekleri saklamaya uygun y\u00fcksek yo\u011funlukta polyetilen (HDPE) malzemedir. D\u0131\u015f malzeme olarak yiyecekleri saklamaya uygun akrilonitril b\u00fctadien stiren (ABS) kullan\u0131lm\u0131\u015ft\u0131r.<\/p>\n<p>Ev tipi ara\u00e7lardan s\u0131n\u0131rl\u0131 say\u0131da kalm\u0131\u015ft\u0131r. <strong>Sat\u0131n almak i\u00e7in<\/strong> <a href=\"mailto:healing@healing.codes\" target=\"_blank\" rel=\"noopener\">healing@healing.codes<\/a> adresine e-amil at\u0131n\u0131z.<\/p>\n","protected":false},"featured_media":1590,"comment_status":"open","ping_status":"closed","template":"","meta":[],"product_cat":[77],"product_tag":[],"class_list":{"0":"post-1575","1":"product","2":"type-product","3":"status-publish","4":"has-post-thumbnail","6":"product_cat-yapilandirilmis-su","8":"first","9":"outofstock","10":"purchasable","11":"product-type-simple"},"aioseo_notices":[],"_links":{"self":[{"href":"https:\/\/healing.codes\/tr\/wp-json\/wp\/v2\/product\/1575","targetHints":{"allow":["GET"]}}],"collection":[{"href":"https:\/\/healing.codes\/tr\/wp-json\/wp\/v2\/product"}],"about":[{"href":"https:\/\/healing.codes\/tr\/wp-json\/wp\/v2\/types\/product"}],"replies":[{"embeddable":true,"href":"https:\/\/healing.codes\/tr\/wp-json\/wp\/v2\/comments?post=1575"}],"wp:featuredmedia":[{"embeddable":true,"href":"https:\/\/healing.codes\/tr\/wp-json\/wp\/v2\/media\/1590"}],"wp:attachment":[{"href":"https:\/\/healing.codes\/tr\/wp-json\/wp\/v2\/media?parent=1575"}],"wp:term":[{"taxonomy":"product_cat","embeddable":true,"href":"https:\/\/healing.codes\/tr\/wp-json\/wp\/v2\/product_cat?post=1575"},{"taxonomy":"product_tag","embeddable":true,"href":"https:\/\/healing.codes\/tr\/wp-json\/wp\/v2\/product_tag?post=1575"}],"curies":[{"name":"wp","href":"https:\/\/api.w.org\/{rel}","templated":true}]}}