{"id":1583,"date":"2020-10-19T05:09:58","date_gmt":"2020-10-19T02:09:58","guid":{"rendered":"https:\/\/healing.codes\/urun\/bireysel-seans-3-seans-paketi\/"},"modified":"2026-04-02T00:00:55","modified_gmt":"2026-04-01T21:00:55","slug":"bireysel-seans-3-seans-paketi","status":"publish","type":"product","link":"https:\/\/healing.codes\/tr\/product\/bireysel-seans-3-seans-paketi\/","title":{"rendered":"Bireysel Seans \u2013 3 seans paketi"},"content":{"rendered":"<p>Bireysel seansta uzaktan kinesioloji (kas testi) kullanarak enerji alan\u0131n\u0131zla ba\u011flant\u0131 kurulur ve fiziksel, mental, duygusal ve enerjik bedenlerinizdeki temizlikleri Power Codes \u00fcst\u00fcnden al\u0131rs\u0131n\u0131z.<\/p>\n<p>Bireysel seans teke tek canl\u0131 ve uzaktan yap\u0131lan bir \u00e7al\u0131\u015fmad\u0131r. Bu seans tak\u0131l\u0131 oldu\u011funuz konulardaki enerjik blokajlar\u0131 \u00e7\u00f6zmek i\u00e7indir. Seans say\u0131s\u0131 her ki\u015fiye g\u00f6re de\u011fi\u015fiklik g\u00f6sterir. Etkili sonu\u00e7lar i\u00e7in 3 seans ile ba\u015flamay\u0131 se\u00e7ebilirsiniz.<\/p>\n<p>Bireysel seanslar e-posta, online canl\u0131 videolu g\u00f6r\u00fc\u015fme veya telefonda ileti\u015fim \u015feklinde her iki taraf i\u00e7in ortak ayarlanacak bir g\u00fcnd\u00fcz saatinde ger\u00e7ekle\u015ftirilir.<\/p>\n<p>\u00d6NEML\u0130 UYARI: &#8220;Power Codes seanslar\u0131 ba\u015flad\u0131ktan sonra iade edilmez. Seanslar\u0131 sat\u0131n almadan ve Ba\u015fak Pirtini ile \u00e7al\u0131\u015fmaya ba\u015flamadan \u00d6NCE, onun sizin i\u00e7in do\u011fru uygulay\u0131c\u0131 oldu\u011funa karar vermeniz S\u0130Z\u0130N yarar\u0131n\u0131zad\u0131r.&#8221;<\/p>\n","protected":false},"excerpt":{"rendered":"<ul>\n<li>3 tane 45 dakikal\u0131k bireysel online uzaktan seans ses veya video ile ileti\u015fim i\u00e7erir<\/li>\n<li>E-posta ile seans opsiyonu<\/li>\n<li>Power Codes<\/li>\n<li>Duygu \u015eifresi<\/li>\n<li>Beden \u015eifresi<\/li>\n<li>Kalp Duvar\u0131 temizli\u011fi<\/li>\n<li>Fiziksel, duygusal, zihinsel ve enerjik bedenleri destekler<\/li>\n<\/ul>\n","protected":false},"featured_media":3306,"comment_status":"open","ping_status":"closed","template":"","meta":[],"product_cat":[75,76],"product_tag":[],"class_list":{"0":"post-1583","1":"product","2":"type-product","3":"status-publish","4":"has-post-thumbnail","6":"product_cat-kisisel-sifalanma","7":"product_cat-seanslar","9":"first","10":"instock","11":"virtual","12":"purchasable","13":"product-type-simple"},"aioseo_notices":[],"_links":{"self":[{"href":"https:\/\/healing.codes\/tr\/wp-json\/wp\/v2\/product\/1583","targetHints":{"allow":["GET"]}}],"collection":[{"href":"https:\/\/healing.codes\/tr\/wp-json\/wp\/v2\/product"}],"about":[{"href":"https:\/\/healing.codes\/tr\/wp-json\/wp\/v2\/types\/product"}],"replies":[{"embeddable":true,"href":"https:\/\/healing.codes\/tr\/wp-json\/wp\/v2\/comments?post=1583"}],"wp:featuredmedia":[{"embeddable":true,"href":"https:\/\/healing.codes\/tr\/wp-json\/wp\/v2\/media\/3306"}],"wp:attachment":[{"href":"https:\/\/healing.codes\/tr\/wp-json\/wp\/v2\/media?parent=1583"}],"wp:term":[{"taxonomy":"product_cat","embeddable":true,"href":"https:\/\/healing.codes\/tr\/wp-json\/wp\/v2\/product_cat?post=1583"},{"taxonomy":"product_tag","embeddable":true,"href":"https:\/\/healing.codes\/tr\/wp-json\/wp\/v2\/product_tag?post=1583"}],"curies":[{"name":"wp","href":"https:\/\/api.w.org\/{rel}","templated":true}]}}