{"id":1771,"date":"2020-10-29T13:10:13","date_gmt":"2020-10-29T10:10:13","guid":{"rendered":"https:\/\/healing.codes\/urun\/dogal-annelik-yolunda-kitabim\/"},"modified":"2024-12-12T01:57:04","modified_gmt":"2024-12-11T22:57:04","slug":"dogal-annelik-yolunda-kitabim","status":"publish","type":"product","link":"https:\/\/healing.codes\/tr\/product\/dogal-annelik-yolunda-kitabim\/","title":{"rendered":"&#8220;Do\u011fal Annelik Yolunda&#8221; Kitab\u0131m"},"content":{"rendered":"<p>Hayaliniz nedir? Nas\u0131l bir d\u00fcnyada ya\u015famay\u0131 se\u00e7iyorsunuz?<\/p>\n<p>Do\u011fal Annelik Yolunda kitab\u0131nda hem anneler, hem de ekolojik ya\u015famla ilgili herkes i\u00e7in do\u011fal beslenme, y\u00fcksek ba\u011f\u0131\u015f\u0131kl\u0131k i\u00e7in do\u011fal y\u00f6ntemler, do\u011fal hamilelik, normal do\u011fum, ekolojik ev temizli\u011fi, kendin yap kozmetik ve temizlik re\u00e7eteleri yer almaktad\u0131r.<\/p>\n","protected":false},"excerpt":{"rendered":"<p><strong>Do\u011fal Annelik Yolunda<\/strong><\/p>\n<p style=\"text-align: left;\"><strong>Konu:<\/strong> Do\u011fal Yollarla bebek sahibi olman\u0131n ad\u0131mlar\u0131, yeni anne ve babalara sa\u011fl\u0131kl\u0131 bir bebek do\u011furmak i\u00e7in stratejiler.<\/p>\n<p><strong>Yazar:<\/strong> Ba\u015fak Pirtini, Kimyager, Do\u011fal Anneyim Blogu Yazar\u0131<\/p>\n<p>Hamile kalmak, do\u011furmak ve bu bebe\u011fi yeti\u015ftirmek her kad\u0131n\u0131n hayat\u0131n\u0131n en \u00f6zel deneyimlerinden biridir. Bu k\u00fc\u00e7\u00fck c\u00fcmle, arkas\u0131nda kitaplar, ansiklopediler, bloglar ve say\u0131s\u0131z tavsiye ile birlikte gelir. Ara\u015ft\u0131rd\u0131k\u00e7a, konu\u015ftuk\u00e7a, okuduk\u00e7a insan\u0131n kafas\u0131 iyice kar\u0131\u015f\u0131r.<\/p>\n<p>Bir yol g\u00f6sterici ile \u00f6nce en temel alanlarda anla\u015fmak gerekir. \u00c7ok masum g\u00f6z\u00fcken pek \u00e7ok tavsiye, arkas\u0131nda tuzaklar bar\u0131nd\u0131rabilir.<\/p>\n<p>Yeni \u0130nsan Yay\u0131nevi, ekolojik bak\u0131\u015f a\u00e7\u0131s\u0131yla, do\u011furmaktan, o bebe\u011fi b\u00fcy\u00fctmeye kadar giden yolda, izle\u011fini do\u011fadan, sevgiden ve insandan yana koyar. Ba\u015fak Pirtini ile \u00e7\u0131kaca\u011f\u0131n\u0131z bu yolculuk i\u015fte, bu ekolojik yolun m\u00fcjdecisidir. Do\u011fal Annelik bu serinin ilk kitab\u0131 ve bebe\u011finizi kuca\u011f\u0131n\u0131za ald\u0131ktan sonra ba\u015flayacak ser\u00fcvenin de tam bir ba\u015fucu kayna\u011f\u0131. \u00d6nerilerinin tamam\u0131 denenmi\u015f, \u00f6zenle elden ge\u00e7irilmi\u015f ve pek \u00e7ok dilde ara\u015ft\u0131r\u0131lm\u0131\u015ft\u0131r.<\/p>\n<p>D\u00fcnyan\u0131n y\u00f6neldi\u011fi do\u011fal ebeveynlik ile ayn\u0131 yolu tutan Ba\u015fak Pirtini, uygulamas\u0131 \u00e7ok kolay, sadece \u00f6zen ve sevgi gerektiren pratiklerini usta bir dille kaleme ald\u0131. Zaten onun \u00f6nerileri ile b\u00fcy\u00fcyen bir nesil \u00e7oktan parklarda oynamaya ba\u015flad\u0131 bile.<\/p>\n<p>Bebe\u011finizi kuca\u011f\u0131n\u0131za ald\u0131\u011f\u0131n\u0131zda bir kez daha d\u00fc\u015f\u00fcn\u00fcn. Onu en do\u011fal haliyle b\u00fcy\u00fctmek i\u00e7in ne yapmal\u0131s\u0131n\u0131z? Bunun i\u00e7in neler m\u00fcmk\u00fcn?<\/p>\n<p>Daha fazla okumak i\u00e7in <a href=\"https:\/\/healing.codes\/tr\/basak-pirtini-hakkinda\/\" target=\"_blank\" rel=\"noopener noreferrer\">Ba\u015fak Pirtini sayfama<\/a> bakabilirsiniz.<\/p>\n<p>Bu kitap stokta kalmad\u0131. A\u015fa\u011f\u0131daki linklerden bas\u0131l\u0131, sesli kitap ve e-kitap formatlar\u0131nda temin edebilirsiniz.<br \/>\n(1)\u00a0<a href=\"https:\/\/www.totsandmore.com.tr\/Basak-Pirtini-Dogal-Annelik-Yolunda-Dogum-ve-Hamilelik\" target=\"_blank\" rel=\"noopener\">https:\/\/www.totsandmore.com.tr\/Basak-Pirtini-Dogal-Annelik-Yolunda-Dogum-ve-Hamilelik<\/a><br \/>\n(2)\u00a0<a href=\"https:\/\/www.pandora.com.tr\/kitap\/dogal-annelik-yolunda-dogum-ve-hamilelik\/599834\" target=\"_blank\" rel=\"noopener\">https:\/\/www.pandora.com.tr\/kitap\/dogal-annelik-yolunda-dogum-ve-hamilelik\/599834\u00a0<\/a><br \/>\n(3)<a href=\"https:\/\/www.storytel.com\/tr\/books\/do%C4%9Fal-annelik-yolunda-do%C4%9Fum-ve-hamilelik-1543171\" target=\"_blank\" rel=\"noopener\">\u00a0Storytell sesli kitap<\/a><br \/>\n(4)\u00a0<a href=\"https:\/\/play.google.com\/store\/books\/details?id=KqkmEAAAQBAJ&amp;pli=1\" target=\"_blank\" rel=\"noopener\">E-kitap olarak sat\u0131n alma linki<\/a><\/p>\n","protected":false},"featured_media":1770,"comment_status":"open","ping_status":"closed","template":"","meta":[],"product_cat":[89],"product_tag":[],"class_list":{"0":"post-1771","1":"product","2":"type-product","3":"status-publish","4":"has-post-thumbnail","6":"product_cat-kitaplar","8":"first","9":"outofstock","10":"purchasable","11":"product-type-simple"},"aioseo_notices":[],"_links":{"self":[{"href":"https:\/\/healing.codes\/tr\/wp-json\/wp\/v2\/product\/1771","targetHints":{"allow":["GET"]}}],"collection":[{"href":"https:\/\/healing.codes\/tr\/wp-json\/wp\/v2\/product"}],"about":[{"href":"https:\/\/healing.codes\/tr\/wp-json\/wp\/v2\/types\/product"}],"replies":[{"embeddable":true,"href":"https:\/\/healing.codes\/tr\/wp-json\/wp\/v2\/comments?post=1771"}],"wp:featuredmedia":[{"embeddable":true,"href":"https:\/\/healing.codes\/tr\/wp-json\/wp\/v2\/media\/1770"}],"wp:attachment":[{"href":"https:\/\/healing.codes\/tr\/wp-json\/wp\/v2\/media?parent=1771"}],"wp:term":[{"taxonomy":"product_cat","embeddable":true,"href":"https:\/\/healing.codes\/tr\/wp-json\/wp\/v2\/product_cat?post=1771"},{"taxonomy":"product_tag","embeddable":true,"href":"https:\/\/healing.codes\/tr\/wp-json\/wp\/v2\/product_tag?post=1771"}],"curies":[{"name":"wp","href":"https:\/\/api.w.org\/{rel}","templated":true}]}}