{"id":3318,"date":"2021-01-26T21:29:11","date_gmt":"2021-01-26T18:29:11","guid":{"rendered":"https:\/\/healing.codes\/?post_type=product&#038;p=3318"},"modified":"2026-04-02T00:00:55","modified_gmt":"2026-04-01T21:00:55","slug":"power-codes-aylik-seans","status":"publish","type":"product","link":"https:\/\/healing.codes\/tr\/product\/power-codes-aylik-seans\/","title":{"rendered":"Power Codes Ayl\u0131k Seans \u2013 1 ki\u015fi"},"content":{"rendered":"<p>Ayl\u0131k uzaktan Power Codes seanslar\u0131, fiziksel, mental, duygusal ve enerjik bedenlerinizdeki blokajlar\u0131 temizlemektedir.<\/p>\n<p>Power Codes ayl\u0131k seans\u0131 online canl\u0131 videolu g\u00f6r\u00fc\u015fme veya telefonda ileti\u015fim i\u00e7ermez. Seanslar hakk\u0131nda yaz\u0131l\u0131 mesajlar al\u0131rs\u0131n\u0131z. Haftal\u0131k seanslar bir ay boyunca devam eder.<\/p>\n<p>Tak\u0131l\u0131 oldu\u011funuz konulardaki enerjik blokajlar\u0131 \u00e7\u00f6zmek i\u00e7in bireysel seans almay\u0131 da se\u00e7ebilirsiniz. Bireysel seans say\u0131s\u0131 ki\u015fiye g\u00f6re de\u011fi\u015fiklik g\u00f6sterir. En iyi sonu\u00e7lar i\u00e7in ba\u015flang\u0131\u00e7ta 3 bireysel seans ile ba\u015flayabilirsiniz.<\/p>\n<p>&nbsp;<\/p>\n<p>\u00d6NEML\u0130 UYARI: &#8220;Power Codes seanslar\u0131 ba\u015flad\u0131ktan sonra iade edilmez. Seanslar\u0131 sat\u0131n almadan ve Ba\u015fak Pirtini ile \u00e7al\u0131\u015fmaya ba\u015flamadan \u00d6NCE, onun sizin i\u00e7in do\u011fru uygulay\u0131c\u0131 oldu\u011funa karar vermeniz S\u0130Z\u0130N yarar\u0131n\u0131zad\u0131r.&#8221;<\/p>\n","protected":false},"excerpt":{"rendered":"<ul>\n<li>Yaz\u0131l\u0131 mesajla\u015fma i\u00e7eren bir ki\u015fi i\u00e7in uzaktan seans*<\/li>\n<li>Kutsal geometri prensiplerine dayanan frekans paketleri<\/li>\n<li>Yarat\u0131c\u0131 taraf\u0131ndan aktar\u0131lan Power Codes<\/li>\n<li>Do\u011fal ar\u0131nma g\u00fcc\u00fcn\u00fc a\u00e7\u0131\u011fa \u00e7\u0131kar\u0131r<\/li>\n<li>30 g\u00fcn boyunca s\u00fcrekli destek<\/li>\n<li>Haftada 2 seans<\/li>\n<li>1 ayda toplam 8 seans<\/li>\n<li>Enerjik ar\u0131nmada en y\u00fcksek \u00f6nem s\u0131ras\u0131na g\u00f6re do\u011fal s\u0131ray\u0131 destekler<\/li>\n<li>Kalp duvar\u0131 temizli\u011fi<\/li>\n<li>Fiziksel, duygusal, mental ve enerjik bedenleri destekler<\/li>\n<\/ul>\n<p>*L\u00fctfen kay\u0131t olurken Power Codes seans\u0131n\u0131z\u0131 almak i\u00e7in tam isim soyad\u0131n\u0131z\u0131 belirtin.<\/p>\n<p>1 ayl\u0131k Power Codes Ayl\u0131k seanslar\u0131n\u0131 tamamlad\u0131ktan sonra Power Codes Uygulay\u0131c\u0131 Program\u0131na ba\u015fvurma \u00f6n\u015fart\u0131n\u0131 yerine getirmi\u015f oluyorsunuz. Power Codes Uygulay\u0131c\u0131s\u0131 olmakla ilgileniyorsan\u0131z l\u00fctfen<a href=\"https:\/\/healing.codes\/tr\/power-codes-uygulayici-programi\/\" target=\"_blank\" rel=\"noopener\"> Power Codes Uygulay\u0131c\u0131 Program\u0131<\/a> sayfas\u0131n\u0131 ziyaret ediniz.<\/p>\n","protected":false},"featured_media":3306,"comment_status":"open","ping_status":"closed","template":"","meta":[],"product_cat":[75,76],"product_tag":[],"class_list":{"0":"post-3318","1":"product","2":"type-product","3":"status-publish","4":"has-post-thumbnail","6":"product_cat-kisisel-sifalanma","7":"product_cat-seanslar","9":"first","10":"instock","11":"virtual","12":"purchasable","13":"product-type-simple"},"aioseo_notices":[],"_links":{"self":[{"href":"https:\/\/healing.codes\/tr\/wp-json\/wp\/v2\/product\/3318","targetHints":{"allow":["GET"]}}],"collection":[{"href":"https:\/\/healing.codes\/tr\/wp-json\/wp\/v2\/product"}],"about":[{"href":"https:\/\/healing.codes\/tr\/wp-json\/wp\/v2\/types\/product"}],"replies":[{"embeddable":true,"href":"https:\/\/healing.codes\/tr\/wp-json\/wp\/v2\/comments?post=3318"}],"wp:featuredmedia":[{"embeddable":true,"href":"https:\/\/healing.codes\/tr\/wp-json\/wp\/v2\/media\/3306"}],"wp:attachment":[{"href":"https:\/\/healing.codes\/tr\/wp-json\/wp\/v2\/media?parent=3318"}],"wp:term":[{"taxonomy":"product_cat","embeddable":true,"href":"https:\/\/healing.codes\/tr\/wp-json\/wp\/v2\/product_cat?post=3318"},{"taxonomy":"product_tag","embeddable":true,"href":"https:\/\/healing.codes\/tr\/wp-json\/wp\/v2\/product_tag?post=3318"}],"curies":[{"name":"wp","href":"https:\/\/api.w.org\/{rel}","templated":true}]}}