{"id":3325,"date":"2021-01-27T00:12:05","date_gmt":"2021-01-26T21:12:05","guid":{"rendered":"https:\/\/healing.codes\/product\/power-codes-teknigi\/"},"modified":"2026-04-02T00:00:54","modified_gmt":"2026-04-01T21:00:54","slug":"power-codes-teknigi","status":"publish","type":"product","link":"https:\/\/healing.codes\/tr\/product\/power-codes-teknigi\/","title":{"rendered":"Power Codes Tekni\u011fi Uygulay\u0131c\u0131 Program\u0131-Temel Mod\u00fcl"},"content":{"rendered":"<p>Enerji seanslar\u0131n\u0131z\u0131 en h\u0131zl\u0131 ar\u0131nma tekni\u011fi olan Power Codes ile geli\u015ftirmeye haz\u0131r m\u0131s\u0131n\u0131z?<\/p>\n<p>Power Codes fiziksel, duygusal, mental ve enerjik t\u00fcm bedenlerinizde etki eder. Power Codes \u00f6\u011frenen herkes g\u00fc\u00e7lerini deneyimledikten sonra kodlara hayran kal\u0131yor.<\/p>\n<p>Bu programa kay\u0131t olduktan sonra enerjik ar\u0131nma \u00e7al\u0131\u015fmalar\u0131n\u0131zda ya\u015fayaca\u011f\u0131n\u0131z at\u0131l\u0131mlara haz\u0131r olun!<\/p>\n<p>\u00d6NEML\u0130 DUYURU: &#8220;Power Codes Tekni\u011fi Uygulay\u0131c\u0131 Program\u0131, Protokol Uygulay\u0131c\u0131l\u0131\u011f\u0131 Mod\u00fclleri ve uygulay\u0131c\u0131lara destek iade edilmez. Bu program\u0131n amac\u0131, sizi en \u00fcst d\u00fczey ba\u015far\u0131ya ula\u015ft\u0131rmak i\u00e7in uygulay\u0131c\u0131 olanlara destek olmakt\u0131r ve bunun bir k\u0131sm\u0131, sizden tamamen kat\u0131l\u0131mda oldu\u011funuza dair bir taahh\u00fct gerektirir. Power Codes Tekni\u011fi Program\u0131n\u0131za yat\u0131r\u0131m yapt\u0131n\u0131z. Program\u0131n\u0131z\u0131 sat\u0131n almadan ve Ba\u015fak Pirtini ile \u00e7al\u0131\u015fmay\u0131 taahh\u00fct etmeden \u00d6NCE sizin i\u00e7in do\u011fru ki\u015fi oldu\u011funa karar vermeniz S\u0130Z\u0130N kazanc\u0131n\u0131za olacakt\u0131r. Program\u0131 tam olarak tamamlamak i\u00e7in % 100 kat\u0131l\u0131mc\u0131 olman\u0131z bekleniyor.&#8221;<\/p>\n<p><strong>POWER CODES UYGULAYICI YORUMLARI:<\/strong><\/p>\n<p>\u201cPower Codes Temel Mod\u00fcl ilk dersten sonra 1 haftada toplam 14 seans ger\u00e7ekle\u015ftirdim. Dan\u0131\u015fan\u0131mda bir seans sonras\u0131 para ile ilgili ani ve b\u00fcy\u00fck bir kazan\u00e7 oldu. 3 ders sonras\u0131nda haftada 30 ki\u015fiyle seans yapmaya ba\u015flad\u0131m, gitgide artan memnuniyet ve bu ki\u015fiye de yapar m\u0131s\u0131n ricalar\u0131 al\u0131yorum.\u201d <a href=\"https:\/\/www.instagram.com\/mehtap.isigi_meldakk\/\" target=\"_blank\" rel=\"noopener\">Mehtap Melda K\u0131l\u0131\u00e7<\/a>, Power Codes Uygulay\u0131c\u0131<\/p>\n<p>\u201cBir dan\u0131\u015fan\u0131mla \u0130\u015fe girme konusuyla ilgili \u00e7al\u0131\u015ft\u0131k. \u0130lk seans\u0131n ertesi g\u00fcn\u00fc i\u015f teklifleri ald\u0131, ikinci g\u00fcn i\u015fe girdi \ud83d\ude42 Kar\u015f\u0131la\u015ft\u0131\u011f\u0131m\u0131z i\u00e7in \u00e7ok mutluyum. Di\u011fer insanlara g\u00f6n\u00fcl rahatl\u0131\u011f\u0131yla uygulamay\u0131 se\u00e7ti\u011fim tek teknik bu diyebilirim. Her \u015fey i\u00e7in te\u015fekk\u00fcr ederim :)\u201d <a href=\"https:\/\/www.instagram.com\/seyhanaykut_evrenselsistem\/\" target=\"_blank\" rel=\"noopener\">Seyhan Aykut<\/a>, Power Codes Uygulay\u0131c\u0131<\/p>\n<p>&#8220;Kurstan keyif ald\u0131m ve kodlar\u0131 \u00f6\u011frenmeye ve kullanmaya devam edece\u011fim i\u00e7in \u00e7ok heyecanl\u0131y\u0131m. Kurs b\u00fcy\u00fcleyici bilgilerle dolu ve e\u011flenceliydi. Power Codes seanslar hayat\u0131m\u0131 de\u011fi\u015ftirdi ve bunu sevdiklerimle payla\u015fmak i\u00e7in sab\u0131rs\u0131zlan\u0131yorum!&#8221; Roya Safi, Power Codes Uygulay\u0131c\u0131<\/p>\n<p>&#8220;Kalbimin ve ruhumun derinliklerinden TE\u015eEKK\u00dcR ED\u0130YORUM! Nimetler ve mucizeler i\u00e7in te\u015fekk\u00fcr ederim! Ve iyile\u015fmenin ve b\u00fcy\u00fcmenin bu kadar g\u00fczel bir yolunu deneyimlememe izin verdi\u011fin i\u00e7in te\u015fekk\u00fcr ederim!!&#8221; Edin Alic, Power Codes Uygulay\u0131c\u0131<\/p>\n<p>&nbsp;<\/p>\n","protected":false},"excerpt":{"rendered":"<p><a href=\"https:\/\/healing.codes\/tr\/power-codes-uygulayici-programi\/\" target=\"_blank\" rel=\"noopener\">Power Codes Uygulay\u0131c\u0131 Program\u0131na<\/a> kat\u0131lmak isteyen ki\u015filer i\u00e7in Temel Mod\u00fcl bilgilerini i\u00e7erir.<\/p>\n<p>TEMEL: 1 ayl\u0131k online video ileti\u015fimi i\u00e7eren grup \u00e7al\u0131\u015fmas\u0131d\u0131r.<\/p>\n<ul>\n<li>Enerjik ar\u0131nman\u0131n temelleri<\/li>\n<li>Kas testinin temelleri ve \u00d6zel Keskinlik Aktivasyonu<\/li>\n<li>53 Power Codes<\/li>\n<li>10 Duygu Kodu<\/li>\n<li>Komple enerjik ar\u0131nma paketi<\/li>\n<li>Enerjiyi do\u011fal olarak d\u00fczeltir ve dengeler<\/li>\n<li>Enerji terapistleri ve hayat\u0131n\u0131 radikal olarak d\u00f6n\u00fc\u015ft\u00fcrmek isteyen herkes i\u00e7in uygundur<\/li>\n<li>Derin enerji temizli\u011fi<\/li>\n<li>351 tane konuyu d\u00fczeltip dengelemeyi \u00f6\u011frenin<\/li>\n<li>Y\u00fcksek frekansta ya\u015famak i\u00e7in h\u0131zl\u0131 sonu\u00e7lar elde edin<\/li>\n<li>S\u00fcrekli ne\u015fe, huzur ve ilahi sevgi ile Yarat\u0131c\u0131m\u0131za ba\u011flan\u0131n<\/li>\n<li>Sezgiyi geli\u015ftirir ve bilinci en y\u00fcksek seviyelere ba\u011flar<\/li>\n<li>Power Codes Uygulay\u0131c\u0131s\u0131 olun<\/li>\n<li>Tamamen Otomatik Power Codes Seans\u0131 (Kas testi gerekmeden) &#8211; O kadar kolay ki 5 ya\u015f\u0131ndaki birisi bile yapabilir!<\/li>\n<li>\u00dcnl\u00fc 5 Kelimelik Enerjik Ar\u0131nma Seans\u0131 &#8211; Sadece kelimeleri hat\u0131rlayarak t\u00fcm Power Codes Protokol\u00fcne hakim olun<\/li>\n<\/ul>\n<p>\u00d6N\u015eART: 1 ayl\u0131k Power Codes Ayl\u0131k Seans ald\u0131ktan sonra Ba\u015fak Pirtini ile programa kabul edilmek i\u00e7in g\u00f6r\u00fc\u015fme yap\u0131lmaktad\u0131r. <a href=\"https:\/\/healing.codes\/tr\/product\/power-codes-aylik-seans\/\" target=\"_blank\" rel=\"noopener\">Ayl\u0131k seans bilgisi i\u00e7in t\u0131klay\u0131n.<\/a><\/p>\n<p>PROGRAMDA NELER VAR: 4 canl\u0131 zoom toplant\u0131s\u0131 ve kay\u0131tlar, toplam 16 saatlik i\u00e7erik, yaz\u0131l\u0131 materyaller, uygulay\u0131c\u0131 tan\u0131t\u0131m materyalleri ve program\u0131 tamamlama sertifikas\u0131. Program\u0131 tamamlamak i\u00e7in kat\u0131l\u0131mc\u0131lar 24 seans sunmal\u0131 ve sertifikasyon i\u00e7in testi ge\u00e7melidirler.<\/p>\n<p>Temel program\u0131 tamamlad\u0131ktan sonra <a href=\"https:\/\/healing.codes\/tr\/power-codes-protokolleri\/\" target=\"_blank\" rel=\"noopener\">Power Codes Protokollerini<\/a> alabilirsiniz. Power Codes Temel Uygulay\u0131c\u0131 Mod\u00fcl\u00fc, protokolleri i\u00e7ermez. Ayr\u0131 olarak sunulan ileri mod\u00fcl Power Codes protokolleri: Total Energy Reset Protokol\u00fc, \u0130li\u015fkileri Onarmak Protokol\u00fc, Zenginlik ve Para Ak\u0131\u015f\u0131 Protokol\u00fc, \u0130deal Kilo Protokol\u00fc ve Mucize Enerji Protokol\u00fc.<\/p>\n","protected":false},"featured_media":5530,"comment_status":"open","ping_status":"closed","template":"","meta":[],"product_cat":[69,75,70],"product_tag":[],"class_list":{"0":"post-3325","1":"product","2":"type-product","3":"status-publish","4":"has-post-thumbnail","6":"product_cat-etkinlik-ve-atolyeler","7":"product_cat-kisisel-sifalanma","8":"product_cat-total-energy-reset","10":"first","11":"instock","12":"virtual","13":"purchasable","14":"product-type-simple"},"aioseo_notices":[],"_links":{"self":[{"href":"https:\/\/healing.codes\/tr\/wp-json\/wp\/v2\/product\/3325","targetHints":{"allow":["GET"]}}],"collection":[{"href":"https:\/\/healing.codes\/tr\/wp-json\/wp\/v2\/product"}],"about":[{"href":"https:\/\/healing.codes\/tr\/wp-json\/wp\/v2\/types\/product"}],"replies":[{"embeddable":true,"href":"https:\/\/healing.codes\/tr\/wp-json\/wp\/v2\/comments?post=3325"}],"wp:featuredmedia":[{"embeddable":true,"href":"https:\/\/healing.codes\/tr\/wp-json\/wp\/v2\/media\/5530"}],"wp:attachment":[{"href":"https:\/\/healing.codes\/tr\/wp-json\/wp\/v2\/media?parent=3325"}],"wp:term":[{"taxonomy":"product_cat","embeddable":true,"href":"https:\/\/healing.codes\/tr\/wp-json\/wp\/v2\/product_cat?post=3325"},{"taxonomy":"product_tag","embeddable":true,"href":"https:\/\/healing.codes\/tr\/wp-json\/wp\/v2\/product_tag?post=3325"}],"curies":[{"name":"wp","href":"https:\/\/api.w.org\/{rel}","templated":true}]}}