{"id":4188,"date":"2021-02-01T05:18:02","date_gmt":"2021-02-01T02:18:02","guid":{"rendered":"https:\/\/healing.codes\/?post_type=product&#038;p=4188"},"modified":"2024-12-12T01:38:51","modified_gmt":"2024-12-11T22:38:51","slug":"power-codes-uygulayicilara-destek","status":"publish","type":"product","link":"https:\/\/healing.codes\/tr\/product\/power-codes-uygulayicilara-destek\/","title":{"rendered":"Power Codes Tekni\u011fi Uygulay\u0131c\u0131lara Destek"},"content":{"rendered":"<p>Enerji seanslar\u0131n\u0131z\u0131 en h\u0131zl\u0131 ar\u0131nma tekni\u011fi olan Power Codes ile geli\u015ftirmeye haz\u0131r m\u0131s\u0131n\u0131z?<\/p>\n<p>Power Codes fiziksel, duygusal, mental ve enerjik t\u00fcm bedenlerinizde etki eder. Power Codes \u00f6\u011frenen herkes g\u00fc\u00e7lerini deneyimledikten sonra kodlara hayran kal\u0131yor.<\/p>\n<p>Power Codes tekni\u011fini kullan\u0131rken uygulamada desteklenebilirsiniz.<\/p>\n<p>\u00d6NEML\u0130 DUYURU: &#8220;Power Codes Tekni\u011fi Uygulay\u0131c\u0131 Program\u0131, Protokol Uygulay\u0131c\u0131l\u0131\u011f\u0131 Mod\u00fclleri ve uygulay\u0131c\u0131lara destek iade edilmez. Bu program\u0131n amac\u0131, sizi en \u00fcst d\u00fczey ba\u015far\u0131ya ula\u015ft\u0131rmak i\u00e7in uygulay\u0131c\u0131 olanlara destek olmakt\u0131r ve bunun bir k\u0131sm\u0131, sizden tamamen kat\u0131l\u0131mda oldu\u011funuza dair bir taahh\u00fct gerektirir. Power Codes Tekni\u011fi Program\u0131n\u0131za yat\u0131r\u0131m yapt\u0131n\u0131z. Program\u0131n\u0131z\u0131 sat\u0131n almadan ve Ba\u015fak Pirtini ile \u00e7al\u0131\u015fmay\u0131 taahh\u00fct etmeden \u00d6NCE sizin i\u00e7in do\u011fru ki\u015fi oldu\u011funa karar vermeniz S\u0130Z\u0130N kazanc\u0131n\u0131za olacakt\u0131r. Program\u0131 tam olarak tamamlamak i\u00e7in % 100 kat\u0131l\u0131mc\u0131 olman\u0131z bekleniyor.&#8221;<\/p>\n","protected":false},"excerpt":{"rendered":"<p><a href=\"https:\/\/healing.codes\/tr\/power-codes-uygulayici-programi\/\" target=\"_blank\" rel=\"noopener\">Power Codes Tekni\u011fi Uygulay\u0131c\u0131 Program\u0131na<\/a> kay\u0131t olanlar i\u00e7in uygulay\u0131c\u0131lara destek program\u0131d\u0131r.<\/p>\n<p>Power Codes Uygulay\u0131c\u0131 Temel Mod\u00fcl\u00fc veya <a href=\"https:\/\/healing.codes\/tr\/power-codes-protokolleri\/\" target=\"_blank\" rel=\"noopener\">Power Codes Protokolleri Mod\u00fcllerini<\/a> tamamlayanlar, dan\u0131\u015fanlar\u0131na Power Codes seans\u0131 uygulamalar\u0131nda rehberlik almak i\u00e7in bu destekten faydalanabilir. Power Codes Uygulay\u0131c\u0131 Program\u0131 mod\u00fcllerine akabinde bu destek 1 ay dahil edilmi\u015ftir. 1 aydan uzun rehberlik almak isteyen Power Codes Uygulay\u0131c\u0131lar\u0131 bu destek hizmetinden faydalanabilirler.<\/p>\n<p>DESTEK: 1 ay boyunca haftada bir canl\u0131 zoom online toplant\u0131 ile uygulay\u0131c\u0131lara destek ve Soru &amp; Cevap i\u00e7erir.<\/p>\n<p>Bu teklif sadece 1 ayl\u0131k destek i\u00e7in ge\u00e7erlidir.<\/p>\n<p>\u00d6NEML\u0130 UYARI: Uygulay\u0131c\u0131lara destek, Power Codes Protokollerini i\u00e7ermez. Sadece Power Codes Tekni\u011fi Temel Program\u0131 veya Protokollere kay\u0131t olan uygulay\u0131c\u0131lar\u0131 ayl\u0131k olarak desteklemek i\u00e7indir. Ayl\u0131k destek i\u00e7in yerler s\u0131n\u0131rl\u0131d\u0131r.<\/p>\n","protected":false},"featured_media":2911,"comment_status":"open","ping_status":"closed","template":"","meta":[],"product_cat":[69,75,70],"product_tag":[],"class_list":{"0":"post-4188","1":"product","2":"type-product","3":"status-publish","4":"has-post-thumbnail","6":"product_cat-etkinlik-ve-atolyeler","7":"product_cat-kisisel-sifalanma","8":"product_cat-total-energy-reset","10":"first","11":"instock","12":"virtual","13":"purchasable","14":"product-type-simple"},"aioseo_notices":[],"_links":{"self":[{"href":"https:\/\/healing.codes\/tr\/wp-json\/wp\/v2\/product\/4188","targetHints":{"allow":["GET"]}}],"collection":[{"href":"https:\/\/healing.codes\/tr\/wp-json\/wp\/v2\/product"}],"about":[{"href":"https:\/\/healing.codes\/tr\/wp-json\/wp\/v2\/types\/product"}],"replies":[{"embeddable":true,"href":"https:\/\/healing.codes\/tr\/wp-json\/wp\/v2\/comments?post=4188"}],"wp:featuredmedia":[{"embeddable":true,"href":"https:\/\/healing.codes\/tr\/wp-json\/wp\/v2\/media\/2911"}],"wp:attachment":[{"href":"https:\/\/healing.codes\/tr\/wp-json\/wp\/v2\/media?parent=4188"}],"wp:term":[{"taxonomy":"product_cat","embeddable":true,"href":"https:\/\/healing.codes\/tr\/wp-json\/wp\/v2\/product_cat?post=4188"},{"taxonomy":"product_tag","embeddable":true,"href":"https:\/\/healing.codes\/tr\/wp-json\/wp\/v2\/product_tag?post=4188"}],"curies":[{"name":"wp","href":"https:\/\/api.w.org\/{rel}","templated":true}]}}