{"id":4526,"date":"2021-10-07T12:10:49","date_gmt":"2021-10-07T09:10:49","guid":{"rendered":"https:\/\/healing.codes\/?post_type=product&#038;p=4526"},"modified":"2026-04-02T00:00:54","modified_gmt":"2026-04-01T21:00:54","slug":"power-codes-uygulayici-modulu-mucize-sifa-protokolu","status":"publish","type":"product","link":"https:\/\/healing.codes\/tr\/product\/power-codes-uygulayici-modulu-mucize-sifa-protokolu\/","title":{"rendered":"Power Codes Uygulay\u0131c\u0131 Mod\u00fcl\u00fc: Mucize Enerji Protokol\u00fc"},"content":{"rendered":"<p>Enerji seanslar\u0131n\u0131z\u0131 en h\u0131zl\u0131 ar\u0131nma tekni\u011fi olan Power Codes Protokolleri ile geli\u015ftirmeye haz\u0131r m\u0131s\u0131n\u0131z?<\/p>\n<p>Power Codes Protokolleri fiziksel, duygusal, mental ve enerjik t\u00fcm bedenlerinizde etki eder. Power Codes \u00f6\u011frenen herkes g\u00fc\u00e7lerini deneyimledikten sonra kodlara hayran kal\u0131yor.<\/p>\n<p>Power Codes tekni\u011fini kullan\u0131rken Protokolleri de \u00f6\u011frenerek uygulamalar\u0131n\u0131z\u0131 zenginle\u015ftirebilirsiniz.<\/p>\n<p>\u00d6NEML\u0130 DUYURU: &#8220;Power Codes Tekni\u011fi Uygulay\u0131c\u0131 Program\u0131, Protokol Uygulay\u0131c\u0131l\u0131\u011f\u0131 Mod\u00fclleri ve uygulay\u0131c\u0131lara destek iade edilmez. Bu program\u0131n amac\u0131, sizi en \u00fcst d\u00fczey ba\u015far\u0131ya ula\u015ft\u0131rmak i\u00e7in uygulay\u0131c\u0131 olanlara destek olmakt\u0131r ve bunun bir k\u0131sm\u0131, sizden tamamen kat\u0131l\u0131mda oldu\u011funuza dair bir taahh\u00fct gerektirir. Power Codes Tekni\u011fi Program\u0131n\u0131za yat\u0131r\u0131m yapt\u0131n\u0131z. Program\u0131n\u0131z\u0131 sat\u0131n almadan ve Ba\u015fak Pirtini ile \u00e7al\u0131\u015fmay\u0131 taahh\u00fct etmeden \u00d6NCE sizin i\u00e7in do\u011fru ki\u015fi oldu\u011funa karar vermeniz S\u0130Z\u0130N kazanc\u0131n\u0131za olacakt\u0131r. Program\u0131 tam olarak tamamlamak i\u00e7in % 100 kat\u0131l\u0131mc\u0131 olman\u0131z bekleniyor.&#8221;<\/p>\n","protected":false},"excerpt":{"rendered":"<p>Mucize Enerji Protokol\u00fc bedende ya\u015fanan fiziksel rahats\u0131zl\u0131klar\u0131n enerjik sebeplerini temizlemek i\u00e7in geli\u015ftirilmi\u015f \u00f6zel bir Power Codes s\u0131ralamas\u0131d\u0131r. Her hastal\u0131k ba\u015fta duygu ve zihin seviyesinde ba\u015flar, en son fiziksel bedende kendini g\u00f6sterir. Bilin\u00e7alt\u0131 temizli\u011fi ile kaynakta yatan blokajlar temizlendi\u011finde fiziksel uygulamalar daha etkili olacak ve bedenin kendini iyile\u015ftirme g\u00fcc\u00fc desteklenecektir.<\/p>\n<p>Detayl\u0131 bilgi i\u00e7in <a href=\"https:\/\/healing.codes\/tr\/power-codes-protokolleri\/\" target=\"_blank\" rel=\"noopener\">Power Codes Protokolleri Sayfas\u0131n\u0131<\/a> ziyaret ediniz.<\/p>\n<p>\u0130\u00c7ER\u0130K:<br \/>\nMucize Enerji Protokol\u00fc ak\u0131\u015f\u0131<br \/>\nAlerjiler<br \/>\nKanser<br \/>\nDuyma problemleri<br \/>\nA\u011fr\u0131<br \/>\nPanik atak<br \/>\n5G<br \/>\nPatojenler-vir\u00fcsler<\/p>\n<p>\u00d6N KO\u015eUL: Mucize Enerji Protokol\u00fc Uygulay\u0131c\u0131 Mod\u00fcl\u00fc, Power Codes Tekni\u011fi Uygulay\u0131c\u0131 Program\u0131 kat\u0131l\u0131mc\u0131lar\u0131 i\u00e7indir. \u00d6n ko\u015ful, <a href=\"https:\/\/healing.codes\/tr\/power-codes-uygulayici-programi\/\" target=\"_blank\" rel=\"noopener\">Power Codes Tekni\u011fi Uygulay\u0131c\u0131 Program\u0131n\u0131<\/a> tamamlamakt\u0131r.<\/p>\n","protected":false},"featured_media":4930,"comment_status":"open","ping_status":"closed","template":"","meta":[],"product_cat":[69,75,70],"product_tag":[],"class_list":{"0":"post-4526","1":"product","2":"type-product","3":"status-publish","4":"has-post-thumbnail","6":"product_cat-etkinlik-ve-atolyeler","7":"product_cat-kisisel-sifalanma","8":"product_cat-total-energy-reset","10":"first","11":"instock","12":"virtual","13":"purchasable","14":"product-type-simple"},"aioseo_notices":[],"_links":{"self":[{"href":"https:\/\/healing.codes\/tr\/wp-json\/wp\/v2\/product\/4526","targetHints":{"allow":["GET"]}}],"collection":[{"href":"https:\/\/healing.codes\/tr\/wp-json\/wp\/v2\/product"}],"about":[{"href":"https:\/\/healing.codes\/tr\/wp-json\/wp\/v2\/types\/product"}],"replies":[{"embeddable":true,"href":"https:\/\/healing.codes\/tr\/wp-json\/wp\/v2\/comments?post=4526"}],"wp:featuredmedia":[{"embeddable":true,"href":"https:\/\/healing.codes\/tr\/wp-json\/wp\/v2\/media\/4930"}],"wp:attachment":[{"href":"https:\/\/healing.codes\/tr\/wp-json\/wp\/v2\/media?parent=4526"}],"wp:term":[{"taxonomy":"product_cat","embeddable":true,"href":"https:\/\/healing.codes\/tr\/wp-json\/wp\/v2\/product_cat?post=4526"},{"taxonomy":"product_tag","embeddable":true,"href":"https:\/\/healing.codes\/tr\/wp-json\/wp\/v2\/product_tag?post=4526"}],"curies":[{"name":"wp","href":"https:\/\/api.w.org\/{rel}","templated":true}]}}