{"id":4859,"date":"2022-12-28T16:29:36","date_gmt":"2022-12-28T13:29:36","guid":{"rendered":"https:\/\/healing.codes\/?post_type=product&#038;p=4859"},"modified":"2026-04-02T00:00:55","modified_gmt":"2026-04-01T21:00:55","slug":"power-codes-uygulayici-modulu-5protokol-uygulayici-paketi","status":"publish","type":"product","link":"https:\/\/healing.codes\/tr\/product\/power-codes-uygulayici-modulu-5protokol-uygulayici-paketi\/","title":{"rendered":"Power Codes Uygulay\u0131c\u0131 Mod\u00fcl\u00fc: 5&#8217;li Protokol Uygulay\u0131c\u0131 Paketi"},"content":{"rendered":"<p>Enerji seanslar\u0131n\u0131z\u0131 en h\u0131zl\u0131 ar\u0131nma tekni\u011fi olan Power Codes Protokolleri ile geli\u015ftirmeye haz\u0131r m\u0131s\u0131n\u0131z?<\/p>\n<p>Power Codes Protokolleri fiziksel, duygusal, mental ve enerjik t\u00fcm bedenlerinizde etki eder. Power Codes\u00a0 \u00f6\u011frenen herkes g\u00fc\u00e7lerini deneyimledikten sonra kodlara hayran kal\u0131yor.<\/p>\n<p>Power Codes tekni\u011fini kullan\u0131rken Protokolleri de \u00f6\u011frenerek uygulamalar\u0131n\u0131z\u0131 zenginle\u015ftirebilirsiniz.<\/p>\n<p>Total Energy Reset Protokol\u00fc<br \/>\n\u0130deal Kilo Protokol\u00fc<br \/>\nMucize Enerji Protokol\u00fc<br \/>\n\u0130li\u015fkileri Onarmak Protokol\u00fc<br \/>\nZenginlik ve Para Ak\u0131\u015f\u0131 Protokol\u00fc<\/p>\n<p>\u00d6NEML\u0130 DUYURU: &#8220;Power Codes Tekni\u011fi Uygulay\u0131c\u0131 Program\u0131, Protokol Uygulay\u0131c\u0131l\u0131\u011f\u0131 Mod\u00fclleri ve uygulay\u0131c\u0131lara destek iade edilmez. Bu program\u0131n amac\u0131, sizi en \u00fcst d\u00fczey ba\u015far\u0131ya ula\u015ft\u0131rmak i\u00e7in uygulay\u0131c\u0131 olanlara destek olmakt\u0131r ve bunun bir k\u0131sm\u0131, sizden tamamen kat\u0131l\u0131mda oldu\u011funuza dair bir taahh\u00fct gerektirir. Power Codes Tekni\u011fi Program\u0131n\u0131za yat\u0131r\u0131m yapt\u0131n\u0131z. Program\u0131n\u0131z\u0131 sat\u0131n almadan ve Ba\u015fak Pirtini ile \u00e7al\u0131\u015fmay\u0131 taahh\u00fct etmeden \u00d6NCE sizin i\u00e7in do\u011fru ki\u015fi oldu\u011funa karar vermeniz S\u0130Z\u0130N kazanc\u0131n\u0131za olacakt\u0131r. Program\u0131 tam olarak tamamlamak i\u00e7in % 100 kat\u0131l\u0131mc\u0131 olman\u0131z bekleniyor.&#8221;<\/p>\n","protected":false},"excerpt":{"rendered":"<p>5 Protokol Mod\u00fcl\u00fcn\u00fc tek seferde sat\u0131n al, bir tanesi bedavaya gelsin!<\/p>\n<p>\u00d6N KO\u015eUL: 5 Protokol Mod\u00fcl\u00fc de, Power Codes Tekni\u011fi Uygulay\u0131c\u0131 Program\u0131 kat\u0131l\u0131mc\u0131lar\u0131 i\u00e7indir. \u00d6n ko\u015ful, <a href=\"https:\/\/healing.codes\/tr\/power-codes-uygulayici-programi\/\" target=\"_blank\" rel=\"noopener\">Power Codes Tekni\u011fi Uygulay\u0131c\u0131 Program\u0131n\u0131<\/a> tamamlamakt\u0131r.<\/p>\n<p>Detayl\u0131 bilgi i\u00e7in <a href=\"https:\/\/healing.codes\/tr\/power-codes-protokolleri\/\" target=\"_blank\" rel=\"noopener\">Power Codes Protokolleri sayfas\u0131n\u0131<\/a> ziyaret ediniz.<\/p>\n","protected":false},"featured_media":5544,"comment_status":"open","ping_status":"closed","template":"","meta":[],"product_cat":[69,75,70,74],"product_tag":[],"class_list":{"0":"post-4859","1":"product","2":"type-product","3":"status-publish","4":"has-post-thumbnail","6":"product_cat-etkinlik-ve-atolyeler","7":"product_cat-kisisel-sifalanma","8":"product_cat-total-energy-reset","9":"product_cat-yeni-dunya-sifa-kodlari","11":"first","12":"instock","13":"virtual","14":"purchasable","15":"product-type-simple"},"aioseo_notices":[],"_links":{"self":[{"href":"https:\/\/healing.codes\/tr\/wp-json\/wp\/v2\/product\/4859","targetHints":{"allow":["GET"]}}],"collection":[{"href":"https:\/\/healing.codes\/tr\/wp-json\/wp\/v2\/product"}],"about":[{"href":"https:\/\/healing.codes\/tr\/wp-json\/wp\/v2\/types\/product"}],"replies":[{"embeddable":true,"href":"https:\/\/healing.codes\/tr\/wp-json\/wp\/v2\/comments?post=4859"}],"wp:featuredmedia":[{"embeddable":true,"href":"https:\/\/healing.codes\/tr\/wp-json\/wp\/v2\/media\/5544"}],"wp:attachment":[{"href":"https:\/\/healing.codes\/tr\/wp-json\/wp\/v2\/media?parent=4859"}],"wp:term":[{"taxonomy":"product_cat","embeddable":true,"href":"https:\/\/healing.codes\/tr\/wp-json\/wp\/v2\/product_cat?post=4859"},{"taxonomy":"product_tag","embeddable":true,"href":"https:\/\/healing.codes\/tr\/wp-json\/wp\/v2\/product_tag?post=4859"}],"curies":[{"name":"wp","href":"https:\/\/api.w.org\/{rel}","templated":true}]}}