{"id":5468,"date":"2024-06-05T16:45:25","date_gmt":"2024-06-05T13:45:25","guid":{"rendered":"https:\/\/healing.codes\/?post_type=product&#038;p=5468"},"modified":"2025-12-07T21:32:13","modified_gmt":"2025-12-07T18:32:13","slug":"afterlife-matrix-atolye","status":"publish","type":"product","link":"https:\/\/healing.codes\/tr\/product\/afterlife-matrix-atolye\/","title":{"rendered":"Afterlife Matrix \u00d6l\u00fcm Sonras\u0131 At\u00f6lyesi"},"content":{"rendered":"<p>Power Codes Tekni\u011fi, kadim bilgiler ve meditasyon g\u00fcc\u00fcn\u00fc kullanarak hayat\u0131n\u0131z\u0131 d\u00f6n\u00fc\u015ft\u00fcrmeye haz\u0131r m\u0131s\u0131n\u0131z?<\/p>\n<p>Power Codes seans\u0131 fiziksel, duygusal, zihinsel ve enerjik bedenlerde \u00e7al\u0131\u015fmaktad\u0131r. Power Codes hakk\u0131nda bilgi i\u00e7in<a href=\"https:\/\/healing.codes\/tr\/power-codes-teknigi\/\">\u00a0bu sayfay\u0131 inceleyin.\u00a0<\/a><br \/>\n<strong><br \/>\nAT\u00d6LYE KONULARI:<br \/>\n<\/strong><br \/>\n*Kat\u0131l\u0131mc\u0131lara \u00f6zel se\u00e7ilmi\u015f kodlarla afterlife-\u00f6l\u00fcm sonras\u0131 bilgilerini ve idraki destekleyici Power Codes seans\u0131<br \/>\n*\u00d6l\u00fcm ve \u00f6tesi<br \/>\n*Matrixde neden planlad\u0131\u011f\u0131m\u0131z \u015fekilde kalmal\u0131y\u0131z?<br \/>\n*\u00d6l\u00fcm sonras\u0131 matrixde neler oluyor?<br \/>\n*\u00d6l\u00fcm \u00f6tesi deneyimi meditasyonu<br \/>\n*Y\u00fcksek fark\u0131ndal\u0131k ve yeni n\u00f6ron ba\u011flar\u0131 g\u00fc\u00e7lendirmesi<br \/>\n*Frekans y\u00fckseltici bir at\u00f6lye deneyimi<\/p>\n<p>Hayat\u0131 yepyeni g\u00f6zlerle deneyimlemek isteyenleri at\u00f6lyemize bekliyoruz.<\/p>\n<p><strong>Ba\u015flang\u0131\u00e7 Tarihi:\u00a0<\/strong>Ders g\u00fcnleri i\u00e7in\u00a0<a href=\"mailto:healing@healing.codes\">healing@healing.codes<\/a>\u00a0\u00fcst\u00fcnden e-posta g\u00f6nderiniz.<\/p>\n<p><strong>Instagram kontak:<\/strong>\u00a0<a href=\"http:\/\/www.instagram.com\/matrixdeyasam\" target=\"_blank\" rel=\"noopener\">www.instagram.com\/matrixdeyasam<\/a><\/p>\n<p><strong>At\u00f6lyeyi sunanlar:<\/strong><br \/>\nBa\u015fak Pirtini, Power Codes Geli\u015ftiricisi<br \/>\nEbru Co\u015fkun, Power Codes Analisti<\/p>\n<p>\u00d6NEML\u0130 UYARI: &#8220;Power Codes seanslar\u0131 ba\u015flad\u0131ktan sonra iade edilmez. Seanslar\u0131 sat\u0131n almadan ve Ba\u015fak Pirtini ile \u00e7al\u0131\u015fmaya ba\u015flamadan \u00d6NCE, onun sizin i\u00e7in DO\u011eRU uygulay\u0131c\u0131 oldu\u011funa karar vermeniz S\u0130Z\u0130N yarar\u0131n\u0131zad\u0131r.&#8221;<\/p>\n","protected":false},"excerpt":{"rendered":"<p><strong>Afterlife Matrix \u2013 \u00d6l\u00fcm Sonras\u0131 At\u00f6lyesi kapsam\u0131:<\/strong><\/p>\n<ul>\n<li>At\u00f6lyeye \u00f6zel bilin\u00e7 y\u00fckseltici Power Codes seans\u0131<\/li>\n<li>Bilin\u00e7 y\u00fckseltici evrensel kadim bilgiler<\/li>\n<li>Bilin\u00e7 y\u00fckseltici \u00f6zel meditasyon ak\u0131\u015f\u0131<\/li>\n<li>3 saatlik at\u00f6lye<\/li>\n<\/ul>\n<p>&nbsp;<\/p>\n<p>Afterlife Matrix \u2013 \u00d6l\u00fcm Sonras\u0131 en \u00e7ok merak edilen konumuz. E\u011fer \u00f6l\u00fcm ve sonras\u0131nda ne oldu\u011fu hakk\u0131nda yeterli bilgiye ula\u015fabilirsek, hatta ya\u015farken \u00f6lmeden \u00f6l\u00fcm\u00fc deneyimleyebilirsek bu matrix hayat\u0131m\u0131z\u0131 daha etkili bir \u015fekilde korkusuzca y\u00f6netebiliriz.<\/p>\n<p>Tek g\u00fcnl\u00fck bu at\u00f6lyede \u00f6l\u00fcm ve sonras\u0131 hakk\u0131nda merak etti\u011finiz t\u00fcm sorulara cevaplar\u0131 bulacaks\u0131n\u0131z. At\u00f6lye i\u00e7eri\u011fi i\u00e7in altta a\u00e7\u0131klamay\u0131 okuyunuz.<\/p>\n<p><strong>Ba\u015flang\u0131\u00e7 Tarihi:\u00a0<\/strong>Ders g\u00fcnleri i\u00e7in\u00a0<a href=\"mailto:healing@healing.codes\">healing@healing.codes<\/a>\u00a0\u00fcst\u00fcnden e-posta g\u00f6nderiniz.<\/p>\n<p><strong>Instagram kontak:<\/strong>\u00a0<a href=\"http:\/\/www.instagram.com\/matrixdeyasam\" target=\"_blank\" rel=\"noopener\">www.instagram.com\/matrixdeyasam<\/a><\/p>\n<p>At\u00f6lye ve meditasyonlarla ilgili bilgi ve yorumlar i\u00e7in\u00a0<a href=\"https:\/\/healing.codes\/tr\/atolyeler\/\">At\u00f6lyeler sayfas\u0131n\u0131<\/a>\u00a0inceleyin.<\/p>\n<p><a href=\"https:\/\/www.shopier.com\/powercodesanalyst\" target=\"_blank\" rel=\"noopener\">BU \u00dcR\u00dcN\u00dc SHOPIER \u00dcST\u00dcNDEN ALMAK \u0130\u00c7\u0130N TIKLAYINIZ.<\/a><\/p>\n","protected":false},"featured_media":6014,"comment_status":"open","ping_status":"closed","template":"","meta":[],"product_cat":[69,75,76],"product_tag":[],"class_list":{"0":"post-5468","1":"product","2":"type-product","3":"status-publish","4":"has-post-thumbnail","6":"product_cat-etkinlik-ve-atolyeler","7":"product_cat-kisisel-sifalanma","8":"product_cat-seanslar","10":"first","11":"outofstock","12":"virtual","13":"purchasable","14":"product-type-simple"},"aioseo_notices":[],"_links":{"self":[{"href":"https:\/\/healing.codes\/tr\/wp-json\/wp\/v2\/product\/5468","targetHints":{"allow":["GET"]}}],"collection":[{"href":"https:\/\/healing.codes\/tr\/wp-json\/wp\/v2\/product"}],"about":[{"href":"https:\/\/healing.codes\/tr\/wp-json\/wp\/v2\/types\/product"}],"replies":[{"embeddable":true,"href":"https:\/\/healing.codes\/tr\/wp-json\/wp\/v2\/comments?post=5468"}],"wp:featuredmedia":[{"embeddable":true,"href":"https:\/\/healing.codes\/tr\/wp-json\/wp\/v2\/media\/6014"}],"wp:attachment":[{"href":"https:\/\/healing.codes\/tr\/wp-json\/wp\/v2\/media?parent=5468"}],"wp:term":[{"taxonomy":"product_cat","embeddable":true,"href":"https:\/\/healing.codes\/tr\/wp-json\/wp\/v2\/product_cat?post=5468"},{"taxonomy":"product_tag","embeddable":true,"href":"https:\/\/healing.codes\/tr\/wp-json\/wp\/v2\/product_tag?post=5468"}],"curies":[{"name":"wp","href":"https:\/\/api.w.org\/{rel}","templated":true}]}}