{"id":5526,"date":"2024-08-12T14:59:37","date_gmt":"2024-08-12T11:59:37","guid":{"rendered":"https:\/\/healing.codes\/?post_type=product&#038;p=5526"},"modified":"2026-04-02T00:00:54","modified_gmt":"2026-04-01T21:00:54","slug":"power-codes-teknigi-uygulayici-programi-suncodes-modulu","status":"publish","type":"product","link":"https:\/\/healing.codes\/tr\/product\/power-codes-teknigi-uygulayici-programi-suncodes-modulu\/","title":{"rendered":"Power Codes Tekni\u011fi \u0130leri Uygulay\u0131c\u0131 Program\u0131-Sun Codes"},"content":{"rendered":"<p>Enerjik ar\u0131nma seanslar\u0131n\u0131z\u0131 en h\u0131zl\u0131 enerji tekni\u011fi olan Power Codes Tekni\u011fi&#8217;nin Galaktik insan versiyonumuz i\u00e7in gelen yeni kodlar\u0131 ile g\u00fc\u00e7lendirmeye haz\u0131r m\u0131s\u0131n\u0131z? Sun Codes serisi potansiyelimizi y\u00fckseltmemizi sa\u011flayacak.<\/p>\n<p>Sun Codes fiziksel, duygusal, mental ve enerjik t\u00fcm bedenlerinizde etki eder. Sun Codes, Power Codes Temel Uygulay\u0131c\u0131 Mod\u00fcl\u00fcn\u00fcn ileri seviyesidir.<\/p>\n<p>Bu programa kay\u0131t olduktan sonra enerjik ar\u0131nma \u00e7al\u0131\u015fmalar\u0131n\u0131zda ya\u015fayaca\u011f\u0131n\u0131z at\u0131l\u0131mlara haz\u0131r olun!<\/p>\n<p>\u00d6NEML\u0130 DUYURU: &#8220;Power Codes Tekni\u011fi Uygulay\u0131c\u0131 Program\u0131, Protokol Uygulay\u0131c\u0131l\u0131\u011f\u0131 Mod\u00fclleri ve uygulay\u0131c\u0131lara destek iade edilmez. Bu program\u0131n amac\u0131, sizi en \u00fcst d\u00fczey ba\u015far\u0131ya ula\u015ft\u0131rmak i\u00e7in uygulay\u0131c\u0131 olanlara destek olmakt\u0131r ve bunun bir k\u0131sm\u0131, sizden tamamen kat\u0131l\u0131mda oldu\u011funuza dair bir taahh\u00fct gerektirir. Power Codes Tekni\u011fi Program\u0131n\u0131za yat\u0131r\u0131m yapt\u0131n\u0131z. Program\u0131n\u0131z\u0131 sat\u0131n almadan ve Ba\u015fak Pirtini ile \u00e7al\u0131\u015fmay\u0131 taahh\u00fct etmeden \u00d6NCE sizin i\u00e7in do\u011fru ki\u015fi oldu\u011funa karar vermeniz S\u0130Z\u0130N kazanc\u0131n\u0131za olacakt\u0131r. Program\u0131 tam olarak tamamlamak i\u00e7in % 100 kat\u0131l\u0131mc\u0131 olman\u0131z bekleniyor.&#8221;<\/p>\n<p><strong>SUN CODES UYGULAYICI YORUMLARI:<\/strong><\/p>\n<p>&#8220;Sevgili Ba\u015fak, bir e\u011fitim daha dolu dolu ge\u00e7ti seninle olmak \u00e7ok g\u00fczel enerjiler o kadar yumu\u015fak sakindi ki su gibi ak\u0131p ge\u00e7ti, ruhumun dinginle\u015fti\u011fini hissettim beklemeye de\u011ferdi. Bu k\u0131ymetli Sun Codes e\u011fitiminin i\u00e7inde e\u011fitim vard\u0131, 10-15 e\u011fitim \u00e7\u0131kar kendi ad\u0131ma \u00e7ok te\u015fekk\u00fcr ediyorum \ud83d\udc9c\ud83d\ude4f\ud83c\udffb\u201d <a href=\"https:\/\/www.instagram.com\/ilknurkeskin65\/\" target=\"_blank\" rel=\"noopener\">\u0130lknur Keskin<\/a>, Power Codes ve Sun Codes Uygulay\u0131c\u0131<\/p>\n<p>\u201dPower Codes \u00e7al\u0131\u015ft\u0131\u011f\u0131m dan\u0131\u015fanlar\u0131mda psi\u015fik kapasitelerin a\u00e7\u0131\u011fa \u00e7\u0131kmas\u0131, bu kapasitelerle ilgili korkular\u0131n ar\u0131nmas\u0131 s\u0131kl\u0131kla g\u00f6zlemledi\u011fim bir durum. Power Codes ile ayl\u0131k seansa devam etti\u011fim 4 ayr\u0131 dan\u0131\u015fan\u0131mda kanall\u0131k kapasitesi aktive olmu\u015ftu. E\u011fitimden sonra Sun Codes \u00e7al\u0131\u015ft\u0131rd\u0131m bu dan\u0131\u015fanlardan 3\u2019\u00fcnde bilgi ak\u0131\u015f\u0131n\u0131n h\u0131zland\u0131\u011f\u0131 ve derinle\u015fti\u011fi konusunda geri d\u00f6n\u00fc\u015f geldi. Kendi ad\u0131ma e\u011fitimin alan\u0131, enerjisi o kadar g\u00fc\u00e7l\u00fcyd\u00fc ki g\u00fcn\u00fcn geri kalan\u0131nda ekstra d\u00fcnyevi i\u015flerle dengelemek istedim. Pek \u00e7ok kap\u0131n\u0131n a\u00e7\u0131ld\u0131\u011f\u0131 bir hakikat. Bu kap\u0131lardan ge\u00e7meli miyim? Hangi kap\u0131y\u0131 se\u00e7meliyim gibi sorular d\u00f6n\u00fcyor zihnimde. Sun Codes\u2019un herkesi kendi \u00fcstatl\u0131k\/i\u00e7sel bilgelik yoluyla ve i\u00e7sel g\u00fcc\u00fcyle h\u0131zl\u0131 bir \u015fekilde hizalad\u0131\u011f\u0131n\u0131 alg\u0131l\u0131yorum. Bu kodlar\u0131n ilk uygulay\u0131c\u0131lar\u0131ndan olmak \u00e7ok b\u00fcy\u00fck bir \u015f\u00fckran hissi getiriyor. Nas\u0131l bu kadar \u015fansl\u0131 oldum? \u00c7ok te\u015fekk\u00fcrler Ba\u015fakc\u0131m \u00f6zenli ve detayl\u0131 bir \u015fekilde bilgilerini ve bilgeli\u011fini c\u00f6mert\u00e7e aktard\u0131\u011f\u0131n i\u00e7in.\u201d <a href=\"https:\/\/www.instagram.com\/kubra.kaya.ile.dengevedonusum\/\" target=\"_blank\" rel=\"noopener\">K\u00fcbra Kaya<\/a>, Power Codes ve Sun Codes Uygulay\u0131c\u0131<\/p>\n<p>\u201dPower Codes ile sigaray\u0131 azaltan dan\u0131\u015fan\u0131ma d\u00fcn ak\u015fam Sun Codes seans\u0131 yapt\u0131m ve bug\u00fcn hi\u00e7 sigara i\u00e7memi\u015f \ud83d\ude4f\ud83e\udd29 Power Codes seanslar\u0131nda da duygu sal\u0131n\u0131m\u0131n\u0131 \u00e7ok net hissediyor normalde ama bug\u00fcn b\u00fct\u00fcn g\u00fcn duygu sal\u0131n\u0131m\u0131n\u0131 hissetti. \u00c7al\u0131\u015fan kodlar ile sal\u0131n\u0131m\u0131n\u0131 hissetti\u011fi duygular\u0131 e\u015f zamanl\u0131 tariflemesi harikayd\u0131 \ud83c\udfaf\ud83c\udfaf\ud83c\udfaf\u201d <a href=\"https:\/\/www.instagram.com\/mucizeleri.kucakla\/\" target=\"_blank\" rel=\"noopener\">Tu\u011fba Da\u015fg\u0131n Ta\u015fdemir<\/a>, Power Codes ve Sun Codes Uygulay\u0131c\u0131<\/p>\n<p>&#8220;Sun Codes \u00e7al\u0131\u015fmay\u0131 \u00e7ok seviyorum; bir Power Codes uygulay\u0131c\u0131s\u0131 olarak s\u00f6yleyebilirim ki Power Codes muhte\u015fem sonu\u00e7lar veriyor, ancak eklenen Sun Codes ile etkiler bu kadar geni\u015f bir kapsamda, pek \u00e7ok d\u00fczeyde \u00e7ok derin oluyor. Bu y\u00f6ntemin benim uygulad\u0131\u011f\u0131m sistemlerde olmas\u0131ndan dolay\u0131 \u00e7ok minnettar\u0131m. Tam bir alet kutusu.&#8221; <a href=\"https:\/\/www.facebook.com\/yoderdawn\" target=\"_blank\" rel=\"noopener\">Dawn Yoder<\/a>, ABD, Power Codes, Protokoller ve Sun Codes Uygulay\u0131c\u0131s\u0131<\/p>\n<p>Daha fazla yorum i\u00e7in <a href=\"https:\/\/healing.codes\/tr\/power-codes-uygulayici-yorumlari\/\">Power Codes Uygulay\u0131c\u0131 Yorumlar\u0131 sayfas\u0131n\u0131<\/a> inceleyin.<\/p>\n","protected":false},"excerpt":{"rendered":"<p>Bu program,\u00a0<a href=\"https:\/\/healing.codes\/tr\/power-codes-uygulayici-programi\/\" target=\"_blank\" rel=\"noopener\">Power Codes Uygulay\u0131c\u0131 Program\u0131n\u0131<\/a> tamamlam\u0131\u015f uygulay\u0131c\u0131lar i\u00e7indir.<\/p>\n<p>\u0130LER\u0130 SEV\u0130YE SUN CODES: 2 g\u00fcnl\u00fck online video ileti\u015fimi i\u00e7eren grup \u00e7al\u0131\u015fmas\u0131d\u0131r.<\/p>\n<ul>\n<li>Enerjik ar\u0131nmada Sun Codes kullanman\u0131n temelleri<\/li>\n<li>130&#8217;dan fazla Yeni \u0130leri Seviye kod: Sun Codes<\/li>\n<li>Galaktik versiyonunuzu ve etraf\u0131n\u0131z\u0131 Sun Codes frekanslar\u0131 ile ar\u0131nd\u0131rmaya ba\u015flay\u0131n<\/li>\n<li>Komple enerji ar\u0131nma paketi<\/li>\n<li>Enerjiyi do\u011fal olarak d\u00fczeltir ve dengeler<\/li>\n<li>Enerji terapistleri ve hayat\u0131n\u0131 radikal olarak d\u00f6n\u00fc\u015ft\u00fcrmek isteyen herkes i\u00e7in uygundur<\/li>\n<li>Derin enerji temizli\u011fi<\/li>\n<li>412 tane konuyu d\u00fczeltip dengelemeyi \u00f6\u011frenin<\/li>\n<li>Y\u00fcksek frekansta ya\u015famak i\u00e7in h\u0131zl\u0131 sonu\u00e7lar elde edin<\/li>\n<li>S\u00fcrekli ne\u015fe, huzur ve ilahi sevgi ile Yarat\u0131c\u0131m\u0131za ba\u011flan\u0131n<\/li>\n<li>Sezgiyi geli\u015ftirir ve bilinci en y\u00fcksek seviyelere ba\u011flar<\/li>\n<li>Power Codes \u0130leri Seviye Uygulay\u0131c\u0131s\u0131 olun<\/li>\n<li>\u0130leri Seviye Power Codes Seans\u0131 (Kas testi gerekmeden) &#8211; O kadar kolay ki 5 ya\u015f\u0131ndaki birisi bile yapabilir!<\/li>\n<li>\u00dcnl\u00fc 5 Kelimelik Enerjik Ar\u0131nma Seans\u0131 &#8211; Sadece kelimeleri hat\u0131rlayarak t\u00fcm Power Codes Protokol\u00fcne hakim olun<\/li>\n<\/ul>\n<p>\u00d6N\u015eART: Bu program,\u00a0<a href=\"https:\/\/healing.codes\/tr\/power-codes-uygulayici-programi\/\" target=\"_blank\" rel=\"noopener\">Power Codes Uygulay\u0131c\u0131 Program\u0131n\u0131<\/a> tamamlam\u0131\u015f uygulay\u0131c\u0131lar i\u00e7indir. Temel Mod\u00fcl Sonras\u0131 Sun Codes Program\u0131na kat\u0131labilirsiniz.<\/p>\n<p>PROGRAMDA NELER VAR: 2 canl\u0131 zoom toplant\u0131s\u0131 ve kay\u0131tlar, toplam 8 saatlik i\u00e7erik, yaz\u0131l\u0131 materyaller ve program\u0131 tamamlama sertifikas\u0131.<\/p>\n<p>Sun Codes yan\u0131nda, Temel program\u0131 tamamlad\u0131ktan sonra <a href=\"https:\/\/healing.codes\/tr\/power-codes-protokolleri\/\" target=\"_blank\" rel=\"noopener\">Power Codes Protokollerini<\/a> de al\u0131p seans uygulama kapasitenizi geni\u015fletebilirsiniz. Power Codes Temel Uygulay\u0131c\u0131 Mod\u00fcl\u00fc ve Sun Codes Program\u0131, Power Codes protokollerini i\u00e7ermez. Ayr\u0131 olarak sunulan ileri mod\u00fcl Power Codes protokolleri: Total Energy Reset Protokol\u00fc, \u0130li\u015fkileri Onarmak Protokol\u00fc, Zenginlik ve Para Ak\u0131\u015f\u0131 Protokol\u00fc, \u0130deal Kilo Protokol\u00fc ve Mucize Enerji Protokol\u00fc.<\/p>\n","protected":false},"featured_media":5528,"comment_status":"open","ping_status":"closed","template":"","meta":[],"product_cat":[69,75,70],"product_tag":[],"class_list":{"0":"post-5526","1":"product","2":"type-product","3":"status-publish","4":"has-post-thumbnail","6":"product_cat-etkinlik-ve-atolyeler","7":"product_cat-kisisel-sifalanma","8":"product_cat-total-energy-reset","10":"first","11":"instock","12":"virtual","13":"purchasable","14":"product-type-simple"},"aioseo_notices":[],"_links":{"self":[{"href":"https:\/\/healing.codes\/tr\/wp-json\/wp\/v2\/product\/5526","targetHints":{"allow":["GET"]}}],"collection":[{"href":"https:\/\/healing.codes\/tr\/wp-json\/wp\/v2\/product"}],"about":[{"href":"https:\/\/healing.codes\/tr\/wp-json\/wp\/v2\/types\/product"}],"replies":[{"embeddable":true,"href":"https:\/\/healing.codes\/tr\/wp-json\/wp\/v2\/comments?post=5526"}],"wp:featuredmedia":[{"embeddable":true,"href":"https:\/\/healing.codes\/tr\/wp-json\/wp\/v2\/media\/5528"}],"wp:attachment":[{"href":"https:\/\/healing.codes\/tr\/wp-json\/wp\/v2\/media?parent=5526"}],"wp:term":[{"taxonomy":"product_cat","embeddable":true,"href":"https:\/\/healing.codes\/tr\/wp-json\/wp\/v2\/product_cat?post=5526"},{"taxonomy":"product_tag","embeddable":true,"href":"https:\/\/healing.codes\/tr\/wp-json\/wp\/v2\/product_tag?post=5526"}],"curies":[{"name":"wp","href":"https:\/\/api.w.org\/{rel}","templated":true}]}}