{"id":5678,"date":"2024-10-08T15:02:49","date_gmt":"2024-10-08T12:02:49","guid":{"rendered":"https:\/\/healing.codes\/?post_type=product&#038;p=5678"},"modified":"2025-12-07T22:15:02","modified_gmt":"2025-12-07T19:15:02","slug":"kuantum-ziplamasi-atolyesi","status":"publish","type":"product","link":"https:\/\/healing.codes\/tr\/product\/kuantum-ziplamasi-atolyesi\/","title":{"rendered":"&#8220;Kuantum Z\u0131plamas\u0131&#8221; Paralel D\u00fcnyan\u0131 Ke\u015ffet At\u00f6lyesi"},"content":{"rendered":"<p>Kuantum Z\u0131plamas\u0131 bilgileri, Power Codes ve meditasyonun g\u00fcc\u00fcn\u00fc kullanarak hayat\u0131n\u0131z\u0131 d\u00f6n\u00fc\u015ft\u00fcrmeye haz\u0131r m\u0131s\u0131n\u0131z?<\/p>\n<p>Power Codes seans\u0131 fiziksel, duygusal, zihinsel ve enerjik bedenlerde \u00e7al\u0131\u015fmaktad\u0131r. Power Codes hakk\u0131nda bilgi i\u00e7in<a href=\"https:\/\/healing.codes\/tr\/power-codes-teknigi\/\">\u00a0bu sayfay\u0131 inceleyin.\u00a0<\/a><br \/>\n<strong><br \/>\n<\/strong><strong>AT\u00d6LYE KONULARI:<\/strong><strong><br \/>\n<\/strong><br \/>\n*Kuantum Z\u0131plamas\u0131 nedir?<br \/>\n*Kuantum z\u0131plamas\u0131 nas\u0131l yap\u0131l\u0131r?<br \/>\n*Kuantum z\u0131plamas\u0131n\u0131 kolayla\u015ft\u0131r\u0131c\u0131 \u00f6zel Power Codes seans\u0131<br \/>\n*Kuantum z\u0131plamas\u0131 deneyimi i\u00e7in meditasyon<br \/>\n*Ge\u00e7mi\u015f ve gelece\u011fe kuantum z\u0131plamas\u0131 yapmak<br \/>\n*Y\u00fcksek fark\u0131ndal\u0131k ve yeni n\u00f6ron ba\u011flar\u0131n g\u00fc\u00e7lendirilmesi<br \/>\n*Frekans y\u00fckseltici bir at\u00f6lye deneyimi<\/p>\n<p>Ruhunun ya\u015fad\u0131\u011f\u0131 di\u011fer paralel d\u00fcnyalar\u0131n\u0131 ke\u015ffetmek isteyenleri at\u00f6lyemize bekliyoruz.<\/p>\n<p><strong>Ba\u015flang\u0131\u00e7 Tarihi:\u00a0<\/strong>Ders g\u00fcnleri i\u00e7in\u00a0<a href=\"mailto:healing@healing.codes\">healing@healing.codes<\/a>\u00a0\u00fcst\u00fcnden e-posta g\u00f6nderiniz.<\/p>\n<p><strong>Instagram kontak:<\/strong>\u00a0<a href=\"http:\/\/www.instagram.com\/matrixdeyasam\">www.instagram.com\/matrixdeyasam<\/a><br \/>\n<a href=\"http:\/\/www.instagram.com\/basakpirtini\" target=\"_blank\" rel=\"noopener\">www.instagram.com\/basakpirtini<\/a><br \/>\n<a href=\"http:\/\/www.instagram.com\/erenerencoskun\" target=\"_blank\" rel=\"noopener\">www.instagram.com\/erenerencoskun<\/a><\/p>\n<p><strong>At\u00f6lyeyi sunanlar:<\/strong><br \/>\nBa\u015fak Pirtini, Power Codes Geli\u015ftiricisi<br \/>\nEbru Co\u015fkun, Power Codes Analisti<\/p>\n<p>\u00d6NEML\u0130 UYARI: &#8220;At\u00f6lye ba\u015flad\u0131ktan sonra iade edilmez. Seanslar\u0131 sat\u0131n almadan ve Ba\u015fak Pirtini ile \u00e7al\u0131\u015fmaya ba\u015flamadan \u00d6NCE, onun sizin i\u00e7in DO\u011eRU uygulay\u0131c\u0131 oldu\u011funa karar vermeniz S\u0130Z\u0130N yarar\u0131n\u0131zad\u0131r.&#8221;<\/p>\n","protected":false},"excerpt":{"rendered":"<p><strong>&#8220;Kuantum Z\u0131plamas\u0131&#8221; Paralel D\u00fcnyan\u0131 Ke\u015ffet At\u00f6lyesi<\/strong>\u00a0<strong>kapsam\u0131:<\/strong><\/p>\n<ul>\n<li>At\u00f6lyeye \u00f6zel bilin\u00e7 y\u00fckseltici kanall\u0131kla gelen kuantum z\u0131plamas\u0131 bilgileri<\/li>\n<li>Kuantum Z\u0131plamas\u0131n\u0131 kolayla\u015ft\u0131r\u0131c\u0131 \u00f6zel Power Codes seans\u0131<\/li>\n<li>Bilin\u00e7 y\u00fckseltici evrensel kadim bilgiler<\/li>\n<li>Bilin\u00e7 y\u00fckseltici \u00f6zel meditasyon ak\u0131\u015f\u0131<\/li>\n<li>Toplam 6 saatlik at\u00f6lye<\/li>\n<\/ul>\n<p>&nbsp;<\/p>\n<p>Matrix hayat\u0131nda ba\u015far\u0131l\u0131 olman\u0131n bir yolu sonsuz paralel versiyonlar\u0131m\u0131z\u0131n deneyimlerini bu hayata \u00e7ekmekten ge\u00e7iyor. Bu hayatta ba\u015farmak istedi\u011fimiz her konuda bilgili ve deneyimli bir paralel versiyonumuz var. Bu versiyonlar\u0131m\u0131zla kuantum z\u0131plamas\u0131 (Quantum Jumping) yaparak ileti\u015fim kurabilir, onlarla konu\u015fabilir, merak etti\u011fimiz konularda bulduklar\u0131 \u00e7\u00f6z\u00fcmleri dan\u0131\u015fabiliriz. \u0130stedi\u011finiz bir \u015feyi sizden \u00f6nce ba\u015farm\u0131\u015f kendinizden daha iyi bir rehber olabilir mi?<\/p>\n<p>Toplam 3 derslik bu at\u00f6lyede kuantum z\u0131plamas\u0131 yapmak hakk\u0131ndaki sorular\u0131n\u0131za cevaplar\u0131 bulacaks\u0131n\u0131z. At\u00f6lye i\u00e7eri\u011fi i\u00e7in altta a\u00e7\u0131klamay\u0131 okuyunuz.<\/p>\n<p><strong>Ba\u015flang\u0131\u00e7 Tarihi:\u00a0<\/strong>Ders g\u00fcnleri i\u00e7in\u00a0<a href=\"mailto:healing@healing.codes\">healing@healing.codes<\/a>\u00a0\u00fcst\u00fcnden e-posta g\u00f6nderiniz.<\/p>\n<p><strong>Instagram kontak:<\/strong>\u00a0<a href=\"http:\/\/www.instagram.com\/matrixdeyasam\">www.instagram.com\/matrixdeyasam<\/a><br \/>\n<a href=\"http:\/\/www.instagram.com\/basakpirtini\" target=\"_blank\" rel=\"noopener\">www.instagram.com\/basakpirtini<\/a><br \/>\n<a href=\"http:\/\/www.instagram.com\/erenerencoskun\" target=\"_blank\" rel=\"noopener\">www.instagram.com\/erenerencoskun<\/a><\/p>\n<p>At\u00f6lye ve meditasyonlarla ilgili bilgi ve yorumlar i\u00e7in\u00a0<a href=\"https:\/\/healing.codes\/tr\/atolyeler\/\">At\u00f6lyeler sayfas\u0131n\u0131<\/a>\u00a0inceleyin.<\/p>\n<p><a href=\"https:\/\/www.shopier.com\/powercodesanalyst\/30166040\" target=\"_blank\" rel=\"noopener\">BU \u00dcR\u00dcN\u00dc SHOPIER \u00dcST\u00dcNDEN ALMAK \u0130\u00c7\u0130N TIKLAYINIZ.<\/a><\/p>\n","protected":false},"featured_media":5995,"comment_status":"open","ping_status":"closed","template":"","meta":[],"product_cat":[69,75,76,74],"product_tag":[],"class_list":{"0":"post-5678","1":"product","2":"type-product","3":"status-publish","4":"has-post-thumbnail","6":"product_cat-etkinlik-ve-atolyeler","7":"product_cat-kisisel-sifalanma","8":"product_cat-seanslar","9":"product_cat-yeni-dunya-sifa-kodlari","11":"first","12":"outofstock","13":"virtual","14":"purchasable","15":"product-type-simple"},"aioseo_notices":[],"_links":{"self":[{"href":"https:\/\/healing.codes\/tr\/wp-json\/wp\/v2\/product\/5678","targetHints":{"allow":["GET"]}}],"collection":[{"href":"https:\/\/healing.codes\/tr\/wp-json\/wp\/v2\/product"}],"about":[{"href":"https:\/\/healing.codes\/tr\/wp-json\/wp\/v2\/types\/product"}],"replies":[{"embeddable":true,"href":"https:\/\/healing.codes\/tr\/wp-json\/wp\/v2\/comments?post=5678"}],"wp:featuredmedia":[{"embeddable":true,"href":"https:\/\/healing.codes\/tr\/wp-json\/wp\/v2\/media\/5995"}],"wp:attachment":[{"href":"https:\/\/healing.codes\/tr\/wp-json\/wp\/v2\/media?parent=5678"}],"wp:term":[{"taxonomy":"product_cat","embeddable":true,"href":"https:\/\/healing.codes\/tr\/wp-json\/wp\/v2\/product_cat?post=5678"},{"taxonomy":"product_tag","embeddable":true,"href":"https:\/\/healing.codes\/tr\/wp-json\/wp\/v2\/product_tag?post=5678"}],"curies":[{"name":"wp","href":"https:\/\/api.w.org\/{rel}","templated":true}]}}