{"id":5949,"date":"2024-11-05T16:26:53","date_gmt":"2024-11-05T13:26:53","guid":{"rendered":"https:\/\/healing.codes\/?post_type=product&#038;p=5949"},"modified":"2025-12-07T21:06:32","modified_gmt":"2025-12-07T18:06:32","slug":"kalp-duvari-eritme-atolyesi","status":"publish","type":"product","link":"https:\/\/healing.codes\/tr\/product\/kalp-duvari-eritme-atolyesi\/","title":{"rendered":"Kalp Duvar\u0131 Eritme At\u00f6lyesi &#038; Kendi Kalbine Gir Meditasyonu"},"content":{"rendered":"<p>Power Codes Tekni\u011fi, kadim bilgiler ve meditasyon g\u00fcc\u00fcn\u00fc kullanarak hayat\u0131n\u0131z\u0131 d\u00f6n\u00fc\u015ft\u00fcrmeye haz\u0131r m\u0131s\u0131n\u0131z?<\/p>\n<p>Power Codes seans\u0131 fiziksel, duygusal, zihinsel ve enerjik bedenlerde \u00e7al\u0131\u015fmaktad\u0131r. Power Codes hakk\u0131nda bilgi i\u00e7in<a href=\"https:\/\/healing.codes\/tr\/power-codes-teknigi\/\"> bu sayfay\u0131 inceleyin.\u00a0<\/a><br \/>\n<strong><br \/>\n<\/strong>100 ki\u015fiden 93&#8217;\u00fcnde kalp duvar\u0131 var! Resimlerdeki belirtiler sende de varsa kalp duvar\u0131n olabilir! Ama \u00fcz\u00fclme binlerce ki\u015finin kalp duvar\u0131n\u0131 @thepowercodes Power Codes tekni\u011fi ile temizledik Kalp g\u00f6z\u00fcn\u00fc a\u00e7mak, kalbimizi dinlemek, kalbimizi takip etmek i\u00e7in bu ikili \u00e7al\u0131\u015fmay\u0131 mutlaka de\u011ferlendirmeni \u00f6neriyoruz.<\/p>\n<p><strong>KALP DUVARI ER\u0130TME AT\u00d6LYES\u0130:<\/strong><\/p>\n<p><strong>\u0130\u00e7erik:<\/strong> Olaylardan incinen kalbimizin etraf\u0131nda tutsak duygulardan bir duvar olu\u015fur.<\/p>\n<p>Kalp duvar\u0131;<\/p>\n<p>*Ba\u011f\u0131\u015f\u0131kl\u0131k ve enerjiyi d\u00fc\u015f\u00fcr\u00fcr<\/p>\n<p>*Bozuk sevgi mesajlar\u0131 verir<\/p>\n<p>*\u0130li\u015fkileri incitir, a\u015fk\u0131 yakalayamama yol a\u00e7ar<\/p>\n<p>*Yaln\u0131zl\u0131k yarat\u0131r<\/p>\n<p>*Yarat\u0131c\u0131l\u0131\u011f\u0131, ba\u015far\u0131y\u0131, bolluk bereketi engeller<\/p>\n<p>*Hayat amac\u0131n\u0131 bulamamaya yol a\u00e7ar.<\/p>\n<p>At\u00f6lyeye kat\u0131l\u0131p Power Codes ile kalp duvar\u0131n\u0131 eriterek hayat\u0131nda at\u0131l\u0131m ya\u015famaya haz\u0131r m\u0131s\u0131n?<\/p>\n<p><strong>KALB\u0130NE G\u0130R MED\u0130TASYONU:<\/strong><\/p>\n<p><strong>\u0130\u00e7erik:<\/strong> Kalp Ruhun kap\u0131s\u0131d\u0131r. Power Codes seans\u0131 ard\u0131ndan kalbinizin sesini dinlemeye, ruhunuzun liderli\u011fini izlemeye haz\u0131rsan\u0131z, kalp ba\u011flant\u0131n\u0131z\u0131 kurmak i\u00e7in bu at\u00f6lyeye \u00f6zel Ebru Co\u015fkun taraf\u0131ndan yaz\u0131lm\u0131\u015f muhte\u015fem bir fark\u0131ndal\u0131k meditasyonu deneyimlemeye bekliyoruz.<\/p>\n<p><strong>Ba\u015flang\u0131\u00e7 Tarihi: <\/strong>Ders g\u00fcnleri i\u00e7in <a href=\"mailto:healing@healing.codes\">healing@healing.codes<\/a> \u00fcst\u00fcnden e-posta g\u00f6nderiniz.<\/p>\n<p><strong>Instagram kontak:<\/strong> <a href=\"http:\/\/www.instagram.com\/matrixdeyasam\" target=\"_blank\" rel=\"noopener\">www.instagram.com\/matrixdeyasam<\/a><\/p>\n<p><strong>At\u00f6lyeyi sunanlar:<\/strong><br \/>\nBa\u015fak Pirtini, Power Codes Geli\u015ftiricisi<br \/>\nEbru Co\u015fkun, Power Codes Analisti<\/p>\n<p>\u00d6NEML\u0130 UYARI: &#8220;Power Codes seanslar\u0131 ba\u015flad\u0131ktan sonra iade edilmez. Seanslar\u0131 sat\u0131n almadan ve Ba\u015fak Pirtini ile \u00e7al\u0131\u015fmaya ba\u015flamadan \u00d6NCE, onun sizin i\u00e7in DO\u011eRU uygulay\u0131c\u0131 oldu\u011funa karar vermeniz S\u0130Z\u0130N yarar\u0131n\u0131zad\u0131r.&#8221;<\/p>\n","protected":false},"excerpt":{"rendered":"<p><strong>Kalp Duvar\u0131 Eritme At\u00f6lyesi ve Kalbine Gir Meditasyonu kapsam\u0131:<\/strong><\/p>\n<ul>\n<li>At\u00f6lyeye \u00f6zel bilin\u00e7 y\u00fckseltici Power Codes seans\u0131<\/li>\n<li>Bilin\u00e7 y\u00fckseltici Kalp duvar\u0131 bilgileri<\/li>\n<li>Bilin\u00e7 y\u00fckseltici at\u00f6lyeye \u00f6zel yaz\u0131lm\u0131\u015f kalp meditasyon ak\u0131\u015f\u0131<\/li>\n<li>3 saatlik at\u00f6lye<\/li>\n<\/ul>\n<p>\u0130ki b\u00fcy\u00fck \u00e7al\u0131\u015fma tek at\u00f6lyede bir arada. Tek gecelik bu \u00e7al\u0131\u015fmada, ar\u0131nma ve enerjik temizlik i\u00e7in Power Codes tekni\u011fi ile kalp duvar\u0131 eritme seans\u0131 yap\u0131lacakt\u0131r. Harika bilgilerle donat\u0131lm\u0131\u015f \u00e7al\u0131\u015fma muhte\u015fem bir kalbe giri\u015f meditasyonuyla sona erecektir. Bu y\u00fcksek fark\u0131ndal\u0131k dolu kalp \u00e7al\u0131\u015fmas\u0131na davetlisiniz.<\/p>\n<p>At\u00f6lye i\u00e7eri\u011fi i\u00e7in altta a\u00e7\u0131klamay\u0131 okuyunuz.<\/p>\n<p><strong>Ba\u015flang\u0131\u00e7 Tarihi: <\/strong>Ders g\u00fcnleri i\u00e7in <a href=\"mailto:healing@healing.codes\">healing@healing.codes<\/a> \u00fcst\u00fcnden e-posta g\u00f6nderiniz.<\/p>\n<p><strong>Instagram kontak:<\/strong> <a href=\"http:\/\/www.instagram.com\/matrixdeyasam\" target=\"_blank\" rel=\"noopener\">www.instagram.com\/matrixdeyasam<\/a><\/p>\n<p>At\u00f6lye ve meditasyonlarla ilgili bilgi ve yorumlar i\u00e7in\u00a0<a href=\"https:\/\/healing.codes\/tr\/atolyeler\/\">At\u00f6lyeler sayfas\u0131n\u0131<\/a>\u00a0inceleyin.<\/p>\n<p><a href=\"https:\/\/www.shopier.com\/powercodesanalyst\/30485927\" target=\"_blank\" rel=\"noopener\">BU \u00dcR\u00dcN\u00dc SHOPIER \u00dcST\u00dcNDEN ALMAK \u0130\u00c7\u0130N TIKLAYINIZ.<\/a><\/p>\n","protected":false},"featured_media":5957,"comment_status":"open","ping_status":"closed","template":"","meta":[],"product_cat":[69,75,76],"product_tag":[],"class_list":{"0":"post-5949","1":"product","2":"type-product","3":"status-publish","4":"has-post-thumbnail","6":"product_cat-etkinlik-ve-atolyeler","7":"product_cat-kisisel-sifalanma","8":"product_cat-seanslar","10":"first","11":"outofstock","12":"virtual","13":"purchasable","14":"product-type-simple"},"aioseo_notices":[],"_links":{"self":[{"href":"https:\/\/healing.codes\/tr\/wp-json\/wp\/v2\/product\/5949","targetHints":{"allow":["GET"]}}],"collection":[{"href":"https:\/\/healing.codes\/tr\/wp-json\/wp\/v2\/product"}],"about":[{"href":"https:\/\/healing.codes\/tr\/wp-json\/wp\/v2\/types\/product"}],"replies":[{"embeddable":true,"href":"https:\/\/healing.codes\/tr\/wp-json\/wp\/v2\/comments?post=5949"}],"wp:featuredmedia":[{"embeddable":true,"href":"https:\/\/healing.codes\/tr\/wp-json\/wp\/v2\/media\/5957"}],"wp:attachment":[{"href":"https:\/\/healing.codes\/tr\/wp-json\/wp\/v2\/media?parent=5949"}],"wp:term":[{"taxonomy":"product_cat","embeddable":true,"href":"https:\/\/healing.codes\/tr\/wp-json\/wp\/v2\/product_cat?post=5949"},{"taxonomy":"product_tag","embeddable":true,"href":"https:\/\/healing.codes\/tr\/wp-json\/wp\/v2\/product_tag?post=5949"}],"curies":[{"name":"wp","href":"https:\/\/api.w.org\/{rel}","templated":true}]}}