{"id":6109,"date":"2024-12-14T23:10:14","date_gmt":"2024-12-14T20:10:14","guid":{"rendered":"https:\/\/healing.codes\/?post_type=product&#038;p=6109"},"modified":"2025-12-07T21:24:45","modified_gmt":"2025-12-07T18:24:45","slug":"basic-jump-sifali-sulara-dalis-meditasyonu","status":"publish","type":"product","link":"https:\/\/healing.codes\/tr\/product\/basic-jump-sifali-sulara-dalis-meditasyonu\/","title":{"rendered":"&#8220;Basic Jump&#8221; \u015eifal\u0131 Sulara Dal\u0131\u015f Meditasyonu"},"content":{"rendered":"<p>Kuantum Z\u0131plamayla tan\u0131\u015fmak ister misiniz? Art\u0131k hasat zaman\u0131 ve kuantumda z\u0131plama yapmak kendimizi d\u00f6n\u00fc\u015ft\u00fcrmek i\u00e7in en h\u0131zl\u0131 yol!<\/p>\n<p>Power Codes seans\u0131 fiziksel, duygusal, zihinsel ve enerjik bedenlerde \u00e7al\u0131\u015fmaktad\u0131r. Power Codes hakk\u0131nda bilgi i\u00e7in<a href=\"https:\/\/healing.codes\/tr\/power-codes-teknigi\/\">\u00a0bu sayfay\u0131 inceleyin.\u00a0<\/a><br \/>\n<strong><br \/>\nAT\u00d6LYE KONULARI:<\/strong><\/p>\n<ul>\n<li>Kuantum Z\u0131plamas\u0131 nedir?<\/li>\n<li>At\u00f6lyeye \u00f6zel bilin\u00e7 y\u00fckseltici kanall\u0131kla gelen kuantum z\u0131plamas\u0131 bilgileri<\/li>\n<li>Kuantum z\u0131plamas\u0131 deneyimi i\u00e7in \u00f6zel meditasyon ak\u0131\u015f\u0131<\/li>\n<li>Kuantum z\u0131plama i\u00e7in \u00f6zel Power Codes deste\u011fi<\/li>\n<li>Y\u00fcksek fark\u0131ndal\u0131k ve yeni n\u00f6ron ba\u011flar\u0131n g\u00fc\u00e7lendirilmesi<\/li>\n<li>Frekans y\u00fckseltici bir at\u00f6lye deneyimi<\/li>\n<li>Tek g\u00fcn, toplam 2 saatlik \u00e7al\u0131\u015fma<\/li>\n<\/ul>\n<p>Ruhunun ya\u015fad\u0131\u011f\u0131 di\u011fer paralel d\u00fcnyalar\u0131 ke\u015ffetmek isteyenleri at\u00f6lyemize bekliyoruz.<\/p>\n<p><strong>Ba\u015flang\u0131\u00e7 Tarihi:\u00a0<\/strong>At\u00f6lye g\u00fcn\u00fc i\u00e7in <a href=\"mailto:healing@healing.codes\">healing@healing.codes<\/a>\u00a0\u00fcst\u00fcnden e-posta g\u00f6nderiniz.<\/p>\n<p><strong>Instagram kontak:<\/strong>\u00a0<a href=\"http:\/\/www.instagram.com\/matrixdeyasam\" target=\"_blank\" rel=\"noopener\">www.instagram.com\/matrixdeyasam<\/a><\/p>\n<p><strong>At\u00f6lyeyi sunanlar:<\/strong><br \/>\nBa\u015fak Pirtini, Power Codes Geli\u015ftiricisi<br \/>\nEbru Co\u015fkun, Power Codes Analisti<\/p>\n<p>\u00d6NEML\u0130 UYARI: &#8220;Power Codes seanslar\u0131, at\u00f6lye ve meditasyonlar ba\u015flad\u0131ktan sonra iade edilmez. Seanslar\u0131 sat\u0131n almadan ve Ba\u015fak Pirtini ile \u00e7al\u0131\u015fmaya ba\u015flamadan \u00d6NCE, onun sizin i\u00e7in DO\u011eRU uygulay\u0131c\u0131 oldu\u011funa karar vermeniz S\u0130Z\u0130N yarar\u0131n\u0131zad\u0131r.&#8221;<\/p>\n","protected":false},"excerpt":{"rendered":"<p><strong>Basic Jump At\u00f6lyesi kapsam\u0131:<\/strong><\/p>\n<ul>\n<li>At\u00f6lyeye \u00f6zel bilin\u00e7 y\u00fckseltici Power Codes seans\u0131<\/li>\n<li>Bilin\u00e7 y\u00fckseltici evrensel kadim bilgiler<\/li>\n<li>Bilin\u00e7 y\u00fckseltici \u00f6zel meditasyon ak\u0131\u015f\u0131<\/li>\n<li>2 saatlik at\u00f6lye<\/li>\n<\/ul>\n<p>Matrix hayat\u0131nda ba\u015far\u0131l\u0131 olman\u0131n bir yolu sonsuz paralel versiyonlar\u0131m\u0131za kuantum z\u0131plama yap\u0131p deneyimleri hayat\u0131m\u0131za \u00e7ekmekten ge\u00e7iyor.<\/p>\n<p>\u0130stedi\u011finiz bir \u015feyi sizden \u00f6nce ba\u015farm\u0131\u015f kendinizden daha iyi bir rehber olabilir mi?<\/p>\n<p>&#8220;Basic Jump&#8221; Kuantumda Z\u0131pla \u00e7al\u0131\u015fmas\u0131nda \u015eifal\u0131 Sulara Dal\u0131\u015f Meditasyonu ile harika bir deneyime haz\u0131r olun.<\/p>\n<p>\u0130lk defa gelecekler Kuantum Z\u0131plama deneyimlerken, daha \u00f6nceki \u00e7al\u0131\u015fmay\u0131 alanlar yepyeni bilgilerle devam edecekler.<br \/>\nAt\u00f6lye i\u00e7eri\u011fi i\u00e7in altta a\u00e7\u0131klamay\u0131 okuyunuz.<\/p>\n<p><strong>Ba\u015flang\u0131\u00e7 Tarihi:\u00a0<\/strong>Ders g\u00fcnleri i\u00e7in\u00a0<a href=\"mailto:healing@healing.codes\">healing@healing.codes<\/a>\u00a0\u00fcst\u00fcnden e-posta g\u00f6nderiniz.<\/p>\n<p><strong>Instagram kontak:<\/strong>\u00a0<a href=\"http:\/\/www.instagram.com\/matrixdeyasam\" target=\"_blank\" rel=\"noopener\">www.instagram.com\/matrixdeyasam<\/a><\/p>\n<p>At\u00f6lye ve meditasyonlarla ilgili bilgi \u00a0ve yorumlar i\u00e7in <a href=\"https:\/\/healing.codes\/tr\/atolyeler\/\">At\u00f6lyeler sayfas\u0131n\u0131<\/a> inceleyin.<\/p>\n<p><a href=\"https:\/\/www.shopier.com\/powercodesanalyst\" target=\"_blank\" rel=\"noopener\">BU \u00dcR\u00dcN\u00dc SHOPIER \u00dcST\u00dcNDEN ALMAK \u0130\u00c7\u0130N TIKLAYINIZ.<\/a><\/p>\n","protected":false},"featured_media":6095,"comment_status":"open","ping_status":"closed","template":"","meta":[],"product_cat":[69,75,76],"product_tag":[],"class_list":{"0":"post-6109","1":"product","2":"type-product","3":"status-publish","4":"has-post-thumbnail","6":"product_cat-etkinlik-ve-atolyeler","7":"product_cat-kisisel-sifalanma","8":"product_cat-seanslar","10":"first","11":"outofstock","12":"virtual","13":"purchasable","14":"product-type-simple"},"aioseo_notices":[],"_links":{"self":[{"href":"https:\/\/healing.codes\/tr\/wp-json\/wp\/v2\/product\/6109","targetHints":{"allow":["GET"]}}],"collection":[{"href":"https:\/\/healing.codes\/tr\/wp-json\/wp\/v2\/product"}],"about":[{"href":"https:\/\/healing.codes\/tr\/wp-json\/wp\/v2\/types\/product"}],"replies":[{"embeddable":true,"href":"https:\/\/healing.codes\/tr\/wp-json\/wp\/v2\/comments?post=6109"}],"wp:featuredmedia":[{"embeddable":true,"href":"https:\/\/healing.codes\/tr\/wp-json\/wp\/v2\/media\/6095"}],"wp:attachment":[{"href":"https:\/\/healing.codes\/tr\/wp-json\/wp\/v2\/media?parent=6109"}],"wp:term":[{"taxonomy":"product_cat","embeddable":true,"href":"https:\/\/healing.codes\/tr\/wp-json\/wp\/v2\/product_cat?post=6109"},{"taxonomy":"product_tag","embeddable":true,"href":"https:\/\/healing.codes\/tr\/wp-json\/wp\/v2\/product_tag?post=6109"}],"curies":[{"name":"wp","href":"https:\/\/api.w.org\/{rel}","templated":true}]}}