{"id":6128,"date":"2024-12-22T13:32:11","date_gmt":"2024-12-22T10:32:11","guid":{"rendered":"https:\/\/healing.codes\/?post_type=product&#038;p=6128"},"modified":"2025-12-07T20:45:06","modified_gmt":"2025-12-07T17:45:06","slug":"matrixde-yasam-atolyesi-2-3-paket","status":"publish","type":"product","link":"https:\/\/healing.codes\/tr\/product\/matrixde-yasam-atolyesi-2-3-paket\/","title":{"rendered":"Matrixde Ya\u015fam At\u00f6lyesi 2&#038;3 Paketi"},"content":{"rendered":"<p>Power Codes tekni\u011fi, kadim bilgiler ve meditasyon g\u00fcc\u00fcn\u00fc kullanarak hayat\u0131n\u0131z\u0131 d\u00f6n\u00fc\u015ft\u00fcrmeye haz\u0131r m\u0131s\u0131n\u0131z?<\/p>\n<p>Power Codes seans\u0131 fiziksel, duygusal, zihinsel ve enerjik bedenlerde \u00e7al\u0131\u015fmaktad\u0131r. Power Codes hakk\u0131nda bilgi i\u00e7in\u00a0<a href=\"https:\/\/healing.codes\/tr\/power-codes-teknigi\/\">bu sayfay\u0131 inceleyin.<\/a><\/p>\n<p><strong>At\u00f6lye i\u00e7eri\u011fi:<\/strong><\/p>\n<ul>\n<li>Ya\u015fad\u0131\u011f\u0131m\u0131z d\u00fcnyadaki saklanm\u0131\u015f bilgileri ke\u015ffedin.<\/li>\n<li>Hayat daha da zor ve karma\u015f\u0131k hale mi geliyor? Oyunun kurallar\u0131n\u0131 farkedip keyifli \u015fekilde tamamlamak i\u00e7in destek al\u0131n.<\/li>\n<li>Bir \u00fcst matrixe ge\u00e7mek i\u00e7in haz\u0131rlan\u0131n.<\/li>\n<li>Gelen bir\u00e7ok bilgi var hangisine g\u00fcvenelim? Sa\u011fl\u0131kl\u0131 entegrasyon nas\u0131l olur \u00f6\u011frenin.<\/li>\n<li>\u00dcst bilin\u00e7lerden yard\u0131m alarak ilerleyin.<\/li>\n<li>Kurban rol\u00fcnden bilin\u00e7li oyuncu rol\u00fcne \u00e7\u0131kmak i\u00e7in i\u00e7sel bilgilerinizi aktif edin.<\/li>\n<li>Her g\u00fcn y\u00fcksek frekansl\u0131 ruhsal bilgileri konu\u015fabilece\u011finiz bir topluluk i\u00e7inde olmay\u0131 deneyimleyin.<\/li>\n<li>D\u00fcnyan\u0131n \u00fczerindeki en h\u0131zl\u0131 ar\u0131nma tekni\u011fi olan Power Codes ile 8 seans \u00e7al\u0131\u015f\u0131n.<\/li>\n<li>Matrixdeki ya\u015fam\u0131n\u0131z\u0131 kolayla\u015ft\u0131r\u0131c\u0131 \u00f6zel olu\u015fturulmu\u015f meditasyonlar\u0131 \u00f6\u011frenin.<\/li>\n<\/ul>\n<p>&nbsp;<\/p>\n<p><strong>Ders Konular\u0131:<br \/>\n<\/strong>Matrix 2 konular\u0131 i\u00e7in <a href=\"https:\/\/healing.codes\/tr\/product\/matrixde-yasam-atolyesi2\/\">t\u0131klay\u0131n.<\/a><br \/>\nMatrix 3 konular\u0131 i\u00e7in <a href=\"https:\/\/healing.codes\/tr\/product\/matrixde-yasam-atolyesi-3\/\">t\u0131klay\u0131n.<\/a><\/p>\n<p><strong>At\u00f6lye ba\u015flang\u0131\u00e7 Tarihi: Ders g\u00fcnleri i\u00e7in <a href=\"mailto:healing@healing.codes\">healing@healing.codes<\/a> \u00fcst\u00fcnden e-posta g\u00f6nderiniz.<br \/>\nInstagram kontak: <a href=\"http:\/\/www.instagram.com\/matrixdeyasam\" target=\"_blank\" rel=\"noopener\">www.instagram.com\/matrixdeyasam<\/a><br \/>\n<\/strong>*Matrix 2&amp;3&#8217;e Matrix 1&#8217;i tamamland\u0131ktan sonra kat\u0131labilirsiniz. Her b\u00f6l\u00fcm 4 dersten olu\u015fmaktad\u0131r.<\/p>\n<p><strong>At\u00f6lyeyi sunanlar:<\/strong><br \/>\nBa\u015fak Pirtini, Power Codes Geli\u015ftiricisi<br \/>\nEbru Co\u015fkun, Power Codes Analisti<\/p>\n<p>\u00d6NEML\u0130 UYARI: &#8220;Power Codes seanslar\u0131 ba\u015flad\u0131ktan sonra iade edilmez. Seanslar\u0131 sat\u0131n almadan ve Ba\u015fak Pirtini ile \u00e7al\u0131\u015fmaya ba\u015flamadan \u00d6NCE, onun sizin i\u00e7in do\u011fru uygulay\u0131c\u0131 oldu\u011funa karar vermeniz S\u0130Z\u0130N yarar\u0131n\u0131zad\u0131r.&#8221;<\/p>\n<p><strong>YORUMLAR:<\/strong><\/p>\n<p>&#8220;Ben Matrix 1\u2019e kat\u0131ld\u0131m. Tam olarak Ebru\u2019nun dedi\u011fi gibi \u00e7ok b\u00fcy\u00fcl\u00fc bir alan bitti\u011finde insan \u00e7ok h\u00fcz\u00fcnleniyor \u00e7\u00fcnk\u00fc ger\u00e7ekten ayn\u0131 dili konu\u015fabildi\u011fin, <strong>seni anlayan insanlarla olabilmek \u00e7ok b\u00fcy\u00fck bir l\u00fctuf.<\/strong> Kodlar\u0131n ve meditasyonlar\u0131n etkisi muazzam, bug\u00fcn ders kayd\u0131n\u0131 yeniden dinlerken daha \u00f6nce idrak edemedi\u011fim \u015feyleri anlad\u0131m ve i\u00e7imde \u00e7ok g\u00fczel hisler uyand\u0131. \u0130kinci at\u00f6lyeyi sab\u0131rs\u0131zl\u0131kla bekliyorum, herkese can\u0131 g\u00f6n\u00fclden tavsiye ederim&#8221; Sezgi \u015een, Power Codes Uygulay\u0131c\u0131<\/p>\n<p>&#8220;Matrix 1, <a href=\"https:\/\/healing.codes\/tr\/product\/matrixde-yasam-atolyesi2\/\" target=\"_blank\" rel=\"noopener\">Matrix 2<\/a> ve devam etmekte olan <a href=\"https:\/\/healing.codes\/tr\/product\/matrixde-yasam-atolyesi-3\/\" target=\"_blank\" rel=\"noopener\">Matrix 3<\/a>&#8216;e kat\u0131ld\u0131m. resmen bilin\u00e7 s\u0131\u00e7ramas\u0131 ya\u015fad\u0131m, ya\u015f\u0131yorum. Daha \u00f6nceden hi\u00e7bir yerde duymad\u0131\u011f\u0131n\u0131z konular ve her hafta kat\u0131l\u0131m grubunuzun enerjisine uygun kodlar ve sonras\u0131nda hi\u00e7bir yerde olmayan <strong>meditasyonlarla y\u00fcksek benli\u011fimle her an ileti\u015fimde oldu\u011fumu hissediyorum.<\/strong> Ayr\u0131ca benim frekans\u0131m y\u00fckseldik\u00e7e \u00e7evremdeki insanlar\u0131n da enerjisinde bir y\u00fckselme oldu, daha sevgi dolu bir \u00e7evre yarat\u0131m s\u00fcrecine girdi, ailem ve i\u015f yerim olarak. <strong>Kendinize bir yat\u0131r\u0131m yap\u0131n ve Matrixde Ya\u015fam At\u00f6lyelerine kat\u0131l\u0131n.<\/strong> Matrix&#8217;in k\u00f6lesi olmay\u0131n. Matrix sizin k\u00f6leniz olsun :)&#8221; \u0130lknur K.<\/p>\n<p>&#8220;Biz depremle bitti\u011fini s\u00f6yledi\u011finiz \u015fehrin \u00e7ocuklar\u0131y\u0131z. Durum \u00e7ok k\u00f6t\u00fc dediklerinizde \u00e7ok hakl\u0131 olmak ile beraber ye\u015fertmek, umut olmak ve aya\u011fa kald\u0131rmak ta se\u00e7enek tabi konjonkt\u00fcrde nas\u0131l hissetti\u011fimizi biz belirliyoruz. <strong>Matrix At\u00f6lyesi bunu destekledi bende kurban psikolojisinden \u00e7\u0131k\u0131p ruhumun se\u00e7imlerini ya\u015famay\u0131 ve iyi deneyimleri e\u015f zamanl\u0131 hayat\u0131ma \u00e7ekme pratiklerim oldu.<\/strong> Ba\u015fak ve Ebru ikisi de \u00f6mr\u00fcme imza atan iki \u015fah\u0131s ve ben sadece kolektiften beslenmemeyi \u00f6\u011frendim Bir ki\u015finin enerji alan\u0131n\u0131n de\u011fi\u015fmesiyle ka\u00e7 ki\u015fiyi etkiledi\u011fini bizzat deneyimledim. Sevgiler. &#8221; <a href=\"https:\/\/www.instagram.com\/thetahealing_meryemce\/\" target=\"_blank\" rel=\"noopener\">Meryem Tuba Topal<\/a>, Power Codes Uygulay\u0131c\u0131<\/p>\n<p>&#8220;Ben de kesinlikle \u00f6neririm. <a href=\"https:\/\/healing.codes\/tr\/product\/matrixde-yasam-atolyesi2\/\">Matrix 2&#8217;yi<\/a> heyecanla bekliyorum. <strong>Power Codes daha da anlam ve de\u011fer kazan\u0131yor<\/strong>. \u0130yi ki vars\u0131n\u0131z, can\u0131m Ba\u015fak ve can\u0131m Ebru&#8221; <a href=\"https:\/\/www.instagram.com\/mehtap.isigi_meldakk\/\" target=\"_blank\" rel=\"noopener\">Melda K\u0131l\u0131\u00e7<\/a>, Power Codes Uygulay\u0131c\u0131<\/p>\n<p>&#8220;Sevgili Ba\u015fak\u2019tan iki ay <a href=\"https:\/\/healing.codes\/tr\/product\/power-codes-aylik-seans-ev-paketi\/\">aile paketi<\/a> ald\u0131ktan sonra matrix at\u00f6lyesine kat\u0131lma karar\u0131 vermi\u015ftim. <strong>Bu karar\u0131 verme sebebim de at\u00f6lyeye kat\u0131lan nerdeyse herkesin hayatlar\u0131nda ya\u015fad\u0131klar\u0131 de\u011fi\u015fimdi.<\/strong> B\u00fcy\u00fck bir merakla kat\u0131ld\u0131m De\u011fi\u015fikli\u011fi yaratan sebep ne olabilir diyordum. Bu alanlar\u0131n i\u00e7indeyiz ama nas\u0131l dilek dilememiz gerekti\u011fini bilmiyoruz da onu mu \u00f6\u011frenicez ne olacak diye merak ediyordum. \u0130lk at\u00f6lye g\u00fcn\u00fcnde bunun cevab\u0131 geldi. <strong>Ba\u015fak\u2019\u0131n \u00e7al\u0131\u015ft\u0131rd\u0131\u011f\u0131 d\u00f6rt kod ve Ebru&#8217;nun yapt\u0131rd\u0131\u011f\u0131n meditasyonundu at\u00f6lyeyi daha da \u00f6zel k\u0131lan.<\/strong> Niyet koyun dediniz bize. Ben kendimle ilgili birka\u00e7 bir \u015fey var ama hi\u00e7biri de\u011fi\u015fimi getirecek etkiye sahip de\u011fildi ve ben dedim ki bana ne olursa hayat\u0131m de\u011fi\u015fir? E\u015fimle birlikte i\u015fletti\u011fimiz enerjimizi emen i\u015f yerimiz sat\u0131l\u0131rsa bu etki olur dedim i\u00e7imden. Eyl\u00fcl ay\u0131 gibi tam imzalar at\u0131lacakken imzadan d\u00f6n\u00fclm\u00fc\u015ft\u00fc ve bu bende b\u00fcy\u00fck bir hayal k\u0131r\u0131kl\u0131\u011f\u0131 ya\u015fatm\u0131\u015ft\u0131. Sonras\u0131nda aradan zaman ge\u00e7iyor e\u015fim adamlarla tekrar anla\u015f\u0131yor ama bu sefer son g\u00fcne kadar bana s\u00f6ylemiyor ve at\u00f6lye Cuma g\u00fcn\u00fc bitti Pazartesi e\u015fim imzalar at\u0131l\u0131yor haberin olsun dedi. Sal\u0131 g\u00fcn\u00fc de imzalar\u0131 att\u0131k ay sonunda da devrettik. Bana ilgin\u00e7 geldi. B\u00fct\u00fcn bu ar\u0131nma s\u00fcre\u00e7leri at\u00f6lye ve ard\u0131ndan Power Codes \u00e7al\u0131\u015fmalar\u0131. <strong>Hayat\u0131nda de\u011fi\u015fime \u015fahitlik etmek isteyen arkada\u015flar\u0131m\u0131z varsa at\u00f6lye bana bu y\u00f6nde katk\u0131 sa\u011flad\u0131 Power Codes ile beraber.<\/strong>&#8221; <a href=\"https:\/\/www.instagram.com\/yolu_sevmek\" target=\"_blank\" rel=\"noopener\">Lalehan Topuz<\/a>, Power Codes Uygulay\u0131c\u0131<\/p>\n<p>&#8220;Hep kendimle \u00e7al\u0131\u015ft\u0131m. Ne kadar \u00e7ok i\u015fim varm\u0131\u015f. Power Codes&#8217;a bay\u0131l\u0131yooruuum. Mini mini zamanlar\u0131mda ne kadar \u00e7ok \u015fey biliyormu\u015fum. Sonraki d\u00f6nemlerde, bize dayat\u0131lanlar, psikopat k.b.l\u0131n zorlamas\u0131 ile unutulan can\u0131m bilgiler. Ergenlik \u00e7\u0131k\u0131\u015f\u0131 tekrar yollar\u0131m\u0131z\u0131n kesi\u015fmesi. Ve yine, dayat\u0131larak \u00f6\u011fretilenler nedeniyle ayr\u0131lan yollar. \u00a0Bu s\u00fcrede her zaman mini mini bulu\u015fmalar, hat\u0131rlatmalar. \u00a0Ama g\u00fcndemi iyi \u00f6\u011frenen ben. Ve bu g\u00fcndem bilgileri nedeniyle bu mini mini bulu\u015fmalardan hemen ayr\u0131lan, bilgilendirmeyi anlamamakta \u0131srar eden yine ben&#8230; Bu s\u00fcrede iyilik yapan yapan yapan sevgi kelebe\u011fi ben. Ama her zaman bir eksiklik, bir bo\u015fluk oldu\u011funu, gidilen yolun do\u011fru olmad\u0131\u011f\u0131n\u0131 hisseden, kendi do\u011frular\u0131n\u0131 ya\u015famak i\u00e7in sava\u015fan cengaver yine ben. M\u00fcthi\u015f bir m\u00fccadele, tek ba\u015f\u0131na, herkese kar\u015f\u0131 ama herkesle birlikte ya\u015famak zorunda olan ben. \u00a0Hislerim beni u\u00e7ururken, \u00f6\u011fretilenler sonucu olu\u015fan k\u00f6k inan\u00e7lar, blokajlar, ruhsal anla\u015fmalar beni sabitliyordu. Tabii ben o zaman bu kavramlar\u0131n isimlerini dahi bilmiyordum.<strong> Veee ya\u015fam\u0131m\u0131 g\u00fczelle\u015ftiren Power Codes Seanslar\u0131.<\/strong> Hem de \u00e7ok. Sonra <a href=\"https:\/\/healing.codes\/tr\/power-codes-uygulayici-programi\/\">Power Codes Uygulay\u0131c\u0131 Program\u0131<\/a>&#8230; Bu programa \u00fc\u00e7\u00fcnc\u00fc kat\u0131l\u0131m\u0131m. Program canl\u0131 gibi. Sevgili I\u015f\u0131k Arkada\u015flar\u0131m, geli\u015ftik\u00e7e sevgili e\u011fitimimden faydalar\u0131m her defas\u0131nda art\u0131yor. Matrixde Ya\u015fam At\u00f6lyesi 1,\u00a0 Matrixde Ya\u015fam At\u00f6lyesi 1,\u00a0 <a href=\"https:\/\/healing.codes\/tr\/product\/matrixde-yasam-atolyesi2\/\">Matrixde Ya\u015fam At\u00f6lyesi 2<\/a>. <strong>\u00dcstelik Matrixde Ya\u015fam At\u00f6lyesi 1&#8217;i\u00a0 beeeen ikinci defa yine ald\u0131m<\/strong> (\u0130kinci defa at\u00f6lyenin \u00fccretli oldu\u011funu belirtiyorum). Veee Total Enerji Reset Protokol\u00fc Sevgili Ba\u015fak, Sevgin, Adaletin, Payla\u015f\u0131m\u0131n, \u00c7oook Sevgin, Anlay\u0131\u015f\u0131n&#8230; yani Varl\u0131\u011f\u0131n i\u00e7in \u00e7ok te\u015fekk\u00fcr ediyorum. Sevgili I\u015f\u0131k Arkada\u015flar\u0131m Varl\u0131\u011f\u0131n\u0131za minnettar\u0131m. L\u00fctfen ya\u015fad\u0131klar\u0131n\u0131z\u0131, geli\u015fmelerinizi payla\u015f\u0131r m\u0131s\u0131n\u0131z. Payla\u015f\u0131ld\u0131k\u00e7a bilgilerim, tecr\u00fcbelerim art\u0131yor. Veee <a href=\"https:\/\/healing.codes\/tr\/total-energy-reset-protokolu\/\">Total Enerji Reset Protokol\u00fcn\u00fc<\/a> \u00e7ok \u00e7ok \u00e7ok \u00f6neriyorum. Sizi \u00e7ok seviyorum Size kalbimden sevgi, \u015fefkat enerjisi g\u00f6nderiyorum.&#8221; <a href=\"https:\/\/www.instagram.com\/okyanusozgur89\/\" target=\"_blank\" rel=\"noopener\">Handan Akcan<\/a>, Power Codes Uygulay\u0131c\u0131<\/p>\n","protected":false},"excerpt":{"rendered":"<p><strong>Matrixde Ya\u015fam At\u00f6lyesi kapsam\u0131:<\/strong><\/p>\n<ul>\n<li>8 tane at\u00f6lyeye \u00f6zel bilin\u00e7 y\u00fckseltici Power Codes seans\u0131<\/li>\n<li>Bilin\u00e7 y\u00fckseltici evrensel kadim bilgiler<\/li>\n<li>Bilin\u00e7 y\u00fckseltici \u00f6zel meditasyon ak\u0131\u015f\u0131<\/li>\n<li>60 g\u00fcn boyunca whatsap grup deste\u011fi<\/li>\n<\/ul>\n<p>&nbsp;<\/p>\n<p>Toplam 8 hafta boyunca, haftada 1 kez yap\u0131lacak zoom online canl\u0131 derslerde bilin\u00e7alt\u0131 temizli\u011fi seans\u0131, bilgi aktar\u0131m\u0131 ve meditasyon \u00e7al\u0131\u015fmas\u0131 ile matrixdeki ya\u015fam\u0131n\u0131z\u0131 grup sinerjisi i\u00e7inde d\u00f6n\u00fc\u015ft\u00fcrmeye haz\u0131r m\u0131s\u0131n\u0131z?<\/p>\n<p>Hastalanmamak, zengin olmay\u0131 bilmek, sevgi hissini en derin haliyle deneyimlemek, huzurlu olmak, kayg\u0131y\u0131 terk etmek ve matrixde ya\u015famay\u0131 y\u00f6netebilmek istiyorsan\u0131z bu at\u00f6lye tam size g\u00f6re!<\/p>\n<p><strong>Ba\u015flang\u0131\u00e7 Tarihi: Ders g\u00fcnleri i\u00e7in <a href=\"mailto:healing@healing.codes\">healing@healing.codes<\/a> \u00fcst\u00fcnden e-posta g\u00f6nderiniz.<\/strong><\/p>\n<p>Instagram kontak: <a href=\"http:\/\/www.instagram.com\/matrixdeyasam\" target=\"_blank\" rel=\"noopener\">www.instagram.com\/matrixdeyasam<\/a><\/p>\n<p>At\u00f6lye ve meditasyonlarla ilgili bilgi \u00a0ve yorumlar i\u00e7in <a href=\"https:\/\/healing.codes\/tr\/atolyeler\/\">At\u00f6lyeler sayfas\u0131n\u0131<\/a> inceleyin.<br \/>\n<a href=\"https:\/\/www.shopier.com\/powercodesanalyst\/30197232\" target=\"_blank\" rel=\"noopener\">BU \u00dcR\u00dcN\u00dc SHOPIER \u00dcST\u00dcNDEN ALMAK \u0130\u00c7\u0130N TIKLAYINIZ.<\/a><\/p>\n","protected":false},"featured_media":6009,"comment_status":"open","ping_status":"closed","template":"","meta":[],"product_cat":[69,75,76],"product_tag":[],"class_list":{"0":"post-6128","1":"product","2":"type-product","3":"status-publish","4":"has-post-thumbnail","6":"product_cat-etkinlik-ve-atolyeler","7":"product_cat-kisisel-sifalanma","8":"product_cat-seanslar","10":"first","11":"outofstock","12":"virtual","13":"purchasable","14":"product-type-simple"},"aioseo_notices":[],"_links":{"self":[{"href":"https:\/\/healing.codes\/tr\/wp-json\/wp\/v2\/product\/6128","targetHints":{"allow":["GET"]}}],"collection":[{"href":"https:\/\/healing.codes\/tr\/wp-json\/wp\/v2\/product"}],"about":[{"href":"https:\/\/healing.codes\/tr\/wp-json\/wp\/v2\/types\/product"}],"replies":[{"embeddable":true,"href":"https:\/\/healing.codes\/tr\/wp-json\/wp\/v2\/comments?post=6128"}],"wp:featuredmedia":[{"embeddable":true,"href":"https:\/\/healing.codes\/tr\/wp-json\/wp\/v2\/media\/6009"}],"wp:attachment":[{"href":"https:\/\/healing.codes\/tr\/wp-json\/wp\/v2\/media?parent=6128"}],"wp:term":[{"taxonomy":"product_cat","embeddable":true,"href":"https:\/\/healing.codes\/tr\/wp-json\/wp\/v2\/product_cat?post=6128"},{"taxonomy":"product_tag","embeddable":true,"href":"https:\/\/healing.codes\/tr\/wp-json\/wp\/v2\/product_tag?post=6128"}],"curies":[{"name":"wp","href":"https:\/\/api.w.org\/{rel}","templated":true}]}}