{"id":6805,"date":"2025-12-19T12:34:57","date_gmt":"2025-12-19T09:34:57","guid":{"rendered":"https:\/\/healing.codes\/?post_type=product&#038;p=6805"},"modified":"2025-12-19T13:22:51","modified_gmt":"2025-12-19T10:22:51","slug":"matrixde-mukemmel-beden-atolyesi","status":"publish","type":"product","link":"https:\/\/healing.codes\/tr\/product\/matrixde-mukemmel-beden-atolyesi\/","title":{"rendered":"Matrixde M\u00fckemmel Beden At\u00f6lyesi (Turkish)"},"content":{"rendered":"<p>Bu Matrixe farkl\u0131 \u0131rklardan, farkl\u0131 d\u00fcnyalardan, farkl\u0131 teknolojiler kullanarak geldiniz.<br \/>\nBelki de bu matrixde \u0131rk\u0131n\u0131z\u0131n tek temsilcisi sizsiniz.<br \/>\nDi\u011fer hi\u00e7kimseye verilen tavsiyeler sizin i\u00e7in ge\u00e7erli de\u011fil.<br \/>\n\u0130\u015fte tam da bu y\u00fczden bu at\u00f6lyeye kay\u0131t oldu\u011funuzda i\u00e7sel bilgileriniz bize akmaya ba\u015fl\u0131yor, at\u00f6lye canl\u0131 yaz\u0131l\u0131yor. .<br \/>\nPeki nas\u0131l beslenecek, nas\u0131l hareket edeceksiniz, hangi \u00fcr\u00fcnler ger\u00e7ekten size uyuyor?<br \/>\nMatrixde size sunulan y\u00fczlerce egzersiz ve beslenme program\u0131, takviyeler, uzman \u00f6nerileri var. Hangisini takip edeceksiniz?<br \/>\nBuras\u0131 bir sim\u00fclasyonsa, bedeniniz de \u00e7ok \u00f6zel bir avatar, Matrixde M\u00fckemmel Bedeninizle bulu\u015fmaya davetlisiniz!<\/p>\n<p><strong>At\u00f6lyeyi sunanlar:<\/strong><br \/>\nBa\u015fak Pirtini, Power Codes tekni\u011fini geli\u015ftirmi\u015f olup, 3 k\u0131z\u0131n\u0131 do\u011fal do\u011fumla d\u00fcnyaya getirmi\u015f, 17 y\u0131ld\u0131r \u015fehirde kimyasal ila\u00e7s\u0131z do\u011fal yollarla b\u00fcy\u00fctme deneyimine sahiptir ve do\u011fal ebeveynli\u011fi anlatt\u0131\u011f\u0131 &#8220;Do\u011fal Annelik Yolunda&#8221; isimli kitab\u0131n yazar\u0131d\u0131r.<\/p>\n<p>Ebru Co\u015fkun, Power Codes analisti, 30 y\u0131l boyunca y\u00fczlerce \u015fehir ve \u00fclkeye yapt\u0131\u011f\u0131 i\u015f gezilerinde emekli olana kadar farkl\u0131 co\u011frafyalarda sa\u011fl\u0131k dolu ve y\u00fcksek performansla ya\u015faman\u0131n yollar\u0131n\u0131 ke\u015ffetmi\u015ftir.<\/p>\n<p>Ba\u015fak ve Ebru ikisi birlikte bu yeni at\u00f6lyede d\u00fcnya matrixinde beden fark\u0131ndal\u0131\u011f\u0131n\u0131 m\u00fckemmel bir \u015fekilde y\u00f6netmeyi kat\u0131lanlara anlatacaklar.<\/p>\n<p><strong>Ba\u015flang\u0131\u00e7 Tarihi:<\/strong> \u00c7al\u0131\u015fma g\u00fcn\u00fc i\u00e7in healing@healing.codes \u00fcst\u00fcnden e-posta g\u00f6nderiniz.<\/p>\n<p><strong>Instagram kontak:<\/strong> <a href=\"http:\/\/www.instagram.com\/matrixdeyasam\" target=\"_blank\" rel=\"noopener\">www.instagram.com\/matrixdeyasam<\/a><\/p>\n<p>\u00d6NEML\u0130 UYARI: &#8220;At\u00f6lyeler ba\u015flad\u0131ktan sonra para iadesi yoktur. At\u00f6lyeler bilgi, seans ve meditasyon i\u00e7erdi\u011fi i\u00e7in sat\u0131n almadan \u00f6nce Ba\u015fak Pirtini ve Ebru Co\u015fkun uygulay\u0131c\u0131lar\u0131n\u0131n sizin i\u00e7in do\u011fru ki\u015filer oldu\u011fundan emin olunuz.&#8221;<\/p>\n","protected":false},"excerpt":{"rendered":"<ul>\n<li>Matrixde binek arac\u0131m\u0131z Avatar Bedenimizi nas\u0131l sa\u011fl\u0131kl\u0131 tutar\u0131z?<\/li>\n<li>Matrix D\u00fcnyas\u0131nda Beden mi Ruh mu? En \u00f6nemli par\u00e7am\u0131z hangisi?<\/li>\n<li>Optimal sa\u011fl\u0131\u011f\u0131m\u0131zda ya\u015famak i\u00e7in nas\u0131l beslenmeli, hangi kozmetikleri kullanmal\u0131 ve hangi takviyeleri almal\u0131y\u0131z?\n<p>Bedenin ve Sen, Hayat\u0131n\u0131 de\u011fi\u015ftirecek bilgiler ve G\u00fcnl\u00fck pratikler i\u00e7in bu at\u00f6lyeye davetlisin.At\u00f6lye i\u00e7eri\u011fi i\u00e7in altta a\u00e7\u0131klamay\u0131 okuyunuz.<\/p>\n<p><strong>Ba\u015flang\u0131\u00e7 Tarihi:\u00a0<\/strong>\u00c7al\u0131\u015fma g\u00fcn\u00fc i\u00e7in\u00a0<a href=\"mailto:healing@healing.codes\">healing@healing.codes<\/a>\u00a0\u00fcst\u00fcnden e-posta g\u00f6nderiniz.<\/p>\n<p><strong>Instagram kontak:<\/strong>\u00a0<a href=\"http:\/\/www.instagram.com\/matrixdeyasam\" target=\"_blank\" rel=\"noopener\">www.instagram.com\/matrixdeyasam<\/a><\/p>\n<p>T\u00fcm at\u00f6lye ve meditasyonlarla ilgili bilgi ve yorumlar i\u00e7in\u00a0<a href=\"https:\/\/healing.codes\/tr\/atolyeler\/\">At\u00f6lyeler sayfas\u0131n\u0131<\/a>\u00a0inceleyin.<\/p>\n<p><a href=\"https:\/\/www.shopier.com\/powercodesanalyst\" target=\"_blank\" rel=\"noopener\">BU \u00dcR\u00dcN\u00dc SHOPIER \u00dcST\u00dcNDEN ALMAK \u0130\u00c7\u0130N TIKLAYINIZ.<\/a><\/li>\n<\/ul>\n","protected":false},"featured_media":6809,"comment_status":"open","ping_status":"closed","template":"","meta":[],"product_cat":[69,75,76],"product_tag":[],"class_list":{"0":"post-6805","1":"product","2":"type-product","3":"status-publish","4":"has-post-thumbnail","6":"product_cat-etkinlik-ve-atolyeler","7":"product_cat-kisisel-sifalanma","8":"product_cat-seanslar","10":"first","11":"outofstock","12":"virtual","13":"purchasable","14":"product-type-simple"},"aioseo_notices":[],"_links":{"self":[{"href":"https:\/\/healing.codes\/tr\/wp-json\/wp\/v2\/product\/6805","targetHints":{"allow":["GET"]}}],"collection":[{"href":"https:\/\/healing.codes\/tr\/wp-json\/wp\/v2\/product"}],"about":[{"href":"https:\/\/healing.codes\/tr\/wp-json\/wp\/v2\/types\/product"}],"replies":[{"embeddable":true,"href":"https:\/\/healing.codes\/tr\/wp-json\/wp\/v2\/comments?post=6805"}],"wp:featuredmedia":[{"embeddable":true,"href":"https:\/\/healing.codes\/tr\/wp-json\/wp\/v2\/media\/6809"}],"wp:attachment":[{"href":"https:\/\/healing.codes\/tr\/wp-json\/wp\/v2\/media?parent=6805"}],"wp:term":[{"taxonomy":"product_cat","embeddable":true,"href":"https:\/\/healing.codes\/tr\/wp-json\/wp\/v2\/product_cat?post=6805"},{"taxonomy":"product_tag","embeddable":true,"href":"https:\/\/healing.codes\/tr\/wp-json\/wp\/v2\/product_tag?post=6805"}],"curies":[{"name":"wp","href":"https:\/\/api.w.org\/{rel}","templated":true}]}}